{"id":9178,"date":"2019-07-05T01:49:17","date_gmt":"2019-07-04T22:49:17","guid":{"rendered":"https:\/\/www.pirrion.gr\/?page_id=9178"},"modified":"2020-11-23T15:57:01","modified_gmt":"2020-11-23T13:57:01","slug":"komplette-gastfreundschaft-amp-dienstleistungen","status":"publish","type":"page","link":"https:\/\/www.pirrion.gr\/de\/komplette-gastfreundschaft-amp-dienstleistungen\/","title":{"rendered":"Komplette Gastfreundschaft &#038; Dienstleistungen"},"content":{"rendered":"<p>[vc_row css=&#8220;.vc_custom_1555023764586{margin-top: 50px !important;}&#8220;][vc_column width=&#8220;1\/5&#8243;][\/vc_column][vc_column width=&#8220;3\/5&#8243;][vc_column_text el_class=&#8220;pirrion-page-title&#8220;]<\/p>\n<h1>Komplette Gastfreundschaft &amp; Dienstleistungen<\/h1>\n<p>[\/vc_column_text][vc_column_text el_class=&#8220;center&#8220;]Das <strong>Pirrion wellness boutique hotel<\/strong>, preisgekr\u00f6ntes Bergresort von Zagori in Epirus mit Verweis auf das beste griechische Dorffr\u00fchst\u00fcck, wird f\u00fcr seine innovativen Praktiken sowie f\u00fcr kreative L\u00f6sungen im Gastgewerbe ausgezeichnet. Es unterscheidet sich durch die Qualit\u00e4t seiner Zimmer, das alternative Management der gesamten Hotelanlage mit ganzj\u00e4hrigem Betrieb, die ausgezeichnete Organisation, die Vielfalt seiner traditionellen Produkte, das agrotouristische Konzept und die Bereitschaft, touristische Angebote auf h\u00f6chstem Niveau und nach internationalen Standards anzubieten.[\/vc_column_text][vc_empty_space][\/vc_column][vc_column width=&#8220;1\/5&#8243;][\/vc_column][\/vc_row][vc_row equal_height=&#8220;yes&#8220; content_placement=&#8220;middle&#8220; css=&#8220;.vc_custom_1555074556654{margin-top: 30px !important;}&#8220;][vc_column offset=&#8220;vc_col-lg-6 vc_col-md-6&#8243; css=&#8220;.vc_custom_1554846427931{margin-bottom: 50px !important;}&#8220;]<div class=\"eltd-single-image-holder   eltd-image-behavior-zoom\">\n    <div class=\"eltd-si-inner\" >\n                                    <img fetchpriority=\"high\" decoding=\"async\" src=\"https:\/\/www.pirrion.gr\/wp-content\/uploads\/ypiresies-01-800x800.jpg\" alt=\"\u03a5\u03c0\u03b7\u03c1\u03b5\u03c3\u03af\u03b5\u03c2 - Pirrion Sweet Hospitality\" width=\"800\" height=\"800\" \/>                        <\/div>\n<\/div>[\/vc_column][vc_column offset=&#8220;vc_col-lg-6 vc_col-md-6&#8243;][vc_custom_heading text=&#8220;Fragen Sie uns nach\u2026&#8220; use_theme_fonts=&#8220;yes&#8220; link=&#8220;|||&#8220;][vc_column_text el_class=&#8220;justify gold-list&#8220;]<\/p>\n<ul>\n<li>Fr\u00fchst\u00fcck im Zimmer<\/li>\n<li>Festmahle\/Abendessen<\/li>\n<li>Zimmerservice<\/li>\n<li>Turndownservice<\/li>\n<li>Yoga<\/li>\n<li>Massage<\/li>\n<li>Weinkunde-Weinprobe<\/li>\n<\/ul>\n<p>[\/vc_column_text][\/vc_column][\/vc_row][vc_row content_placement=&#8220;middle&#8220; css=&#8220;.vc_custom_1555074627116{margin-top: 30px !important;margin-bottom: 30px !important;}&#8220;][vc_column][vc_single_image image=&#8220;9179&#8243; img_size=&#8220;full&#8220; alignment=&#8220;center&#8220;][\/vc_column][\/vc_row][vc_row][vc_column][vc_custom_heading text=&#8220;Ausstattung&#8220; font_container=&#8220;tag:h2|font_size:36px|text_align:center|line_height:48px&#8220; google_fonts=&#8220;font_family:Tinos%3Aregular%2Citalic%2C700%2C700italic|font_style:400%20regular%3A400%3Anormal&#8220;][vc_row_inner el_class=&#8220;gold-list&#8220;][vc_column_inner width=&#8220;1\/3&#8243;][vc_column_text]<\/p>\n<ul>\n<li>Parken<\/li>\n<li>Telefon<\/li>\n<li>24 Stunden Empfangsbereich<\/li>\n<li>Schlie\u00dffach in jedem Zimmer<\/li>\n<li>Restaurant f\u00fcr kreative griechische K\u00fcche<\/li>\n<li>Wi-Fi &amp; SMART TV &#8211; DVD-Player<\/li>\n<li>Verleih von Literatur und Filmbibliothek, Tisch- und Kinderspiele<\/li>\n<li>Minibar in jedem Zimmer<\/li>\n<\/ul>\n<p>[\/vc_column_text][\/vc_column_inner][vc_column_inner width=&#8220;1\/3&#8243;][vc_column_text]<\/p>\n<ul>\n<li>Caf\u00e9 \u2013 bar<\/li>\n<li>M\u00f6glichkeit zum Faxen, Fotokopieren und Drucken<\/li>\n<li>Gep\u00e4cktransport-Service<\/li>\n<li>M\u00f6glichkeit der Bereitstellung eines Laptops\/Tablet<\/li>\n<li>Kissenauswahl\/Kissenmen\u00fc<\/li>\n<li>Fr\u00fchst\u00fcck \u00fcber 3 Stunden (07:00-10:30 Uhr)<\/li>\n<li>M\u00f6glichkeit, das Fr\u00fchst\u00fcck sehr fr\u00fch am Morgen zu bestellen<\/li>\n<li>Parkplatzservice<\/li>\n<li>Set aus Kosmetik und K\u00f6rperpflege<\/li>\n<\/ul>\n<p>[\/vc_column_text][\/vc_column_inner][vc_column_inner width=&#8220;1\/3&#8243;][vc_column_text]<\/p>\n<ul>\n<li>W\u00e4scherei\/B\u00fcgel\/Reinigungsservice<\/li>\n<li>Haartrockner<\/li>\n<li>Privates Badezimmer<\/li>\n<li>Wasserkocher und komplettes Set Kaffee oder Tee<\/li>\n<li>Espresso-Kaffeemaschine in ausgew\u00e4hlten R\u00e4umen<\/li>\n<li>Internet\/Gemeinschaftscomputer<\/li>\n<li>Cocomat 4-Lagen- Schlafsystem aus nat\u00fcrlichen Materialien<\/li>\n<li>Kamin in 5 von 10 R\u00e4umen und in Gemeinschaftsr\u00e4umen<\/li>\n<\/ul>\n<p>[\/vc_column_text][\/vc_column_inner][\/vc_row_inner][vc_single_image image=&#8220;9180&#8243; img_size=&#8220;full&#8220; alignment=&#8220;center&#8220; onclick=&#8220;custom_link&#8220; img_link_target=&#8220;_blank&#8220; link=&#8220;https:\/\/www.coco-mat.com\/&#8220;][\/vc_column][\/vc_row][vc_row row_content_width=&#8220;grid&#8220; css=&#8220;.vc_custom_1555076376035{margin-top: 70px !important;}&#8220;][vc_column][vc_single_image image=&#8220;9179&#8243; img_size=&#8220;full&#8220; alignment=&#8220;center&#8220;][\/vc_column][\/vc_row][vc_row full_width=&#8220;stretch_row&#8220; content_placement=&#8220;middle&#8220; parallax_background_image=&#8220;7214&#8243; parallax_bg_height=&#8220;400&#8243; css=&#8220;.vc_custom_1554929919169{margin-top: 50px !important;padding-top: 50px !important;padding-bottom: 50px !important;}&#8220;][vc_column el_class=&#8220;see-other-rooms-row&#8220;][vc_column_text el_class=&#8220;center&#8220;]<\/p>\n<h2>Pirrion: eine einzigartige Gastfreundschaft<\/h2>\n<h3 class=\"subtitle\">Erleben Sie den exklusiven Luxus, den unsere Zimmer bieten<\/h3>\n<p>[\/vc_column_text][vc_empty_space height=&#8220;30px&#8220;]<a itemprop=\"url\" href=\"https:\/\/www.pirrion.gr\/domatia-soyites\/\" target=\"_self\" style=\"background-color: #c5a46d\" class=\"eltd-btn eltd-btn-medium eltd-btn-solid center eltd-btn-line-left\"  >\n    <span class=\"eltd-btn-text\">Zimmeransicht<\/span>\n\n    \n    <\/a>[\/vc_column][\/vc_row][vc_row][vc_column][vc_empty_space height=&#8220;50px&#8220;][vc_single_image image=&#8220;9179&#8243; img_size=&#8220;full&#8220; alignment=&#8220;center&#8220;][vc_custom_heading text=&#8220;Und weiter\u2026&#8220; font_container=&#8220;tag:h3|font_size:36px|text_align:center|line_height:48px&#8220; google_fonts=&#8220;font_family:Tinos%3Aregular%2Citalic%2C700%2C700italic|font_style:400%20regular%3A400%3Anormal&#8220;][\/vc_column][\/vc_row][vc_row el_class=&#8220;other-services-tiles&#8220;][vc_column width=&#8220;1\/4&#8243;]<div class=\"eltd-banner-holder see-more-banner eltd-visible-on-default eltd-banner-info-centered eltd-banner-btn-light\">\n    <div class=\"eltd-banner-image\">\n        <img decoding=\"async\" width=\"650\" height=\"433\" src=\"https:\/\/www.pirrion.gr\/wp-content\/uploads\/pirrion-yoga.jpg\" class=\"attachment-full size-full\" alt=\"\" srcset=\"https:\/\/www.pirrion.gr\/wp-content\/uploads\/pirrion-yoga.jpg 650w, https:\/\/www.pirrion.gr\/wp-content\/uploads\/pirrion-yoga-300x200.jpg 300w\" sizes=\"(max-width: 650px) 100vw, 650px\" \/>    <\/div>\n    <div class=\"eltd-banner-text-holder\" style=\"background-color: rgba(0,0,0,0.3)\">\n\t    <div class=\"eltd-banner-text-outer\">\n\t\t    <div class=\"eltd-banner-text-inner\">\n\t\t        \t\t            <h4 class=\"eltd-banner-title\" >\n\t\t                Yoga\t                <\/h4>\n\t\t                        \t\t\t\t\t\t\t<\/div>\n\t\t<\/div>\n\t<\/div>\n\t                <a itemprop=\"url\" class=\"eltd-banner-link\" title=\"Yoga\" href=\"https:\/\/www.pirrion.gr\/de\/yoga\/\" target=\"_self\"><\/a>\n    <\/div>[vc_empty_space height=&#8220;50px&#8220;][\/vc_column][vc_column width=&#8220;1\/4&#8243;]<div class=\"eltd-banner-holder see-more-banner eltd-visible-on-default eltd-banner-info-centered eltd-banner-btn-light\">\n    <div class=\"eltd-banner-image\">\n        <img decoding=\"async\" width=\"650\" height=\"433\" src=\"https:\/\/www.pirrion.gr\/wp-content\/uploads\/pirrion-rafting.jpg\" class=\"attachment-full size-full\" alt=\"\" srcset=\"https:\/\/www.pirrion.gr\/wp-content\/uploads\/pirrion-rafting.jpg 650w, https:\/\/www.pirrion.gr\/wp-content\/uploads\/pirrion-rafting-300x200.jpg 300w\" sizes=\"(max-width: 650px) 100vw, 650px\" \/>    <\/div>\n    <div class=\"eltd-banner-text-holder\" style=\"background-color: rgba(0,0,0,0.3)\">\n\t    <div class=\"eltd-banner-text-outer\">\n\t\t    <div class=\"eltd-banner-text-inner\">\n\t\t        \t\t            <h4 class=\"eltd-banner-title\" >\n\t\t                Aktivit\u00e4ten\t                <\/h4>\n\t\t                        \t\t\t\t\t\t\t<\/div>\n\t\t<\/div>\n\t<\/div>\n\t                <a itemprop=\"url\" class=\"eltd-banner-link\" title=\"Aktivit\u00e4ten\" href=\"https:\/\/www.pirrion.gr\/de\/aktivit\u00e4ten\/\" target=\"_self\"><\/a>\n    <\/div>[vc_empty_space height=&#8220;50px&#8220;][\/vc_column][vc_column width=&#8220;1\/4&#8243;]<div class=\"eltd-banner-holder see-more-banner eltd-visible-on-default eltd-banner-info-centered eltd-banner-btn-light\">\n    <div class=\"eltd-banner-image\">\n        <img loading=\"lazy\" decoding=\"async\" width=\"650\" height=\"433\" src=\"https:\/\/www.pirrion.gr\/wp-content\/uploads\/pirrion-massage.jpg\" class=\"attachment-full size-full\" alt=\"\" srcset=\"https:\/\/www.pirrion.gr\/wp-content\/uploads\/pirrion-massage.jpg 650w, https:\/\/www.pirrion.gr\/wp-content\/uploads\/pirrion-massage-300x200.jpg 300w\" sizes=\"(max-width: 650px) 100vw, 650px\" \/>    <\/div>\n    <div class=\"eltd-banner-text-holder\" style=\"background-color: rgba(0,0,0,0.3)\">\n\t    <div class=\"eltd-banner-text-outer\">\n\t\t    <div class=\"eltd-banner-text-inner\">\n\t\t        \t\t            <h4 class=\"eltd-banner-title\" >\n\t\t                Massage\t                <\/h4>\n\t\t                        \t\t\t\t\t\t\t<\/div>\n\t\t<\/div>\n\t<\/div>\n\t                <a itemprop=\"url\" class=\"eltd-banner-link\" title=\"Massage\" href=\"https:\/\/www.pirrion.gr\/de\/massage\/\" target=\"_self\"><\/a>\n    <\/div>[vc_empty_space height=&#8220;50px&#8220;][\/vc_column][vc_column width=&#8220;1\/4&#8243;]<div class=\"eltd-banner-holder see-more-banner eltd-visible-on-default eltd-banner-info-centered eltd-banner-btn-light\">\n    <div class=\"eltd-banner-image\">\n        <img loading=\"lazy\" decoding=\"async\" width=\"650\" height=\"433\" src=\"https:\/\/www.pirrion.gr\/wp-content\/uploads\/pirrion-restaurant.jpg\" class=\"attachment-full size-full\" alt=\"\" srcset=\"https:\/\/www.pirrion.gr\/wp-content\/uploads\/pirrion-restaurant.jpg 650w, https:\/\/www.pirrion.gr\/wp-content\/uploads\/pirrion-restaurant-300x200.jpg 300w\" sizes=\"(max-width: 650px) 100vw, 650px\" \/>    <\/div>\n    <div class=\"eltd-banner-text-holder\" style=\"background-color: rgba(0,0,0,0.3)\">\n\t    <div class=\"eltd-banner-text-outer\">\n\t\t    <div class=\"eltd-banner-text-inner\">\n\t\t        \t\t            <h4 class=\"eltd-banner-title\" >\n\t\t                Restaurant Skantzochoiros\t                <\/h4>\n\t\t                        \t\t\t\t\t\t\t<\/div>\n\t\t<\/div>\n\t<\/div>\n\t                <a itemprop=\"url\" class=\"eltd-banner-link\" title=\"Restaurant Skantzochoiros\" href=\"https:\/\/www.pirrion.gr\/de\/restaurant-skantzochoiros\/\" target=\"_self\"><\/a>\n    <\/div>[vc_empty_space height=&#8220;50px&#8220;][\/vc_column][\/vc_row]<\/p>\n","protected":false},"excerpt":{"rendered":"<p>[vc_row css=&#8220;.vc_custom_1555023764586{margin-top: 50px !important;}&#8220;][vc_column width=&#8220;1\/5&#8243;][\/vc_column][vc_column width=&#8220;3\/5&#8243;][vc_column_text el_class=&#8220;pirrion-page-title&#8220;] Komplette Gastfreundschaft &amp; Dienstleistungen [\/vc_column_text][vc_column_text el_class=&#8220;center&#8220;]Das Pirrion wellness boutique hotel, preisgekr\u00f6ntes Bergresort [&hellip;]<\/p>\n","protected":false},"author":1,"featured_media":9181,"parent":0,"menu_order":0,"comment_status":"closed","ping_status":"closed","template":"","meta":{"footnotes":""},"class_list":["post-9178","page","type-page","status-publish","has-post-thumbnail","hentry"],"yoast_head":"<!-- This site is optimized with the Yoast SEO plugin v26.8 - https:\/\/yoast.com\/product\/yoast-seo-wordpress\/ -->\n<title>Komplette Gastfreundschaft &amp; Dienstleistungen - Pirrion wellness boutique hotel<\/title>\n<meta name=\"description\" content=\"Im Pirrion Boutique Hotel sind wir stets bestrebt, Ihnen qualitativ hochwertige Dienstleistungen anzubieten und Ihnen jeden Wunsch zu erf\u00fcllen.\" \/>\n<meta name=\"robots\" content=\"index, follow, max-snippet:-1, max-image-preview:large, max-video-preview:-1\" \/>\n<link rel=\"canonical\" href=\"https:\/\/www.pirrion.gr\/de\/komplette-gastfreundschaft-amp-dienstleistungen\/\" \/>\n<meta property=\"og:locale\" content=\"de_DE\" \/>\n<meta property=\"og:type\" content=\"article\" \/>\n<meta property=\"og:title\" content=\"Komplette Gastfreundschaft &amp; Dienstleistungen - Pirrion wellness boutique hotel\" \/>\n<meta property=\"og:description\" content=\"Im Pirrion Boutique Hotel sind wir stets bestrebt, Ihnen qualitativ hochwertige Dienstleistungen anzubieten und Ihnen jeden Wunsch zu erf\u00fcllen.\" \/>\n<meta property=\"og:url\" content=\"https:\/\/www.pirrion.gr\/de\/komplette-gastfreundschaft-amp-dienstleistungen\/\" \/>\n<meta property=\"og:site_name\" content=\"Pirrion wellness boutique hotel\" \/>\n<meta property=\"article:publisher\" content=\"https:\/\/www.facebook.com\/PirrionHotelSweetHospitality\/\" \/>\n<meta property=\"article:modified_time\" content=\"2020-11-23T13:57:01+00:00\" \/>\n<meta property=\"og:image\" content=\"https:\/\/www.pirrion.gr\/wp-content\/uploads\/ypiresies-featured.jpg\" \/>\n\t<meta property=\"og:image:width\" content=\"1200\" \/>\n\t<meta property=\"og:image:height\" content=\"630\" \/>\n\t<meta property=\"og:image:type\" content=\"image\/jpeg\" \/>\n<meta name=\"twitter:card\" content=\"summary_large_image\" \/>\n<meta name=\"twitter:label1\" content=\"Gesch\u00e4tzte Lesezeit\" \/>\n\t<meta name=\"twitter:data1\" content=\"4\u00a0Minuten\" \/>\n<script type=\"application\/ld+json\" class=\"yoast-schema-graph\">{\"@context\":\"https:\/\/schema.org\",\"@graph\":[{\"@type\":\"WebPage\",\"@id\":\"https:\/\/www.pirrion.gr\/de\/komplette-gastfreundschaft-amp-dienstleistungen\/\",\"url\":\"https:\/\/www.pirrion.gr\/de\/komplette-gastfreundschaft-amp-dienstleistungen\/\",\"name\":\"Komplette Gastfreundschaft & Dienstleistungen - Pirrion wellness boutique hotel\",\"isPartOf\":{\"@id\":\"https:\/\/www.pirrion.gr\/de\/#website\"},\"primaryImageOfPage\":{\"@id\":\"https:\/\/www.pirrion.gr\/de\/komplette-gastfreundschaft-amp-dienstleistungen\/#primaryimage\"},\"image\":{\"@id\":\"https:\/\/www.pirrion.gr\/de\/komplette-gastfreundschaft-amp-dienstleistungen\/#primaryimage\"},\"thumbnailUrl\":\"https:\/\/www.pirrion.gr\/wp-content\/uploads\/ypiresies-featured.jpg\",\"datePublished\":\"2019-07-04T22:49:17+00:00\",\"dateModified\":\"2020-11-23T13:57:01+00:00\",\"description\":\"Im Pirrion Boutique Hotel sind wir stets bestrebt, Ihnen qualitativ hochwertige Dienstleistungen anzubieten und Ihnen jeden Wunsch zu erf\u00fcllen.\",\"breadcrumb\":{\"@id\":\"https:\/\/www.pirrion.gr\/de\/komplette-gastfreundschaft-amp-dienstleistungen\/#breadcrumb\"},\"inLanguage\":\"de\",\"potentialAction\":[{\"@type\":\"ReadAction\",\"target\":[\"https:\/\/www.pirrion.gr\/de\/komplette-gastfreundschaft-amp-dienstleistungen\/\"]}]},{\"@type\":\"ImageObject\",\"inLanguage\":\"de\",\"@id\":\"https:\/\/www.pirrion.gr\/de\/komplette-gastfreundschaft-amp-dienstleistungen\/#primaryimage\",\"url\":\"https:\/\/www.pirrion.gr\/wp-content\/uploads\/ypiresies-featured.jpg\",\"contentUrl\":\"https:\/\/www.pirrion.gr\/wp-content\/uploads\/ypiresies-featured.jpg\",\"width\":1200,\"height\":630,\"caption\":\"Komplette Gastfreundschaft & Dienstleistungen - Pirrion Sweet Hospitality\"},{\"@type\":\"BreadcrumbList\",\"@id\":\"https:\/\/www.pirrion.gr\/de\/komplette-gastfreundschaft-amp-dienstleistungen\/#breadcrumb\",\"itemListElement\":[{\"@type\":\"ListItem\",\"position\":1,\"name\":\"Home\",\"item\":\"https:\/\/www.pirrion.gr\/de\/\"},{\"@type\":\"ListItem\",\"position\":2,\"name\":\"Komplette Gastfreundschaft &#038; Dienstleistungen\"}]},{\"@type\":\"WebSite\",\"@id\":\"https:\/\/www.pirrion.gr\/de\/#website\",\"url\":\"https:\/\/www.pirrion.gr\/de\/\",\"name\":\"Pirrion wellness boutique hotel\",\"description\":\"\",\"publisher\":{\"@id\":\"https:\/\/www.pirrion.gr\/de\/#organization\"},\"potentialAction\":[{\"@type\":\"SearchAction\",\"target\":{\"@type\":\"EntryPoint\",\"urlTemplate\":\"https:\/\/www.pirrion.gr\/de\/?s={search_term_string}\"},\"query-input\":{\"@type\":\"PropertyValueSpecification\",\"valueRequired\":true,\"valueName\":\"search_term_string\"}}],\"inLanguage\":\"de\"},{\"@type\":\"Organization\",\"@id\":\"https:\/\/www.pirrion.gr\/de\/#organization\",\"name\":\"Pirrion wellness boutique hotel\",\"url\":\"https:\/\/www.pirrion.gr\/de\/\",\"logo\":{\"@type\":\"ImageObject\",\"inLanguage\":\"de\",\"@id\":\"https:\/\/www.pirrion.gr\/de\/#\/schema\/logo\/image\/\",\"url\":\"https:\/\/www.pirrion.gr\/wp-content\/uploads\/Untitled-design.png\",\"contentUrl\":\"https:\/\/www.pirrion.gr\/wp-content\/uploads\/Untitled-design.png\",\"width\":3375,\"height\":4219,\"caption\":\"Pirrion wellness boutique hotel\"},\"image\":{\"@id\":\"https:\/\/www.pirrion.gr\/de\/#\/schema\/logo\/image\/\"},\"sameAs\":[\"https:\/\/www.facebook.com\/PirrionHotelSweetHospitality\/\",\"https:\/\/www.instagram.com\/pirrion_wellness_boutiquehotel\/?hl=en\"]}]}<\/script>\n<!-- \/ Yoast SEO plugin. -->","yoast_head_json":{"title":"Komplette Gastfreundschaft & Dienstleistungen - Pirrion wellness boutique hotel","description":"Im Pirrion Boutique Hotel sind wir stets bestrebt, Ihnen qualitativ hochwertige Dienstleistungen anzubieten und Ihnen jeden Wunsch zu erf\u00fcllen.","robots":{"index":"index","follow":"follow","max-snippet":"max-snippet:-1","max-image-preview":"max-image-preview:large","max-video-preview":"max-video-preview:-1"},"canonical":"https:\/\/www.pirrion.gr\/de\/komplette-gastfreundschaft-amp-dienstleistungen\/","og_locale":"de_DE","og_type":"article","og_title":"Komplette Gastfreundschaft & Dienstleistungen - Pirrion wellness boutique hotel","og_description":"Im Pirrion Boutique Hotel sind wir stets bestrebt, Ihnen qualitativ hochwertige Dienstleistungen anzubieten und Ihnen jeden Wunsch zu erf\u00fcllen.","og_url":"https:\/\/www.pirrion.gr\/de\/komplette-gastfreundschaft-amp-dienstleistungen\/","og_site_name":"Pirrion wellness boutique hotel","article_publisher":"https:\/\/www.facebook.com\/PirrionHotelSweetHospitality\/","article_modified_time":"2020-11-23T13:57:01+00:00","og_image":[{"width":1200,"height":630,"url":"https:\/\/www.pirrion.gr\/wp-content\/uploads\/ypiresies-featured.jpg","type":"image\/jpeg"}],"twitter_card":"summary_large_image","twitter_misc":{"Gesch\u00e4tzte Lesezeit":"4\u00a0Minuten"},"schema":{"@context":"https:\/\/schema.org","@graph":[{"@type":"WebPage","@id":"https:\/\/www.pirrion.gr\/de\/komplette-gastfreundschaft-amp-dienstleistungen\/","url":"https:\/\/www.pirrion.gr\/de\/komplette-gastfreundschaft-amp-dienstleistungen\/","name":"Komplette Gastfreundschaft & Dienstleistungen - Pirrion wellness boutique hotel","isPartOf":{"@id":"https:\/\/www.pirrion.gr\/de\/#website"},"primaryImageOfPage":{"@id":"https:\/\/www.pirrion.gr\/de\/komplette-gastfreundschaft-amp-dienstleistungen\/#primaryimage"},"image":{"@id":"https:\/\/www.pirrion.gr\/de\/komplette-gastfreundschaft-amp-dienstleistungen\/#primaryimage"},"thumbnailUrl":"https:\/\/www.pirrion.gr\/wp-content\/uploads\/ypiresies-featured.jpg","datePublished":"2019-07-04T22:49:17+00:00","dateModified":"2020-11-23T13:57:01+00:00","description":"Im Pirrion Boutique Hotel sind wir stets bestrebt, Ihnen qualitativ hochwertige Dienstleistungen anzubieten und Ihnen jeden Wunsch zu erf\u00fcllen.","breadcrumb":{"@id":"https:\/\/www.pirrion.gr\/de\/komplette-gastfreundschaft-amp-dienstleistungen\/#breadcrumb"},"inLanguage":"de","potentialAction":[{"@type":"ReadAction","target":["https:\/\/www.pirrion.gr\/de\/komplette-gastfreundschaft-amp-dienstleistungen\/"]}]},{"@type":"ImageObject","inLanguage":"de","@id":"https:\/\/www.pirrion.gr\/de\/komplette-gastfreundschaft-amp-dienstleistungen\/#primaryimage","url":"https:\/\/www.pirrion.gr\/wp-content\/uploads\/ypiresies-featured.jpg","contentUrl":"https:\/\/www.pirrion.gr\/wp-content\/uploads\/ypiresies-featured.jpg","width":1200,"height":630,"caption":"Komplette Gastfreundschaft & Dienstleistungen - Pirrion Sweet Hospitality"},{"@type":"BreadcrumbList","@id":"https:\/\/www.pirrion.gr\/de\/komplette-gastfreundschaft-amp-dienstleistungen\/#breadcrumb","itemListElement":[{"@type":"ListItem","position":1,"name":"Home","item":"https:\/\/www.pirrion.gr\/de\/"},{"@type":"ListItem","position":2,"name":"Komplette Gastfreundschaft &#038; Dienstleistungen"}]},{"@type":"WebSite","@id":"https:\/\/www.pirrion.gr\/de\/#website","url":"https:\/\/www.pirrion.gr\/de\/","name":"Pirrion wellness boutique hotel","description":"","publisher":{"@id":"https:\/\/www.pirrion.gr\/de\/#organization"},"potentialAction":[{"@type":"SearchAction","target":{"@type":"EntryPoint","urlTemplate":"https:\/\/www.pirrion.gr\/de\/?s={search_term_string}"},"query-input":{"@type":"PropertyValueSpecification","valueRequired":true,"valueName":"search_term_string"}}],"inLanguage":"de"},{"@type":"Organization","@id":"https:\/\/www.pirrion.gr\/de\/#organization","name":"Pirrion wellness boutique hotel","url":"https:\/\/www.pirrion.gr\/de\/","logo":{"@type":"ImageObject","inLanguage":"de","@id":"https:\/\/www.pirrion.gr\/de\/#\/schema\/logo\/image\/","url":"https:\/\/www.pirrion.gr\/wp-content\/uploads\/Untitled-design.png","contentUrl":"https:\/\/www.pirrion.gr\/wp-content\/uploads\/Untitled-design.png","width":3375,"height":4219,"caption":"Pirrion wellness boutique hotel"},"image":{"@id":"https:\/\/www.pirrion.gr\/de\/#\/schema\/logo\/image\/"},"sameAs":["https:\/\/www.facebook.com\/PirrionHotelSweetHospitality\/","https:\/\/www.instagram.com\/pirrion_wellness_boutiquehotel\/?hl=en"]}]}},"_links":{"self":[{"href":"https:\/\/www.pirrion.gr\/de\/wp-json\/wp\/v2\/pages\/9178","targetHints":{"allow":["GET"]}}],"collection":[{"href":"https:\/\/www.pirrion.gr\/de\/wp-json\/wp\/v2\/pages"}],"about":[{"href":"https:\/\/www.pirrion.gr\/de\/wp-json\/wp\/v2\/types\/page"}],"author":[{"embeddable":true,"href":"https:\/\/www.pirrion.gr\/de\/wp-json\/wp\/v2\/users\/1"}],"replies":[{"embeddable":true,"href":"https:\/\/www.pirrion.gr\/de\/wp-json\/wp\/v2\/comments?post=9178"}],"version-history":[{"count":6,"href":"https:\/\/www.pirrion.gr\/de\/wp-json\/wp\/v2\/pages\/9178\/revisions"}],"predecessor-version":[{"id":11233,"href":"https:\/\/www.pirrion.gr\/de\/wp-json\/wp\/v2\/pages\/9178\/revisions\/11233"}],"wp:featuredmedia":[{"embeddable":true,"href":"https:\/\/www.pirrion.gr\/de\/wp-json\/wp\/v2\/media\/9181"}],"wp:attachment":[{"href":"https:\/\/www.pirrion.gr\/de\/wp-json\/wp\/v2\/media?parent=9178"}],"curies":[{"name":"wp","href":"https:\/\/api.w.org\/{rel}","templated":true}]}}