{"id":9263,"date":"2019-07-05T20:06:40","date_gmt":"2019-07-05T17:06:40","guid":{"rendered":"https:\/\/www.pirrion.gr\/?page_id=9263"},"modified":"2024-04-15T14:18:29","modified_gmt":"2024-04-15T11:18:29","slug":"kontakt","status":"publish","type":"page","link":"https:\/\/www.pirrion.gr\/de\/kontakt\/","title":{"rendered":"Kontakt"},"content":{"rendered":"<p>[vc_row row_content_width=&#8220;grid&#8220; css=&#8220;.vc_custom_1556062980645{margin-top: 50px !important;}&#8220;][vc_column][vc_column_text el_class=&#8220;pirrion-page-title&#8220;]<\/p>\n<h1>Kontaktieren Sie das Pirrion wellness boutique hotel<\/h1>\n<p>[\/vc_column_text][vc_column_text]<\/p>\n<p style=\"text-align: center;\"><a href=\"https:\/\/www.google.com\/maps\/place\/Pirrion+wellness+boutique+hotel\/@39.8804664,20.70652,15z\/data=!4m2!3m1!1s0x0:0x411a8358a1c99528?sa=X&amp;ved=2ahUKEwisw4z7web4AhXjgv0HHfWJCmMQ_BJ6BAhPEAU\" target=\"_blank\" rel=\"noopener noreferrer\">Ano Pedina, Zagorohoria, 44007, Ioannina<\/a><\/p>\n<p style=\"text-align: center;\"><a href=\"https:\/\/www.google.com\/maps\/place\/Pirrion+wellness+boutique+hotel\/@39.8804664,20.70652,15z\/data=!4m2!3m1!1s0x0:0x411a8358a1c99528?sa=X&amp;ved=2ahUKEwisw4z7web4AhXjgv0HHfWJCmMQ_BJ6BAhPEAU\" target=\"_blank\" rel=\"noopener noreferrer\">FINDEN SIE UNS AUF DER KARTE<\/a><\/p>\n<p>[\/vc_column_text][vc_empty_space height=&#8220;50px&#8220;][vc_single_image image=&#8220;9179&#8243; img_size=&#8220;full&#8220; alignment=&#8220;center&#8220;][vc_empty_space][vc_row_inner][vc_column_inner width=&#8220;1\/4&#8243;][\/vc_column_inner][vc_column_inner width=&#8220;1\/4&#8243;][vc_column_text]<\/p>\n<p class=\"spacing-2\">KONTAKT<\/p>\n<p>[\/vc_column_text][vc_column_text]<\/p>\n<p class=\"center\">Email: <a href=\"mailto:info@pirrion.gr\">info@pirrion.gr<\/a><br \/>\nTel. &amp; Fax: <a href=\"tel:+302653071141\">+30 26530 71141<\/a><br \/>\nMobil.: <a href=\"tel:+306988188778\">+30 6988 188778<\/a><\/p>\n<p>[\/vc_column_text][\/vc_column_inner][vc_column_inner width=&#8220;1\/4&#8243;][vc_column_text]<\/p>\n<p class=\"spacing-2\">KOORDINATEN<\/p>\n<p>[\/vc_column_text][vc_column_text]<\/p>\n<p class=\"center\"><a href=\"https:\/\/www.google.com\/maps\/place\/\u039e\u03b5\u03bd\u03bf\u03b4\u03bf\u03c7\u03b5\u03af\u03bf+\u03a0\u03cd\u03c1\u03c1\u03b5\u03b9\u03bf\u03bd\/\" target=\"_blank\" rel=\"noopener noreferrer\">Lat 39.8818797<br \/>\nLon 20.7075506<\/a><\/p>\n<p>[\/vc_column_text][\/vc_column_inner][vc_column_inner width=&#8220;1\/4&#8243;][\/vc_column_inner][\/vc_row_inner][vc_empty_space height=&#8220;50px&#8220;][vc_single_image image=&#8220;9179&#8243; img_size=&#8220;full&#8220; alignment=&#8220;center&#8220;][\/vc_column][\/vc_row][vc_row row_content_width=&#8220;grid&#8220; css=&#8220;.vc_custom_1553290810405{padding-top: 50px !important;}&#8220;][vc_column width=&#8220;1\/5&#8243; offset=&#8220;vc_col-lg-6 vc_col-md-12&#8243;][\/vc_column][vc_column width=&#8220;3\/5&#8243; el_class=&#8220;center contact-form-column&#8220;][vc_column_text]<\/p>\n<p class=\"spacing-2\">KONTAKTFORMULAR<\/p>\n<p>[\/vc_column_text][vc_empty_space height=&#8220;25px&#8220;]\n<div class=\"wpcf7 no-js\" id=\"wpcf7-f9269-o1\" lang=\"en-US\" dir=\"ltr\" data-wpcf7-id=\"9269\">\n<div class=\"screen-reader-response\"><p role=\"status\" aria-live=\"polite\" aria-atomic=\"true\"><\/p> <ul><\/ul><\/div>\n<form action=\"\/de\/wp-json\/wp\/v2\/pages\/9263#wpcf7-f9269-o1\" method=\"post\" class=\"wpcf7-form init\" aria-label=\"Contact form\" novalidate=\"novalidate\" data-status=\"init\">\n<fieldset class=\"hidden-fields-container\"><input type=\"hidden\" name=\"_wpcf7\" value=\"9269\" \/><input type=\"hidden\" name=\"_wpcf7_version\" value=\"6.1.4\" \/><input type=\"hidden\" name=\"_wpcf7_locale\" value=\"en_US\" \/><input type=\"hidden\" name=\"_wpcf7_unit_tag\" value=\"wpcf7-f9269-o1\" \/><input type=\"hidden\" name=\"_wpcf7_container_post\" value=\"0\" \/><input type=\"hidden\" name=\"_wpcf7_posted_data_hash\" value=\"\" \/>\n<\/fieldset>\n<p><span class=\"wpcf7-form-control-wrap\" data-name=\"your-name\"><input size=\"40\" maxlength=\"400\" class=\"wpcf7-form-control wpcf7-text\" id=\"your-name\" aria-invalid=\"false\" placeholder=\"Name\" value=\"\" type=\"text\" name=\"your-name\" \/><\/span><label for=\"your-name\">Name<\/label>\n<\/p>\n<p><span class=\"wpcf7-form-control-wrap\" data-name=\"your-email\"><input size=\"40\" maxlength=\"400\" class=\"wpcf7-form-control wpcf7-email wpcf7-text wpcf7-validates-as-email\" id=\"your-email\" aria-invalid=\"false\" placeholder=\"Email\" value=\"\" type=\"email\" name=\"your-email\" \/><\/span><label for=\"your-email\">Email<\/label>\n<\/p>\n<p><span class=\"wpcf7-form-control-wrap\" data-name=\"your-message\"><textarea cols=\"40\" rows=\"10\" maxlength=\"2000\" class=\"wpcf7-form-control wpcf7-textarea\" id=\"your-message\" aria-invalid=\"false\" placeholder=\"Nachricht\" name=\"your-message\"><\/textarea><\/span><label for=\"your-message\">Nachricht<\/label>\n<\/p>\n<p><span class=\"wpcf7-form-control-wrap\" data-name=\"acceptance-contact\"><span class=\"wpcf7-form-control wpcf7-acceptance\"><span class=\"wpcf7-list-item\"><input type=\"checkbox\" name=\"acceptance-contact\" value=\"1\" id=\"acceptance-contact\" aria-invalid=\"false\" \/><\/span><\/span><\/span><label class=\"acceptance\" for=\"acceptance-contact\">Ich bin damit einverstanden, dass meine Daten auf dieser Website gespeichert werden, damit meine Anfrage bearbeitet werden kann.<\/label>\n<\/p>\n<p><input class=\"wpcf7-form-control wpcf7-submit has-spinner\" type=\"submit\" value=\"SENDEN\" \/>\n<\/p><div class=\"wpcf7-response-output\" aria-hidden=\"true\"><\/div>\n<\/form>\n<\/div>\n[\/vc_column][vc_column width=&#8220;1\/5&#8243;][\/vc_column][\/vc_row][vc_row css=&#8220;.vc_custom_1553681583871{margin-top: 50px !important;}&#8220;][vc_column][vc_raw_html]JTNDaWZyYW1lJTIwc3JjJTNEJTIyaHR0cHMlM0ElMkYlMkZ3d3cuZ29vZ2xlLmNvbSUyRm1hcHMlMkZlbWJlZCUzRnBiJTNEJTIxMW0xOCUyMTFtMTIlMjExbTMlMjExZDMwNjEuNzM3MTQ5NDgwNDg2JTIxMmQyMC43MDQ4MDc5MTU3NjE2NTIlMjEzZDM5Ljg4MDEyNTI5NjAyMjIzNiUyMTJtMyUyMTFmMCUyMTJmMCUyMTNmMCUyMTNtMiUyMTFpMTAyNCUyMTJpNzY4JTIxNGYxMy4xJTIxM20zJTIxMW0yJTIxMXMweDEzNWJiN2UzZWIwN2M4NWIlMjUzQTB4NDExYTgzNThhMWM5OTUyOCUyMTJzUGlycmlvbiUyNTIwYm91dGlxdWUlMjUyMGhvdGVsJTIxNWUwJTIxM20yJTIxMXNlbiUyMTJzZ3IlMjE0djE2MDA4NDk1MTMyODElMjE1bTIlMjExc2VuJTIxMnNnciUyMiUyMHdpZHRoJTNEJTIyMTAwJTI1JTIyJTIwaGVpZ2h0JTNEJTIyNjAwJTIyJTIwZnJhbWVib3JkZXIlM0QlMjIwJTIyJTIwc3R5bGUlM0QlMjJib3JkZXIlM0EwJTNCJTIyJTIwYWxsb3dmdWxsc2NyZWVuJTNEJTIyJTIyJTIwYXJpYS1oaWRkZW4lM0QlMjJmYWxzZSUyMiUyMHRhYmluZGV4JTNEJTIyMCUyMiUzRSUzQyUyRmlmcmFtZSUzRQ==[\/vc_raw_html][\/vc_column][\/vc_row][vc_row row_content_width=&#8220;grid&#8220;][vc_column][vc_empty_space height=&#8220;25px&#8220;][vc_custom_heading text=&#8220;So finden Sie uns&#8220; font_container=&#8220;tag:h2|text_align:center&#8220; use_theme_fonts=&#8220;yes&#8220;][\/vc_column][\/vc_row][vc_row content_placement=&#8220;middle&#8220; row_content_width=&#8220;grid&#8220; content_text_aligment=&#8220;center&#8220;][vc_column width=&#8220;1\/5&#8243;][\/vc_column][vc_column width=&#8220;3\/5&#8243;][vc_column_text]<\/p>\n<p style=\"text-align: center;\"><strong>Anreise<\/strong>: mit dem Flugzeug von Thessaloniki oder Athen aus (Flugzeit ca. halbe Stunde) landet man am Flughafen von Ioannina <strong>PYRROS<\/strong>. Von <strong>Ioannina<\/strong> bis Ano Pedina sind es 32km.<\/p>\n<p>[\/vc_column_text][\/vc_column][vc_column width=&#8220;1\/5&#8243;][\/vc_column][\/vc_row][vc_row row_content_width=&#8220;grid&#8220; css=&#8220;.vc_custom_1553291369134{padding-top: 50px !important;}&#8220;][vc_column width=&#8220;1\/2&#8243;][vc_column_text]Wenn Sie die magische Route mit dem eigenen Auto zur\u00fccklegen m\u00f6chten, k\u00f6nnen Sie aus verschiedenen Richtungen nach Zagori anreisen:<\/p>\n<p><strong>Von Athen<\/strong> \u00fcber Patras (Rio Antirio-Br\u00fccke), Agrinio, Arta erreichen Sie Ioannina (insgesamt 457km). Alternativ \u00fcber die Autobahn Athen-Lamia erreichen Sie Trikala und von dort Kalampaka, Metsovo und anschlie\u00dfend Ioannina.[\/vc_column_text][\/vc_column][vc_column width=&#8220;1\/2&#8243;][vc_column_text]<strong>Von Thessaloniki<\/strong> \u00fcber die Egnatia Odos vorbei an Veria, Kozani, Grevena, Metsovo und Sie erreichen Ioannina (insgesamt 298 km).<\/p>\n<p>Die Entfernungen vom <strong>Pirrion wellness boutique hotel<\/strong> zu anderen D\u00f6rfern sind kurz und der Besucher kann den Besuch von mehr als drei D\u00f6rfern gleichzeitig kombinieren. Das Stra\u00dfennetz ist gut.[\/vc_column_text][\/vc_column][\/vc_row][vc_row][vc_column][vc_empty_space height=&#8220;55px&#8220;][\/vc_column][\/vc_row][vc_row parallax_background_image=&#8220;7733&#8243; parallax_bg_height=&#8220;450px&#8220;][vc_column]<div class=\"eltd-elements-holder   eltd-one-column  eltd-responsive-mode-768 \" ><div class=\"eltd-eh-item    \"  data-item-class=\"eltd-eh-custom-3600\" data-1024-1280=\"24% 0 24% 0\" data-768-1024=\"27% 0 27% 0\" data-680-768=\"40% 0 40% 0\" data-680=\"60% 0 60% 0\">\n\t<div class=\"eltd-eh-item-inner\">\n\t\t<div class=\"eltd-eh-item-content eltd-eh-custom-3600\" style=\"padding: 25.7% 0 25.7% 0\">\n\t\t\t\t\t<\/div>\n\t<\/div>\n<\/div><\/div>[\/vc_column][\/vc_row][vc_row row_content_width=&#8220;grid&#8220;][vc_column][vc_empty_space height=&#8220;25px&#8220;][vc_custom_heading text=&#8220;Mini-Guide&#8220; font_container=&#8220;tag:h3|text_align:center&#8220; use_theme_fonts=&#8220;yes&#8220;][\/vc_column][\/vc_row][vc_row row_content_width=&#8220;grid&#8220; css=&#8220;.vc_custom_1555351621266{padding-top: 50px !important;}&#8220;][vc_column width=&#8220;1\/2&#8243;][vc_column_text]<strong>West Zagori:<\/strong> Es umfasst Mikro und Megalo Papigo, die Wege, die zum Gamila -Berggipfel und zu den Drakolimnes (Drachenseen) f\u00fchren, Aristi und das Dorf Vikos mit seinem atemberaubenden Blick auf die gleichnamige Schlucht. Es ist das Dorf, von dem aus alle Wanderungen zur Schlucht beginnen &#8211; der h\u00e4ufigste Treffpunkt ist die Br\u00fccke von Aristi.<\/p>\n<p><strong>Zentral Zagori:<\/strong> Unser Dorf Ano Pedina, Kipoi usw., hier finden die Liebhaber legend\u00e4rer Epirus-Br\u00fccken und der Fotografie ihr Paradies.[\/vc_column_text][\/vc_column][vc_column width=&#8220;1\/2&#8243;][vc_column_text]<strong>Ost Zagori:<\/strong> Das sch\u00f6ne Vovousa, das an den Ufern von Aoos erbaut wurde, die malerischen D\u00f6rfer des Vardas-Tals mit den Wasserm\u00fchlen, Kastanonas und Itea mit ihren Bogenbr\u00fccken geh\u00f6ren zu den am meisten bewunderten der Region.<\/p>\n<p><strong>Einkaufen und Souvenirs: <\/strong>Textilien, Glyko Koutaliou, Marmeladen aus Fr\u00fcchten und N\u00fcssen der Region, K\u00e4se und Fleisch, Tsipouro, Lik\u00f6re, Wein, Kr\u00e4uter und Trockenpilze sowie handgemachte Juwelen.[\/vc_column_text][\/vc_column][\/vc_row][vc_row row_content_width=&#8220;grid&#8220; css=&#8220;.vc_custom_1553291369134{padding-top: 50px !important;}&#8220;][vc_column width=&#8220;1\/2&#8243;][\/vc_column][vc_column width=&#8220;1\/2&#8243;][\/vc_column][\/vc_row][vc_row][vc_column][vc_empty_space height=&#8220;55px&#8220;][\/vc_column][\/vc_row]<\/p>\n","protected":false},"excerpt":{"rendered":"<p>[vc_row row_content_width=&#8220;grid&#8220; css=&#8220;.vc_custom_1556062980645{margin-top: 50px !important;}&#8220;][vc_column][vc_column_text el_class=&#8220;pirrion-page-title&#8220;] Kontaktieren Sie das Pirrion wellness boutique hotel [\/vc_column_text][vc_column_text] Ano Pedina, Zagorohoria, 44007, Ioannina [&hellip;]<\/p>\n","protected":false},"author":1,"featured_media":9478,"parent":0,"menu_order":0,"comment_status":"closed","ping_status":"closed","template":"full-width.php","meta":{"footnotes":""},"class_list":["post-9263","page","type-page","status-publish","has-post-thumbnail","hentry"],"yoast_head":"<!-- This site is optimized with the Yoast SEO plugin v26.8 - https:\/\/yoast.com\/product\/yoast-seo-wordpress\/ -->\n<title>Kontakt - Pirrion wellness boutique hotel<\/title>\n<meta name=\"description\" content=\"Z\u00f6gern Sie nicht, uns f\u00fcr Informationen, Reservierungen und andere Fragen zu kontaktieren. Wir sind gerne f\u00fcr Sie da!\" \/>\n<meta name=\"robots\" content=\"index, follow, max-snippet:-1, max-image-preview:large, max-video-preview:-1\" \/>\n<link rel=\"canonical\" href=\"https:\/\/www.pirrion.gr\/de\/kontakt\/\" \/>\n<meta property=\"og:locale\" content=\"de_DE\" \/>\n<meta property=\"og:type\" content=\"article\" \/>\n<meta property=\"og:title\" content=\"Kontakt - Pirrion wellness boutique hotel\" \/>\n<meta property=\"og:description\" content=\"Z\u00f6gern Sie nicht, uns f\u00fcr Informationen, Reservierungen und andere Fragen zu kontaktieren. Wir sind gerne f\u00fcr Sie da!\" \/>\n<meta property=\"og:url\" content=\"https:\/\/www.pirrion.gr\/de\/kontakt\/\" \/>\n<meta property=\"og:site_name\" content=\"Pirrion wellness boutique hotel\" \/>\n<meta property=\"article:publisher\" content=\"https:\/\/www.facebook.com\/PirrionHotelSweetHospitality\/\" \/>\n<meta property=\"article:modified_time\" content=\"2024-04-15T11:18:29+00:00\" \/>\n<meta property=\"og:image\" content=\"https:\/\/www.pirrion.gr\/wp-content\/uploads\/pirrion-outside-1062-1.jpg\" \/>\n\t<meta property=\"og:image:width\" content=\"1920\" \/>\n\t<meta property=\"og:image:height\" content=\"1080\" \/>\n\t<meta property=\"og:image:type\" content=\"image\/jpeg\" \/>\n<meta name=\"twitter:card\" content=\"summary_large_image\" \/>\n<meta name=\"twitter:label1\" content=\"Gesch\u00e4tzte Lesezeit\" \/>\n\t<meta name=\"twitter:data1\" content=\"3\u00a0Minuten\" \/>\n<script type=\"application\/ld+json\" class=\"yoast-schema-graph\">{\"@context\":\"https:\/\/schema.org\",\"@graph\":[{\"@type\":\"WebPage\",\"@id\":\"https:\/\/www.pirrion.gr\/de\/kontakt\/\",\"url\":\"https:\/\/www.pirrion.gr\/de\/kontakt\/\",\"name\":\"Kontakt - Pirrion wellness boutique hotel\",\"isPartOf\":{\"@id\":\"https:\/\/www.pirrion.gr\/de\/#website\"},\"primaryImageOfPage\":{\"@id\":\"https:\/\/www.pirrion.gr\/de\/kontakt\/#primaryimage\"},\"image\":{\"@id\":\"https:\/\/www.pirrion.gr\/de\/kontakt\/#primaryimage\"},\"thumbnailUrl\":\"https:\/\/www.pirrion.gr\/wp-content\/uploads\/pirrion-outside-1062-1.jpg\",\"datePublished\":\"2019-07-05T17:06:40+00:00\",\"dateModified\":\"2024-04-15T11:18:29+00:00\",\"description\":\"Z\u00f6gern Sie nicht, uns f\u00fcr Informationen, Reservierungen und andere Fragen zu kontaktieren. Wir sind gerne f\u00fcr Sie da!\",\"breadcrumb\":{\"@id\":\"https:\/\/www.pirrion.gr\/de\/kontakt\/#breadcrumb\"},\"inLanguage\":\"de\",\"potentialAction\":[{\"@type\":\"ReadAction\",\"target\":[\"https:\/\/www.pirrion.gr\/de\/kontakt\/\"]}]},{\"@type\":\"ImageObject\",\"inLanguage\":\"de\",\"@id\":\"https:\/\/www.pirrion.gr\/de\/kontakt\/#primaryimage\",\"url\":\"https:\/\/www.pirrion.gr\/wp-content\/uploads\/pirrion-outside-1062-1.jpg\",\"contentUrl\":\"https:\/\/www.pirrion.gr\/wp-content\/uploads\/pirrion-outside-1062-1.jpg\",\"width\":1920,\"height\":1080,\"caption\":\"Pirrion Sweet Hospitality\"},{\"@type\":\"BreadcrumbList\",\"@id\":\"https:\/\/www.pirrion.gr\/de\/kontakt\/#breadcrumb\",\"itemListElement\":[{\"@type\":\"ListItem\",\"position\":1,\"name\":\"Home\",\"item\":\"https:\/\/www.pirrion.gr\/de\/\"},{\"@type\":\"ListItem\",\"position\":2,\"name\":\"Kontakt\"}]},{\"@type\":\"WebSite\",\"@id\":\"https:\/\/www.pirrion.gr\/de\/#website\",\"url\":\"https:\/\/www.pirrion.gr\/de\/\",\"name\":\"Pirrion wellness boutique hotel\",\"description\":\"\",\"publisher\":{\"@id\":\"https:\/\/www.pirrion.gr\/de\/#organization\"},\"potentialAction\":[{\"@type\":\"SearchAction\",\"target\":{\"@type\":\"EntryPoint\",\"urlTemplate\":\"https:\/\/www.pirrion.gr\/de\/?s={search_term_string}\"},\"query-input\":{\"@type\":\"PropertyValueSpecification\",\"valueRequired\":true,\"valueName\":\"search_term_string\"}}],\"inLanguage\":\"de\"},{\"@type\":\"Organization\",\"@id\":\"https:\/\/www.pirrion.gr\/de\/#organization\",\"name\":\"Pirrion wellness boutique hotel\",\"url\":\"https:\/\/www.pirrion.gr\/de\/\",\"logo\":{\"@type\":\"ImageObject\",\"inLanguage\":\"de\",\"@id\":\"https:\/\/www.pirrion.gr\/de\/#\/schema\/logo\/image\/\",\"url\":\"https:\/\/www.pirrion.gr\/wp-content\/uploads\/Untitled-design.png\",\"contentUrl\":\"https:\/\/www.pirrion.gr\/wp-content\/uploads\/Untitled-design.png\",\"width\":3375,\"height\":4219,\"caption\":\"Pirrion wellness boutique hotel\"},\"image\":{\"@id\":\"https:\/\/www.pirrion.gr\/de\/#\/schema\/logo\/image\/\"},\"sameAs\":[\"https:\/\/www.facebook.com\/PirrionHotelSweetHospitality\/\",\"https:\/\/www.instagram.com\/pirrion_wellness_boutiquehotel\/?hl=en\"]}]}<\/script>\n<!-- \/ Yoast SEO plugin. -->","yoast_head_json":{"title":"Kontakt - Pirrion wellness boutique hotel","description":"Z\u00f6gern Sie nicht, uns f\u00fcr Informationen, Reservierungen und andere Fragen zu kontaktieren. Wir sind gerne f\u00fcr Sie da!","robots":{"index":"index","follow":"follow","max-snippet":"max-snippet:-1","max-image-preview":"max-image-preview:large","max-video-preview":"max-video-preview:-1"},"canonical":"https:\/\/www.pirrion.gr\/de\/kontakt\/","og_locale":"de_DE","og_type":"article","og_title":"Kontakt - Pirrion wellness boutique hotel","og_description":"Z\u00f6gern Sie nicht, uns f\u00fcr Informationen, Reservierungen und andere Fragen zu kontaktieren. Wir sind gerne f\u00fcr Sie da!","og_url":"https:\/\/www.pirrion.gr\/de\/kontakt\/","og_site_name":"Pirrion wellness boutique hotel","article_publisher":"https:\/\/www.facebook.com\/PirrionHotelSweetHospitality\/","article_modified_time":"2024-04-15T11:18:29+00:00","og_image":[{"width":1920,"height":1080,"url":"https:\/\/www.pirrion.gr\/wp-content\/uploads\/pirrion-outside-1062-1.jpg","type":"image\/jpeg"}],"twitter_card":"summary_large_image","twitter_misc":{"Gesch\u00e4tzte Lesezeit":"3\u00a0Minuten"},"schema":{"@context":"https:\/\/schema.org","@graph":[{"@type":"WebPage","@id":"https:\/\/www.pirrion.gr\/de\/kontakt\/","url":"https:\/\/www.pirrion.gr\/de\/kontakt\/","name":"Kontakt - Pirrion wellness boutique hotel","isPartOf":{"@id":"https:\/\/www.pirrion.gr\/de\/#website"},"primaryImageOfPage":{"@id":"https:\/\/www.pirrion.gr\/de\/kontakt\/#primaryimage"},"image":{"@id":"https:\/\/www.pirrion.gr\/de\/kontakt\/#primaryimage"},"thumbnailUrl":"https:\/\/www.pirrion.gr\/wp-content\/uploads\/pirrion-outside-1062-1.jpg","datePublished":"2019-07-05T17:06:40+00:00","dateModified":"2024-04-15T11:18:29+00:00","description":"Z\u00f6gern Sie nicht, uns f\u00fcr Informationen, Reservierungen und andere Fragen zu kontaktieren. Wir sind gerne f\u00fcr Sie da!","breadcrumb":{"@id":"https:\/\/www.pirrion.gr\/de\/kontakt\/#breadcrumb"},"inLanguage":"de","potentialAction":[{"@type":"ReadAction","target":["https:\/\/www.pirrion.gr\/de\/kontakt\/"]}]},{"@type":"ImageObject","inLanguage":"de","@id":"https:\/\/www.pirrion.gr\/de\/kontakt\/#primaryimage","url":"https:\/\/www.pirrion.gr\/wp-content\/uploads\/pirrion-outside-1062-1.jpg","contentUrl":"https:\/\/www.pirrion.gr\/wp-content\/uploads\/pirrion-outside-1062-1.jpg","width":1920,"height":1080,"caption":"Pirrion Sweet Hospitality"},{"@type":"BreadcrumbList","@id":"https:\/\/www.pirrion.gr\/de\/kontakt\/#breadcrumb","itemListElement":[{"@type":"ListItem","position":1,"name":"Home","item":"https:\/\/www.pirrion.gr\/de\/"},{"@type":"ListItem","position":2,"name":"Kontakt"}]},{"@type":"WebSite","@id":"https:\/\/www.pirrion.gr\/de\/#website","url":"https:\/\/www.pirrion.gr\/de\/","name":"Pirrion wellness boutique hotel","description":"","publisher":{"@id":"https:\/\/www.pirrion.gr\/de\/#organization"},"potentialAction":[{"@type":"SearchAction","target":{"@type":"EntryPoint","urlTemplate":"https:\/\/www.pirrion.gr\/de\/?s={search_term_string}"},"query-input":{"@type":"PropertyValueSpecification","valueRequired":true,"valueName":"search_term_string"}}],"inLanguage":"de"},{"@type":"Organization","@id":"https:\/\/www.pirrion.gr\/de\/#organization","name":"Pirrion wellness boutique hotel","url":"https:\/\/www.pirrion.gr\/de\/","logo":{"@type":"ImageObject","inLanguage":"de","@id":"https:\/\/www.pirrion.gr\/de\/#\/schema\/logo\/image\/","url":"https:\/\/www.pirrion.gr\/wp-content\/uploads\/Untitled-design.png","contentUrl":"https:\/\/www.pirrion.gr\/wp-content\/uploads\/Untitled-design.png","width":3375,"height":4219,"caption":"Pirrion wellness boutique hotel"},"image":{"@id":"https:\/\/www.pirrion.gr\/de\/#\/schema\/logo\/image\/"},"sameAs":["https:\/\/www.facebook.com\/PirrionHotelSweetHospitality\/","https:\/\/www.instagram.com\/pirrion_wellness_boutiquehotel\/?hl=en"]}]}},"_links":{"self":[{"href":"https:\/\/www.pirrion.gr\/de\/wp-json\/wp\/v2\/pages\/9263","targetHints":{"allow":["GET"]}}],"collection":[{"href":"https:\/\/www.pirrion.gr\/de\/wp-json\/wp\/v2\/pages"}],"about":[{"href":"https:\/\/www.pirrion.gr\/de\/wp-json\/wp\/v2\/types\/page"}],"author":[{"embeddable":true,"href":"https:\/\/www.pirrion.gr\/de\/wp-json\/wp\/v2\/users\/1"}],"replies":[{"embeddable":true,"href":"https:\/\/www.pirrion.gr\/de\/wp-json\/wp\/v2\/comments?post=9263"}],"version-history":[{"count":12,"href":"https:\/\/www.pirrion.gr\/de\/wp-json\/wp\/v2\/pages\/9263\/revisions"}],"predecessor-version":[{"id":12737,"href":"https:\/\/www.pirrion.gr\/de\/wp-json\/wp\/v2\/pages\/9263\/revisions\/12737"}],"wp:featuredmedia":[{"embeddable":true,"href":"https:\/\/www.pirrion.gr\/de\/wp-json\/wp\/v2\/media\/9478"}],"wp:attachment":[{"href":"https:\/\/www.pirrion.gr\/de\/wp-json\/wp\/v2\/media?parent=9263"}],"curies":[{"name":"wp","href":"https:\/\/api.w.org\/{rel}","templated":true}]}}