{"id":9271,"date":"2019-07-05T20:17:28","date_gmt":"2019-07-05T17:17:28","guid":{"rendered":"https:\/\/www.pirrion.gr\/?page_id=9271"},"modified":"2020-06-15T12:32:43","modified_gmt":"2020-06-15T09:32:43","slug":"pirrion","status":"publish","type":"page","link":"https:\/\/www.pirrion.gr\/de\/pirrion\/","title":{"rendered":"Pirrion"},"content":{"rendered":"<p>[vc_row css=&#8220;.vc_custom_1553682896258{margin-top: 50px !important;}&#8220;][vc_column width=&#8220;1\/5&#8243;][\/vc_column][vc_column width=&#8220;3\/5&#8243; el_class=&#8220;center&#8220;][vc_column_text el_class=&#8220;pirrion-page-title&#8220;]<\/p>\n<h1>Pirrion<\/h1>\n<p>[\/vc_column_text][vc_column_text el_class=&#8220;center&#8220;]Willkommen im Pirrion, einem Hotel mit hohem Standard, einem M\u00e4rchen, das auf dem Berg geboren wurde. Angefangen von den ber\u00fchmten Pal\u00e4sten des K\u00f6nigs von Molossi, Pyrrhos aus, k\u00f6nnen Sie auf unserer s\u00fc\u00dfen Reise ins Zentrum von Zagori nun in eine andere Dimension der Tradition reisen.<\/p>\n<p>Innerhalb weniger Jahre entwickelte sich das Pirrion in ein elegantes Bergresort. H\u00fcbsche Suiten mit Kamin und Whirlpool, die in Verbindung mit den Cocomat 4-Lagen- Schlafsystem f\u00fcr vertr\u00e4umte Abende sorgen. Alle Zimmer wurden nach der traditionellen L\u00f6ffels\u00fc\u00dfigkeit \u201eGlyko Koutaliou\u201c (Bergamotte, Sauerkirsche) benannt, als Hommage an die Jahreszeiten und die mediterrane Ern\u00e4hrung, die traditionell als Zeichen der Gastfreundschaft gelten. Die Dekoration \u00e4ndert sich je nach Jahreszeit (entz\u00fcndete Kamine, festliche Ornamente, aromatische Kerzen, lokale Folkloreelemente). Im Sommer k\u00f6nnen die G\u00e4ste ihre Abendessen auf den k\u00fchlen erh\u00f6hten Terrassen des Pirrion genie\u00dfen und dabei die Aussicht bewundern.<br \/>\n[\/vc_column_text][\/vc_column][vc_column width=&#8220;1\/5&#8243;][\/vc_column][\/vc_row][vc_row full_width=&#8220;stretch_row_content&#8220; equal_height=&#8220;yes&#8220; content_placement=&#8220;middle&#8220; content_text_aligment=&#8220;center&#8220; parallax_background_image=&#8220;7725&#8243; css=&#8220;.vc_custom_1554578862518{margin-top: 50px !important;}&#8220;][vc_column css=&#8220;.vc_custom_1553625106494{background-position: center !important;background-repeat: no-repeat !important;background-size: cover !important;}&#8220;][vc_empty_space height=&#8220;450px&#8220;][\/vc_column][\/vc_row][vc_row css=&#8220;.vc_custom_1553682896258{margin-top: 50px !important;}&#8220;][vc_column width=&#8220;1\/5&#8243;][\/vc_column][vc_column width=&#8220;3\/5&#8243; el_class=&#8220;center&#8220;][vc_column_text el_class=&#8220;center&#8220;]In der Lounge neben dem Kamin k\u00f6nnen sich die G\u00e4ste bei einem Glas Wein aus unserem Keller austauschen. Die Bar l\u00e4dt mit ihrer Sammlung von B\u00fcchern und vielen Filmen zum Entspannen ein. Ein besonderer Ort ist der Unterhaltungsraum, wo man Billard und Tischspiele &#8211; Brettspiele spielen kann. Dabei wird der Raum musikalisch f\u00fcr positive Energie bespielt. Es besteht die M\u00f6glichkeit zur Teilnahme an zahlreichen Angeboten, <strong>Massage\/Yoga<\/strong>, umwelttouristischen Aktivit\u00e4ten, Weinproben in der Natur oder sogar kulturelle Veranstaltungen. Die Kinderbetreuung wird mit Kinderhochst\u00fchlen, Laufgitter und Kinderb\u00fcchern\/M\u00e4rchen begr\u00fc\u00dft. Nur wenige Meter gegen\u00fcber von uns befindet sich der Spielplatz und der Dorfplatz, der sich hervorragend dazu eignet in nat\u00fcrlicher Umgebung Rad zu fahren. Sie k\u00f6nnen sogar das Fr\u00fchst\u00fcck auf Ihrem Zimmer genie\u00dfen (besonders f\u00fcr Flitterw\u00f6chner).<\/p>\n<p>Gen\u00fcsse aus unserer K\u00fcche, treffen auch diejenigen, die in unserem Restaurant speisen und nat\u00fcrlich auch auf jene, die bei uns nach ihrer Hochzeit oder Taufe ihr Bankett feiern m\u00f6chten.[\/vc_column_text][vc_empty_space height=&#8220;50px&#8220;][vc_video link=&#8220;https:\/\/www.youtube.com\/watch?v=kfelRfT8hss&#8220; align=&#8220;center&#8220;][vc_single_image image=&#8220;9179&#8243; img_size=&#8220;full&#8220; alignment=&#8220;center&#8220; css=&#8220;.vc_custom_1556107399721{margin-top: 70px !important;margin-bottom: 50px !important;}&#8220;][vc_custom_heading text=&#8220;Man sagte \u00fcber uns:&#8220; font_container=&#8220;tag:h2|font_size:35|text_align:center&#8220; use_theme_fonts=&#8220;yes&#8220;][vc_column_text el_class=&#8220;center&#8220;]<\/p>\n<ul>\n<li><a title=\"Best Greek Hotel Breakfast Award 2018 Goes to Zagorochoria\" href=\"https:\/\/greece.greekreporter.com\/2018\/03\/08\/best-greek-hotel-breakfast-award-2018-goes-to-zagorochoria\/\" target=\"_blank\" rel=\"noopener noreferrer\"><strong>GreekReporter.com<\/strong> &#8211; Best Greek Hotel Breakfast Award 2018 Goes to Zagorochoria<\/a><\/li>\n<\/ul>\n<p>[\/vc_column_text][\/vc_column][vc_column width=&#8220;1\/5&#8243;][\/vc_column][\/vc_row]<\/p>\n","protected":false},"excerpt":{"rendered":"<p>[vc_row css=&#8220;.vc_custom_1553682896258{margin-top: 50px !important;}&#8220;][vc_column width=&#8220;1\/5&#8243;][\/vc_column][vc_column width=&#8220;3\/5&#8243; el_class=&#8220;center&#8220;][vc_column_text el_class=&#8220;pirrion-page-title&#8220;] Pirrion [\/vc_column_text][vc_column_text el_class=&#8220;center&#8220;]Willkommen im Pirrion, einem Hotel mit hohem Standard, einem [&hellip;]<\/p>\n","protected":false},"author":1,"featured_media":9272,"parent":0,"menu_order":0,"comment_status":"closed","ping_status":"closed","template":"","meta":{"footnotes":""},"class_list":["post-9271","page","type-page","status-publish","has-post-thumbnail","hentry"],"yoast_head":"<!-- This site is optimized with the Yoast SEO plugin v26.8 - https:\/\/yoast.com\/product\/yoast-seo-wordpress\/ -->\n<title>Pirrion - Pirrion wellness boutique hotel<\/title>\n<meta name=\"description\" content=\"Willkommen im Pirrion, einem Hotel mit hohem Standard, einem M\u00e4rchen, das auf dem Berg geboren wurde. Reisen Sie in eine andere Dimension der Tradition.\" \/>\n<meta name=\"robots\" content=\"index, follow, max-snippet:-1, max-image-preview:large, max-video-preview:-1\" \/>\n<link rel=\"canonical\" href=\"https:\/\/www.pirrion.gr\/de\/pirrion\/\" \/>\n<meta property=\"og:locale\" content=\"de_DE\" \/>\n<meta property=\"og:type\" content=\"article\" \/>\n<meta property=\"og:title\" content=\"Pirrion - Pirrion wellness boutique hotel\" \/>\n<meta property=\"og:description\" content=\"Willkommen im Pirrion, einem Hotel mit hohem Standard, einem M\u00e4rchen, das auf dem Berg geboren wurde. Reisen Sie in eine andere Dimension der Tradition.\" \/>\n<meta property=\"og:url\" content=\"https:\/\/www.pirrion.gr\/de\/pirrion\/\" \/>\n<meta property=\"og:site_name\" content=\"Pirrion wellness boutique hotel\" \/>\n<meta property=\"article:publisher\" content=\"https:\/\/www.facebook.com\/PirrionHotelSweetHospitality\/\" \/>\n<meta property=\"article:modified_time\" content=\"2020-06-15T09:32:43+00:00\" \/>\n<meta property=\"og:image\" content=\"https:\/\/www.pirrion.gr\/wp-content\/uploads\/pirrion-outside-0982-1.jpg\" \/>\n\t<meta property=\"og:image:width\" content=\"1920\" \/>\n\t<meta property=\"og:image:height\" content=\"1080\" \/>\n\t<meta property=\"og:image:type\" content=\"image\/jpeg\" \/>\n<meta name=\"twitter:card\" content=\"summary_large_image\" \/>\n<meta name=\"twitter:label1\" content=\"Gesch\u00e4tzte Lesezeit\" \/>\n\t<meta name=\"twitter:data1\" content=\"3\u00a0Minuten\" \/>\n<script type=\"application\/ld+json\" class=\"yoast-schema-graph\">{\"@context\":\"https:\/\/schema.org\",\"@graph\":[{\"@type\":\"WebPage\",\"@id\":\"https:\/\/www.pirrion.gr\/de\/pirrion\/\",\"url\":\"https:\/\/www.pirrion.gr\/de\/pirrion\/\",\"name\":\"Pirrion - Pirrion wellness boutique hotel\",\"isPartOf\":{\"@id\":\"https:\/\/www.pirrion.gr\/de\/#website\"},\"primaryImageOfPage\":{\"@id\":\"https:\/\/www.pirrion.gr\/de\/pirrion\/#primaryimage\"},\"image\":{\"@id\":\"https:\/\/www.pirrion.gr\/de\/pirrion\/#primaryimage\"},\"thumbnailUrl\":\"https:\/\/www.pirrion.gr\/wp-content\/uploads\/pirrion-outside-0982-1.jpg\",\"datePublished\":\"2019-07-05T17:17:28+00:00\",\"dateModified\":\"2020-06-15T09:32:43+00:00\",\"description\":\"Willkommen im Pirrion, einem Hotel mit hohem Standard, einem M\u00e4rchen, das auf dem Berg geboren wurde. Reisen Sie in eine andere Dimension der Tradition.\",\"breadcrumb\":{\"@id\":\"https:\/\/www.pirrion.gr\/de\/pirrion\/#breadcrumb\"},\"inLanguage\":\"de\",\"potentialAction\":[{\"@type\":\"ReadAction\",\"target\":[\"https:\/\/www.pirrion.gr\/de\/pirrion\/\"]}]},{\"@type\":\"ImageObject\",\"inLanguage\":\"de\",\"@id\":\"https:\/\/www.pirrion.gr\/de\/pirrion\/#primaryimage\",\"url\":\"https:\/\/www.pirrion.gr\/wp-content\/uploads\/pirrion-outside-0982-1.jpg\",\"contentUrl\":\"https:\/\/www.pirrion.gr\/wp-content\/uploads\/pirrion-outside-0982-1.jpg\",\"width\":1920,\"height\":1080,\"caption\":\"Pirrion Sweet Hospitality\"},{\"@type\":\"BreadcrumbList\",\"@id\":\"https:\/\/www.pirrion.gr\/de\/pirrion\/#breadcrumb\",\"itemListElement\":[{\"@type\":\"ListItem\",\"position\":1,\"name\":\"Home\",\"item\":\"https:\/\/www.pirrion.gr\/de\/\"},{\"@type\":\"ListItem\",\"position\":2,\"name\":\"Pirrion\"}]},{\"@type\":\"WebSite\",\"@id\":\"https:\/\/www.pirrion.gr\/de\/#website\",\"url\":\"https:\/\/www.pirrion.gr\/de\/\",\"name\":\"Pirrion wellness boutique hotel\",\"description\":\"\",\"publisher\":{\"@id\":\"https:\/\/www.pirrion.gr\/de\/#organization\"},\"potentialAction\":[{\"@type\":\"SearchAction\",\"target\":{\"@type\":\"EntryPoint\",\"urlTemplate\":\"https:\/\/www.pirrion.gr\/de\/?s={search_term_string}\"},\"query-input\":{\"@type\":\"PropertyValueSpecification\",\"valueRequired\":true,\"valueName\":\"search_term_string\"}}],\"inLanguage\":\"de\"},{\"@type\":\"Organization\",\"@id\":\"https:\/\/www.pirrion.gr\/de\/#organization\",\"name\":\"Pirrion wellness boutique hotel\",\"url\":\"https:\/\/www.pirrion.gr\/de\/\",\"logo\":{\"@type\":\"ImageObject\",\"inLanguage\":\"de\",\"@id\":\"https:\/\/www.pirrion.gr\/de\/#\/schema\/logo\/image\/\",\"url\":\"https:\/\/www.pirrion.gr\/wp-content\/uploads\/Untitled-design.png\",\"contentUrl\":\"https:\/\/www.pirrion.gr\/wp-content\/uploads\/Untitled-design.png\",\"width\":3375,\"height\":4219,\"caption\":\"Pirrion wellness boutique hotel\"},\"image\":{\"@id\":\"https:\/\/www.pirrion.gr\/de\/#\/schema\/logo\/image\/\"},\"sameAs\":[\"https:\/\/www.facebook.com\/PirrionHotelSweetHospitality\/\",\"https:\/\/www.instagram.com\/pirrion_wellness_boutiquehotel\/?hl=en\"]}]}<\/script>\n<!-- \/ Yoast SEO plugin. -->","yoast_head_json":{"title":"Pirrion - Pirrion wellness boutique hotel","description":"Willkommen im Pirrion, einem Hotel mit hohem Standard, einem M\u00e4rchen, das auf dem Berg geboren wurde. Reisen Sie in eine andere Dimension der Tradition.","robots":{"index":"index","follow":"follow","max-snippet":"max-snippet:-1","max-image-preview":"max-image-preview:large","max-video-preview":"max-video-preview:-1"},"canonical":"https:\/\/www.pirrion.gr\/de\/pirrion\/","og_locale":"de_DE","og_type":"article","og_title":"Pirrion - Pirrion wellness boutique hotel","og_description":"Willkommen im Pirrion, einem Hotel mit hohem Standard, einem M\u00e4rchen, das auf dem Berg geboren wurde. Reisen Sie in eine andere Dimension der Tradition.","og_url":"https:\/\/www.pirrion.gr\/de\/pirrion\/","og_site_name":"Pirrion wellness boutique hotel","article_publisher":"https:\/\/www.facebook.com\/PirrionHotelSweetHospitality\/","article_modified_time":"2020-06-15T09:32:43+00:00","og_image":[{"width":1920,"height":1080,"url":"https:\/\/www.pirrion.gr\/wp-content\/uploads\/pirrion-outside-0982-1.jpg","type":"image\/jpeg"}],"twitter_card":"summary_large_image","twitter_misc":{"Gesch\u00e4tzte Lesezeit":"3\u00a0Minuten"},"schema":{"@context":"https:\/\/schema.org","@graph":[{"@type":"WebPage","@id":"https:\/\/www.pirrion.gr\/de\/pirrion\/","url":"https:\/\/www.pirrion.gr\/de\/pirrion\/","name":"Pirrion - Pirrion wellness boutique hotel","isPartOf":{"@id":"https:\/\/www.pirrion.gr\/de\/#website"},"primaryImageOfPage":{"@id":"https:\/\/www.pirrion.gr\/de\/pirrion\/#primaryimage"},"image":{"@id":"https:\/\/www.pirrion.gr\/de\/pirrion\/#primaryimage"},"thumbnailUrl":"https:\/\/www.pirrion.gr\/wp-content\/uploads\/pirrion-outside-0982-1.jpg","datePublished":"2019-07-05T17:17:28+00:00","dateModified":"2020-06-15T09:32:43+00:00","description":"Willkommen im Pirrion, einem Hotel mit hohem Standard, einem M\u00e4rchen, das auf dem Berg geboren wurde. Reisen Sie in eine andere Dimension der Tradition.","breadcrumb":{"@id":"https:\/\/www.pirrion.gr\/de\/pirrion\/#breadcrumb"},"inLanguage":"de","potentialAction":[{"@type":"ReadAction","target":["https:\/\/www.pirrion.gr\/de\/pirrion\/"]}]},{"@type":"ImageObject","inLanguage":"de","@id":"https:\/\/www.pirrion.gr\/de\/pirrion\/#primaryimage","url":"https:\/\/www.pirrion.gr\/wp-content\/uploads\/pirrion-outside-0982-1.jpg","contentUrl":"https:\/\/www.pirrion.gr\/wp-content\/uploads\/pirrion-outside-0982-1.jpg","width":1920,"height":1080,"caption":"Pirrion Sweet Hospitality"},{"@type":"BreadcrumbList","@id":"https:\/\/www.pirrion.gr\/de\/pirrion\/#breadcrumb","itemListElement":[{"@type":"ListItem","position":1,"name":"Home","item":"https:\/\/www.pirrion.gr\/de\/"},{"@type":"ListItem","position":2,"name":"Pirrion"}]},{"@type":"WebSite","@id":"https:\/\/www.pirrion.gr\/de\/#website","url":"https:\/\/www.pirrion.gr\/de\/","name":"Pirrion wellness boutique hotel","description":"","publisher":{"@id":"https:\/\/www.pirrion.gr\/de\/#organization"},"potentialAction":[{"@type":"SearchAction","target":{"@type":"EntryPoint","urlTemplate":"https:\/\/www.pirrion.gr\/de\/?s={search_term_string}"},"query-input":{"@type":"PropertyValueSpecification","valueRequired":true,"valueName":"search_term_string"}}],"inLanguage":"de"},{"@type":"Organization","@id":"https:\/\/www.pirrion.gr\/de\/#organization","name":"Pirrion wellness boutique hotel","url":"https:\/\/www.pirrion.gr\/de\/","logo":{"@type":"ImageObject","inLanguage":"de","@id":"https:\/\/www.pirrion.gr\/de\/#\/schema\/logo\/image\/","url":"https:\/\/www.pirrion.gr\/wp-content\/uploads\/Untitled-design.png","contentUrl":"https:\/\/www.pirrion.gr\/wp-content\/uploads\/Untitled-design.png","width":3375,"height":4219,"caption":"Pirrion wellness boutique hotel"},"image":{"@id":"https:\/\/www.pirrion.gr\/de\/#\/schema\/logo\/image\/"},"sameAs":["https:\/\/www.facebook.com\/PirrionHotelSweetHospitality\/","https:\/\/www.instagram.com\/pirrion_wellness_boutiquehotel\/?hl=en"]}]}},"_links":{"self":[{"href":"https:\/\/www.pirrion.gr\/de\/wp-json\/wp\/v2\/pages\/9271","targetHints":{"allow":["GET"]}}],"collection":[{"href":"https:\/\/www.pirrion.gr\/de\/wp-json\/wp\/v2\/pages"}],"about":[{"href":"https:\/\/www.pirrion.gr\/de\/wp-json\/wp\/v2\/types\/page"}],"author":[{"embeddable":true,"href":"https:\/\/www.pirrion.gr\/de\/wp-json\/wp\/v2\/users\/1"}],"replies":[{"embeddable":true,"href":"https:\/\/www.pirrion.gr\/de\/wp-json\/wp\/v2\/comments?post=9271"}],"version-history":[{"count":5,"href":"https:\/\/www.pirrion.gr\/de\/wp-json\/wp\/v2\/pages\/9271\/revisions"}],"predecessor-version":[{"id":10443,"href":"https:\/\/www.pirrion.gr\/de\/wp-json\/wp\/v2\/pages\/9271\/revisions\/10443"}],"wp:featuredmedia":[{"embeddable":true,"href":"https:\/\/www.pirrion.gr\/de\/wp-json\/wp\/v2\/media\/9272"}],"wp:attachment":[{"href":"https:\/\/www.pirrion.gr\/de\/wp-json\/wp\/v2\/media?parent=9271"}],"curies":[{"name":"wp","href":"https:\/\/api.w.org\/{rel}","templated":true}]}}