{"id":9275,"date":"2019-07-05T20:19:20","date_gmt":"2019-07-05T17:19:20","guid":{"rendered":"https:\/\/www.pirrion.gr\/?page_id=9275"},"modified":"2020-11-23T15:57:24","modified_gmt":"2020-11-23T13:57:24","slug":"philosophie","status":"publish","type":"page","link":"https:\/\/www.pirrion.gr\/de\/philosophie\/","title":{"rendered":"Philosophie"},"content":{"rendered":"<p>[vc_row css=&#8220;.vc_custom_1553682896258{margin-top: 50px !important;}&#8220;][vc_column width=&#8220;1\/5&#8243;][\/vc_column][vc_column width=&#8220;3\/5&#8243; el_class=&#8220;center&#8220;][vc_column_text el_class=&#8220;pirrion-page-title&#8220;]<\/p>\n<h1>Philosophie<\/h1>\n<p>[\/vc_column_text][vc_column_text el_class=&#8220;center&#8220;]Das Verm\u00e4chtnis unseres Gro\u00dfvaters <strong>Kostas X. Trakis<\/strong> im traditionellen Volksgesang von Epirus mit seiner Musikgruppe \u201ePerikloutsia\u201c ist im Pirrion noch lebendig.<\/p>\n<p>Die Band war ein Anziehungspunkt f\u00fcr die Familienfeiern in den Epirus-Bergen. Verwandte Bilder und Fotomaterial, aber auch alte Aufzeichnungen, Archive und B\u00fccher mit unserer Familientradition vermischen sich mit dem Geist des Gro\u00dfvaters, der als erster die Steinfundamente aus Schiefer in <strong>Pirrion<\/strong> geschnitzt hat und somit den Grundstein legte, damals als es noch ein Berghaus war.<\/p>\n<p>Da unsere Ahnenfamilie in den Bergen von Zagori so gut verankert war, verfolgen wir weiterhin unseren Traum von dem Gef\u00fchl, welches wir bereits schon immer f\u00fcr den Ort empfanden. Ein Ziel der einzigartigen Gastlichkeit und Tradition, in der Sie sich wie zu Hause f\u00fchlen werden.[\/vc_column_text][\/vc_column][vc_column width=&#8220;1\/5&#8243;][\/vc_column][\/vc_row][vc_row full_width=&#8220;stretch_row_content&#8220; equal_height=&#8220;yes&#8220; content_placement=&#8220;middle&#8220; content_text_aligment=&#8220;center&#8220; parallax_background_image=&#8220;8095&#8243; css=&#8220;.vc_custom_1554579519079{margin-top: 50px !important;}&#8220;][vc_column css=&#8220;.vc_custom_1553625106494{background-position: center !important;background-repeat: no-repeat !important;background-size: cover !important;}&#8220;][vc_empty_space height=&#8220;450px&#8220;][\/vc_column][\/vc_row][vc_row css=&#8220;.vc_custom_1553682896258{margin-top: 50px !important;}&#8220;][vc_column width=&#8220;1\/5&#8243;][\/vc_column][vc_column width=&#8220;3\/5&#8243; el_class=&#8220;center&#8220;][vc_column_text el_class=&#8220;center&#8220;]Die Grundidee des <strong>Pirrion<\/strong> ist, dass alle Dienstleistungen (W\u00e4rme, Vergn\u00fcgen, Sicherheit, Bibliothek usw.) und das, was angeboten wird (Fr\u00fchst\u00fcck, S\u00fc\u00dfspeisen, Essen, ausgesuchter Wein), die Werte unseres Familienunternehmens widerspiegeln.<\/p>\n<p>Man sagt, dass ein Leben nicht ausreicht, um Zagori kennenzulernen, das Gleiche gilt f\u00fcr das <strong>Pirrion<\/strong>!<\/p>\n<p>Hierher kommt man immer und immer wieder. Jede Jahreszeit ist ganz individuell, und jedes Mal, entdeckt man etwas Neues. Das\u00a0<strong>Pirrion wellness boutique hotel<\/strong> (s\u00fc\u00dfe Gastfreundschaft) bedeutet ein Versprechen einer fantastischen Reise in den Bergen von Zagori, es ist ein echtes <strong>Berg-Resort<\/strong> mit europ\u00e4ischem Standard.<\/p>\n<p>Das Pirrion fungiert neben dem Hotel auch erfolgreich als Kulturzentrum, Ausstellungen mehrerer K\u00fcnstler (Maler, Fotografen und Schriftsteller) wurden hier veranstaltet.[\/vc_column_text][\/vc_column][vc_column width=&#8220;1\/5&#8243;][\/vc_column][\/vc_row]<\/p>\n","protected":false},"excerpt":{"rendered":"<p>[vc_row css=&#8220;.vc_custom_1553682896258{margin-top: 50px !important;}&#8220;][vc_column width=&#8220;1\/5&#8243;][\/vc_column][vc_column width=&#8220;3\/5&#8243; el_class=&#8220;center&#8220;][vc_column_text el_class=&#8220;pirrion-page-title&#8220;] Philosophie [\/vc_column_text][vc_column_text el_class=&#8220;center&#8220;]Das Verm\u00e4chtnis unseres Gro\u00dfvaters Kostas X. Trakis im traditionellen [&hellip;]<\/p>\n","protected":false},"author":1,"featured_media":9278,"parent":0,"menu_order":0,"comment_status":"closed","ping_status":"closed","template":"","meta":{"footnotes":""},"class_list":["post-9275","page","type-page","status-publish","has-post-thumbnail","hentry"],"yoast_head":"<!-- This site is optimized with the Yoast SEO plugin v26.8 - https:\/\/yoast.com\/product\/yoast-seo-wordpress\/ -->\n<title>Philosophie - Pirrion wellness boutique hotel<\/title>\n<meta name=\"description\" content=\"Die Grundidee des Pirrion ist, dass alle Dienstleistungen und das, was angeboten wird, die Werte unseres Familienunternehmens widerspiegeln.\" \/>\n<meta name=\"robots\" content=\"index, follow, max-snippet:-1, max-image-preview:large, max-video-preview:-1\" \/>\n<link rel=\"canonical\" href=\"https:\/\/www.pirrion.gr\/de\/philosophie\/\" \/>\n<meta property=\"og:locale\" content=\"de_DE\" \/>\n<meta property=\"og:type\" content=\"article\" \/>\n<meta property=\"og:title\" content=\"Philosophie - Pirrion wellness boutique hotel\" \/>\n<meta property=\"og:description\" content=\"Die Grundidee des Pirrion ist, dass alle Dienstleistungen und das, was angeboten wird, die Werte unseres Familienunternehmens widerspiegeln.\" \/>\n<meta property=\"og:url\" content=\"https:\/\/www.pirrion.gr\/de\/philosophie\/\" \/>\n<meta property=\"og:site_name\" content=\"Pirrion wellness boutique hotel\" \/>\n<meta property=\"article:publisher\" content=\"https:\/\/www.facebook.com\/PirrionHotelSweetHospitality\/\" \/>\n<meta property=\"article:modified_time\" content=\"2020-11-23T13:57:24+00:00\" \/>\n<meta property=\"og:image\" content=\"https:\/\/www.pirrion.gr\/wp-content\/uploads\/pirrion-outside-0960-1.jpg\" \/>\n\t<meta property=\"og:image:width\" content=\"1920\" \/>\n\t<meta property=\"og:image:height\" content=\"1080\" \/>\n\t<meta property=\"og:image:type\" content=\"image\/jpeg\" \/>\n<meta name=\"twitter:card\" content=\"summary_large_image\" \/>\n<meta name=\"twitter:label1\" content=\"Gesch\u00e4tzte Lesezeit\" \/>\n\t<meta name=\"twitter:data1\" content=\"2\u00a0Minuten\" \/>\n<script type=\"application\/ld+json\" class=\"yoast-schema-graph\">{\"@context\":\"https:\/\/schema.org\",\"@graph\":[{\"@type\":\"WebPage\",\"@id\":\"https:\/\/www.pirrion.gr\/de\/philosophie\/\",\"url\":\"https:\/\/www.pirrion.gr\/de\/philosophie\/\",\"name\":\"Philosophie - Pirrion wellness boutique hotel\",\"isPartOf\":{\"@id\":\"https:\/\/www.pirrion.gr\/de\/#website\"},\"primaryImageOfPage\":{\"@id\":\"https:\/\/www.pirrion.gr\/de\/philosophie\/#primaryimage\"},\"image\":{\"@id\":\"https:\/\/www.pirrion.gr\/de\/philosophie\/#primaryimage\"},\"thumbnailUrl\":\"https:\/\/www.pirrion.gr\/wp-content\/uploads\/pirrion-outside-0960-1.jpg\",\"datePublished\":\"2019-07-05T17:19:20+00:00\",\"dateModified\":\"2020-11-23T13:57:24+00:00\",\"description\":\"Die Grundidee des Pirrion ist, dass alle Dienstleistungen und das, was angeboten wird, die Werte unseres Familienunternehmens widerspiegeln.\",\"breadcrumb\":{\"@id\":\"https:\/\/www.pirrion.gr\/de\/philosophie\/#breadcrumb\"},\"inLanguage\":\"de\",\"potentialAction\":[{\"@type\":\"ReadAction\",\"target\":[\"https:\/\/www.pirrion.gr\/de\/philosophie\/\"]}]},{\"@type\":\"ImageObject\",\"inLanguage\":\"de\",\"@id\":\"https:\/\/www.pirrion.gr\/de\/philosophie\/#primaryimage\",\"url\":\"https:\/\/www.pirrion.gr\/wp-content\/uploads\/pirrion-outside-0960-1.jpg\",\"contentUrl\":\"https:\/\/www.pirrion.gr\/wp-content\/uploads\/pirrion-outside-0960-1.jpg\",\"width\":1920,\"height\":1080,\"caption\":\"Pirrion Sweet Hospitality\"},{\"@type\":\"BreadcrumbList\",\"@id\":\"https:\/\/www.pirrion.gr\/de\/philosophie\/#breadcrumb\",\"itemListElement\":[{\"@type\":\"ListItem\",\"position\":1,\"name\":\"Home\",\"item\":\"https:\/\/www.pirrion.gr\/de\/\"},{\"@type\":\"ListItem\",\"position\":2,\"name\":\"Philosophie\"}]},{\"@type\":\"WebSite\",\"@id\":\"https:\/\/www.pirrion.gr\/de\/#website\",\"url\":\"https:\/\/www.pirrion.gr\/de\/\",\"name\":\"Pirrion wellness boutique hotel\",\"description\":\"\",\"publisher\":{\"@id\":\"https:\/\/www.pirrion.gr\/de\/#organization\"},\"potentialAction\":[{\"@type\":\"SearchAction\",\"target\":{\"@type\":\"EntryPoint\",\"urlTemplate\":\"https:\/\/www.pirrion.gr\/de\/?s={search_term_string}\"},\"query-input\":{\"@type\":\"PropertyValueSpecification\",\"valueRequired\":true,\"valueName\":\"search_term_string\"}}],\"inLanguage\":\"de\"},{\"@type\":\"Organization\",\"@id\":\"https:\/\/www.pirrion.gr\/de\/#organization\",\"name\":\"Pirrion wellness boutique hotel\",\"url\":\"https:\/\/www.pirrion.gr\/de\/\",\"logo\":{\"@type\":\"ImageObject\",\"inLanguage\":\"de\",\"@id\":\"https:\/\/www.pirrion.gr\/de\/#\/schema\/logo\/image\/\",\"url\":\"https:\/\/www.pirrion.gr\/wp-content\/uploads\/Untitled-design.png\",\"contentUrl\":\"https:\/\/www.pirrion.gr\/wp-content\/uploads\/Untitled-design.png\",\"width\":3375,\"height\":4219,\"caption\":\"Pirrion wellness boutique hotel\"},\"image\":{\"@id\":\"https:\/\/www.pirrion.gr\/de\/#\/schema\/logo\/image\/\"},\"sameAs\":[\"https:\/\/www.facebook.com\/PirrionHotelSweetHospitality\/\",\"https:\/\/www.instagram.com\/pirrion_wellness_boutiquehotel\/?hl=en\"]}]}<\/script>\n<!-- \/ Yoast SEO plugin. -->","yoast_head_json":{"title":"Philosophie - Pirrion wellness boutique hotel","description":"Die Grundidee des Pirrion ist, dass alle Dienstleistungen und das, was angeboten wird, die Werte unseres Familienunternehmens widerspiegeln.","robots":{"index":"index","follow":"follow","max-snippet":"max-snippet:-1","max-image-preview":"max-image-preview:large","max-video-preview":"max-video-preview:-1"},"canonical":"https:\/\/www.pirrion.gr\/de\/philosophie\/","og_locale":"de_DE","og_type":"article","og_title":"Philosophie - Pirrion wellness boutique hotel","og_description":"Die Grundidee des Pirrion ist, dass alle Dienstleistungen und das, was angeboten wird, die Werte unseres Familienunternehmens widerspiegeln.","og_url":"https:\/\/www.pirrion.gr\/de\/philosophie\/","og_site_name":"Pirrion wellness boutique hotel","article_publisher":"https:\/\/www.facebook.com\/PirrionHotelSweetHospitality\/","article_modified_time":"2020-11-23T13:57:24+00:00","og_image":[{"width":1920,"height":1080,"url":"https:\/\/www.pirrion.gr\/wp-content\/uploads\/pirrion-outside-0960-1.jpg","type":"image\/jpeg"}],"twitter_card":"summary_large_image","twitter_misc":{"Gesch\u00e4tzte Lesezeit":"2\u00a0Minuten"},"schema":{"@context":"https:\/\/schema.org","@graph":[{"@type":"WebPage","@id":"https:\/\/www.pirrion.gr\/de\/philosophie\/","url":"https:\/\/www.pirrion.gr\/de\/philosophie\/","name":"Philosophie - Pirrion wellness boutique hotel","isPartOf":{"@id":"https:\/\/www.pirrion.gr\/de\/#website"},"primaryImageOfPage":{"@id":"https:\/\/www.pirrion.gr\/de\/philosophie\/#primaryimage"},"image":{"@id":"https:\/\/www.pirrion.gr\/de\/philosophie\/#primaryimage"},"thumbnailUrl":"https:\/\/www.pirrion.gr\/wp-content\/uploads\/pirrion-outside-0960-1.jpg","datePublished":"2019-07-05T17:19:20+00:00","dateModified":"2020-11-23T13:57:24+00:00","description":"Die Grundidee des Pirrion ist, dass alle Dienstleistungen und das, was angeboten wird, die Werte unseres Familienunternehmens widerspiegeln.","breadcrumb":{"@id":"https:\/\/www.pirrion.gr\/de\/philosophie\/#breadcrumb"},"inLanguage":"de","potentialAction":[{"@type":"ReadAction","target":["https:\/\/www.pirrion.gr\/de\/philosophie\/"]}]},{"@type":"ImageObject","inLanguage":"de","@id":"https:\/\/www.pirrion.gr\/de\/philosophie\/#primaryimage","url":"https:\/\/www.pirrion.gr\/wp-content\/uploads\/pirrion-outside-0960-1.jpg","contentUrl":"https:\/\/www.pirrion.gr\/wp-content\/uploads\/pirrion-outside-0960-1.jpg","width":1920,"height":1080,"caption":"Pirrion Sweet Hospitality"},{"@type":"BreadcrumbList","@id":"https:\/\/www.pirrion.gr\/de\/philosophie\/#breadcrumb","itemListElement":[{"@type":"ListItem","position":1,"name":"Home","item":"https:\/\/www.pirrion.gr\/de\/"},{"@type":"ListItem","position":2,"name":"Philosophie"}]},{"@type":"WebSite","@id":"https:\/\/www.pirrion.gr\/de\/#website","url":"https:\/\/www.pirrion.gr\/de\/","name":"Pirrion wellness boutique hotel","description":"","publisher":{"@id":"https:\/\/www.pirrion.gr\/de\/#organization"},"potentialAction":[{"@type":"SearchAction","target":{"@type":"EntryPoint","urlTemplate":"https:\/\/www.pirrion.gr\/de\/?s={search_term_string}"},"query-input":{"@type":"PropertyValueSpecification","valueRequired":true,"valueName":"search_term_string"}}],"inLanguage":"de"},{"@type":"Organization","@id":"https:\/\/www.pirrion.gr\/de\/#organization","name":"Pirrion wellness boutique hotel","url":"https:\/\/www.pirrion.gr\/de\/","logo":{"@type":"ImageObject","inLanguage":"de","@id":"https:\/\/www.pirrion.gr\/de\/#\/schema\/logo\/image\/","url":"https:\/\/www.pirrion.gr\/wp-content\/uploads\/Untitled-design.png","contentUrl":"https:\/\/www.pirrion.gr\/wp-content\/uploads\/Untitled-design.png","width":3375,"height":4219,"caption":"Pirrion wellness boutique hotel"},"image":{"@id":"https:\/\/www.pirrion.gr\/de\/#\/schema\/logo\/image\/"},"sameAs":["https:\/\/www.facebook.com\/PirrionHotelSweetHospitality\/","https:\/\/www.instagram.com\/pirrion_wellness_boutiquehotel\/?hl=en"]}]}},"_links":{"self":[{"href":"https:\/\/www.pirrion.gr\/de\/wp-json\/wp\/v2\/pages\/9275","targetHints":{"allow":["GET"]}}],"collection":[{"href":"https:\/\/www.pirrion.gr\/de\/wp-json\/wp\/v2\/pages"}],"about":[{"href":"https:\/\/www.pirrion.gr\/de\/wp-json\/wp\/v2\/types\/page"}],"author":[{"embeddable":true,"href":"https:\/\/www.pirrion.gr\/de\/wp-json\/wp\/v2\/users\/1"}],"replies":[{"embeddable":true,"href":"https:\/\/www.pirrion.gr\/de\/wp-json\/wp\/v2\/comments?post=9275"}],"version-history":[{"count":2,"href":"https:\/\/www.pirrion.gr\/de\/wp-json\/wp\/v2\/pages\/9275\/revisions"}],"predecessor-version":[{"id":11234,"href":"https:\/\/www.pirrion.gr\/de\/wp-json\/wp\/v2\/pages\/9275\/revisions\/11234"}],"wp:featuredmedia":[{"embeddable":true,"href":"https:\/\/www.pirrion.gr\/de\/wp-json\/wp\/v2\/media\/9278"}],"wp:attachment":[{"href":"https:\/\/www.pirrion.gr\/de\/wp-json\/wp\/v2\/media?parent=9275"}],"curies":[{"name":"wp","href":"https:\/\/api.w.org\/{rel}","templated":true}]}}