{"id":9280,"date":"2019-07-05T20:25:40","date_gmt":"2019-07-05T17:25:40","guid":{"rendered":"https:\/\/www.pirrion.gr\/?page_id=9280"},"modified":"2019-07-08T01:39:27","modified_gmt":"2019-07-07T22:39:27","slug":"gruene-richtung","status":"publish","type":"page","link":"https:\/\/www.pirrion.gr\/de\/gruene-richtung\/","title":{"rendered":"Gr\u00fcne Richtung"},"content":{"rendered":"<p>[vc_row css=&#8220;.vc_custom_1553682896258{margin-top: 50px !important;}&#8220;][vc_column width=&#8220;1\/5&#8243;][\/vc_column][vc_column width=&#8220;3\/5&#8243; el_class=&#8220;center&#8220;][vc_single_image image=&#8220;6814&#8243; img_size=&#8220;full&#8220; alignment=&#8220;center&#8220;][vc_column_text el_class=&#8220;pirrion-page-title&#8220;]<\/p>\n<h1>Gr\u00fcne Richtung<\/h1>\n<p>[\/vc_column_text][vc_column_text el_class=&#8220;center&#8220;]Familienunternehmen verbindet agrotouristisches Bewusstsein und \u00f6kologische Philosophie, um den Reisenden die &#8222;Geschenke&#8220; von Mutter Erde zur\u00fcckzugeben.<\/p>\n<p>Die Familie, die grunds\u00e4tzlich ihre eigenen \u00f6kologischen Sensibilit\u00e4ten hat, die den Reisenden gleichzeitig eine umweltbewusste Koordination bringen, aber auch im Pirrion sparen, w\u00e4hlt Wege, um Alternativen zu schaffen, die vollst\u00e4ndig mit der nat\u00fcrlichen Landschaft harmonieren. Heutzutage, ob zur Erholung oder f\u00fcr gesch\u00e4ftliche Zwecke, ist der Aufenthalt in einem Green Hotel unerl\u00e4sslich. Motivation ist es, in jeder Hinsicht Energie zu sparen und unseren nat\u00fcrlichen Reichtum zu st\u00e4rken, ein Akt, der am Ende des Tages zu uns zur\u00fcckkehrt.[\/vc_column_text][\/vc_column][vc_column width=&#8220;1\/5&#8243;][\/vc_column][\/vc_row][vc_row full_width=&#8220;stretch_row_content&#8220; equal_height=&#8220;yes&#8220; content_placement=&#8220;middle&#8220; content_text_aligment=&#8220;center&#8220; parallax_background_image=&#8220;8108&#8243; css=&#8220;.vc_custom_1554584123874{margin-top: 50px !important;}&#8220;][vc_column css=&#8220;.vc_custom_1553625106494{background-position: center !important;background-repeat: no-repeat !important;background-size: cover !important;}&#8220;][vc_empty_space height=&#8220;450px&#8220;][\/vc_column][\/vc_row][vc_row][vc_column][vc_empty_space][vc_column_text el_class=&#8220;center&#8220;]<\/p>\n<h2 style=\"text-align: center; font-size: 35px;\">Wichtige Ma\u00dfnahmen zur Umsetzung der gr\u00fcnen Richtung<\/h2>\n<p>[\/vc_column_text][vc_empty_space][\/vc_column][vc_column width=&#8220;1\/2&#8243;][vc_column_text el_class=&#8220;center&#8220;]<\/p>\n<ul>\n<li style=\"text-align: left;\">Energetische Kamine zur Beheizung der Gemeinschaftsr\u00e4ume<\/li>\n<li style=\"text-align: left;\">Energiesparlampen<\/li>\n<li style=\"text-align: left;\">Luft-Wasser-W\u00e4rmepumpen<\/li>\n<li style=\"text-align: left;\">Neuer Heiz\u00f6lkessel<\/li>\n<li style=\"text-align: left;\">Elektroger\u00e4te der hohen Energieklasse<\/li>\n<li style=\"text-align: left;\">Vermeidung von umweltbelastenden T\u00e4tigkeiten<\/li>\n<li style=\"text-align: left;\">Reduzierung der Verwendung von elektrischem Strom<\/li>\n<li style=\"text-align: left;\">Wir sagen \u201eNein\u201c zu unn\u00f6tigem Papier- und Druckverbrauch<\/li>\n<li style=\"text-align: left;\">Bevorzugung der elektronischen Kommunikation gegen\u00fcber Briefpapier etc.<\/li>\n<\/ul>\n<p>[\/vc_column_text][\/vc_column][vc_column width=&#8220;1\/2&#8243;][vc_column_text el_class=&#8220;center&#8220;]<\/p>\n<ul>\n<li style=\"text-align: left;\">Pr\u00e4ferenz f\u00fcr den Kauf von \u00f6kologischen und lokalen Produkten<\/li>\n<li style=\"text-align: left;\">Personalauswahl von Ortsans\u00e4ssigen<\/li>\n<li style=\"text-align: left;\">Beleuchtung mit h\u00f6herem Energieeffizienzfaktor<\/li>\n<li style=\"text-align: left;\">Verbesserung der nat\u00fcrlichen Beleuchtung<\/li>\n<li style=\"text-align: left;\">Toiletten mit geringerem Wasserverbrauch<\/li>\n<li style=\"text-align: left;\">Biologische Reinigungsmittel<\/li>\n<li style=\"text-align: left;\">Wechsel der Handt\u00fccher in den Zimmern auf Wunsch, um Wasser zu sparen und den Einsatz von Reinigungsmitteln zu begrenzen.<\/li>\n<li style=\"text-align: left;\">Recycling (Papier-Kunststoff-Glas-Aluminium-Batterien-Speise\u00f6le und organische Abf\u00e4lle aus Lebensmittelresten, Baumbeschnitt usw.)<\/li>\n<\/ul>\n<p>[\/vc_column_text][\/vc_column][\/vc_row][vc_row full_width=&#8220;stretch_row_content&#8220; equal_height=&#8220;yes&#8220; content_placement=&#8220;middle&#8220; content_text_aligment=&#8220;center&#8220; parallax_background_image=&#8220;8105&#8243; css=&#8220;.vc_custom_1554583595009{margin-top: 50px !important;}&#8220;][vc_column css=&#8220;.vc_custom_1553625106494{background-position: center !important;background-repeat: no-repeat !important;background-size: cover !important;}&#8220;][vc_empty_space height=&#8220;450px&#8220;][\/vc_column][\/vc_row][vc_row][vc_column][vc_empty_space][vc_column_text el_class=&#8220;center&#8220;]<\/p>\n<h3 style=\"text-align: center;\">Gemeinsam mit uns, k\u00f6nnen auch Sie w\u00e4hrend Ihres Aufenthaltes mithelfen!<\/h3>\n<p>[\/vc_column_text][vc_empty_space][\/vc_column][vc_column width=&#8220;1\/2&#8243;][vc_column_text el_class=&#8220;center&#8220;]<\/p>\n<ul>\n<li style=\"text-align: left;\">Achten Sie darauf, dass Sie bei Bedarf die Beleuchtung verwenden<\/li>\n<li style=\"text-align: left;\">Schalten Sie die Elektroger\u00e4te aus, wenn sie nicht ben\u00f6tigt werden, und schlie\u00dfen Sie die Fenster und T\u00fcren, wenn die Heizung eingeschaltet ist, um Ihren Raum warm zu halten<\/li>\n<li style=\"text-align: left;\">Jedes Mal, wenn Sie Ihren Raum verlassen, heben Sie die Power-Karte leicht an<\/li>\n<li style=\"text-align: left;\">Schalten Sie den Wasserhahn aus, w\u00e4hrend Sie Ihre Z\u00e4hne putzen<\/li>\n<li style=\"text-align: left;\">Duschen und bei Bedarf sp\u00fclen<\/li>\n<li style=\"text-align: left;\">Auch die Bettw\u00e4sche (Laken, Handt\u00fccher, Kissenbez\u00fcge) wiederverwenden, wenn diese sauber ist<\/li>\n<\/ul>\n<p>[\/vc_column_text][\/vc_column][vc_column width=&#8220;1\/2&#8243;][vc_column_text el_class=&#8220;center&#8220;]<\/p>\n<ul>\n<li style=\"text-align: left;\">W\u00e4hlen Sie lokale Leckereien aus in der Region produzierten Zutaten<\/li>\n<li style=\"text-align: left;\">Helfen Sie uns beim Recycling (Papier-Kunststoff-Glas-Aluminium-Batterie)<\/li>\n<li style=\"text-align: left;\">Wanderungen und Fahrten ohne Auto. Es gibt viele kleine und lange Reisen ohne das Auto, die Sie wunderbar begeistern werden<\/li>\n<li style=\"text-align: left;\">Kaufen Sie lokale Kr\u00e4uter, lokale S\u00fc\u00dfigkeiten und Lik\u00f6re, handgemachte Marmeladen und Konfit\u00fcren. Wir informieren Sie gerne, was es in Zagorochoria gibt!<\/li>\n<\/ul>\n<p>[\/vc_column_text][\/vc_column][\/vc_row][vc_row css=&#8220;.vc_custom_1555268393864{margin-top: 50px !important;}&#8220;][vc_column width=&#8220;1\/4&#8243;][\/vc_column][vc_column width=&#8220;1\/2&#8243;][vc_column_text]<\/p>\n<p style=\"text-align: center;\">Informieren Sie sich vor Beginn Ihres Urlaubs genauer \u00fcber die von Pirrion unterst\u00fctzten Vorschl\u00e4ge der Erdstunde, unter folgendem Link <strong><a href=\"https:\/\/www.wwf.gr\" target=\"_blank\" rel=\"noopener noreferrer\">www.wwf.gr<\/a><\/strong><\/p>\n<p>[\/vc_column_text][\/vc_column][vc_column width=&#8220;1\/4&#8243;][\/vc_column][\/vc_row]<\/p>\n","protected":false},"excerpt":{"rendered":"<p>[vc_row css=&#8220;.vc_custom_1553682896258{margin-top: 50px !important;}&#8220;][vc_column width=&#8220;1\/5&#8243;][\/vc_column][vc_column width=&#8220;3\/5&#8243; el_class=&#8220;center&#8220;][vc_single_image image=&#8220;6814&#8243; img_size=&#8220;full&#8220; alignment=&#8220;center&#8220;][vc_column_text el_class=&#8220;pirrion-page-title&#8220;] Gr\u00fcne Richtung [\/vc_column_text][vc_column_text el_class=&#8220;center&#8220;]Familienunternehmen verbindet agrotouristisches Bewusstsein und [&hellip;]<\/p>\n","protected":false},"author":1,"featured_media":9282,"parent":0,"menu_order":0,"comment_status":"closed","ping_status":"closed","template":"","meta":{"footnotes":""},"class_list":["post-9280","page","type-page","status-publish","has-post-thumbnail","hentry"],"yoast_head":"<!-- This site is optimized with the Yoast SEO plugin v26.8 - https:\/\/yoast.com\/product\/yoast-seo-wordpress\/ -->\n<title>Gr\u00fcne Richtung - Pirrion wellness boutique hotel<\/title>\n<meta name=\"description\" content=\"Die Erhaltung und der Schutz der nat\u00fcrlichen Sch\u00f6nheit der Region und die \u00f6kologische Nachhaltigkeit sind das Hauptanliegen des Pirrion sweet hospitality.\" \/>\n<meta name=\"robots\" content=\"index, follow, max-snippet:-1, max-image-preview:large, max-video-preview:-1\" \/>\n<link rel=\"canonical\" href=\"https:\/\/www.pirrion.gr\/de\/gruene-richtung\/\" \/>\n<meta property=\"og:locale\" content=\"de_DE\" \/>\n<meta property=\"og:type\" content=\"article\" \/>\n<meta property=\"og:title\" content=\"Gr\u00fcne Richtung - Pirrion wellness boutique hotel\" \/>\n<meta property=\"og:description\" content=\"Die Erhaltung und der Schutz der nat\u00fcrlichen Sch\u00f6nheit der Region und die \u00f6kologische Nachhaltigkeit sind das Hauptanliegen des Pirrion sweet hospitality.\" \/>\n<meta property=\"og:url\" content=\"https:\/\/www.pirrion.gr\/de\/gruene-richtung\/\" \/>\n<meta property=\"og:site_name\" content=\"Pirrion wellness boutique hotel\" \/>\n<meta property=\"article:publisher\" content=\"https:\/\/www.facebook.com\/PirrionHotelSweetHospitality\/\" \/>\n<meta property=\"article:modified_time\" content=\"2019-07-07T22:39:27+00:00\" \/>\n<meta property=\"og:image\" content=\"https:\/\/www.pirrion.gr\/wp-content\/uploads\/prasini-kateythynsi-01.jpg\" \/>\n\t<meta property=\"og:image:width\" content=\"1920\" \/>\n\t<meta property=\"og:image:height\" content=\"1080\" \/>\n\t<meta property=\"og:image:type\" content=\"image\/jpeg\" \/>\n<meta name=\"twitter:card\" content=\"summary_large_image\" \/>\n<meta name=\"twitter:label1\" content=\"Gesch\u00e4tzte Lesezeit\" \/>\n\t<meta name=\"twitter:data1\" content=\"3\u00a0Minuten\" \/>\n<script type=\"application\/ld+json\" class=\"yoast-schema-graph\">{\"@context\":\"https:\/\/schema.org\",\"@graph\":[{\"@type\":\"WebPage\",\"@id\":\"https:\/\/www.pirrion.gr\/de\/gruene-richtung\/\",\"url\":\"https:\/\/www.pirrion.gr\/de\/gruene-richtung\/\",\"name\":\"Gr\u00fcne Richtung - Pirrion wellness boutique hotel\",\"isPartOf\":{\"@id\":\"https:\/\/www.pirrion.gr\/de\/#website\"},\"primaryImageOfPage\":{\"@id\":\"https:\/\/www.pirrion.gr\/de\/gruene-richtung\/#primaryimage\"},\"image\":{\"@id\":\"https:\/\/www.pirrion.gr\/de\/gruene-richtung\/#primaryimage\"},\"thumbnailUrl\":\"https:\/\/www.pirrion.gr\/wp-content\/uploads\/prasini-kateythynsi-01.jpg\",\"datePublished\":\"2019-07-05T17:25:40+00:00\",\"dateModified\":\"2019-07-07T22:39:27+00:00\",\"description\":\"Die Erhaltung und der Schutz der nat\u00fcrlichen Sch\u00f6nheit der Region und die \u00f6kologische Nachhaltigkeit sind das Hauptanliegen des Pirrion sweet hospitality.\",\"breadcrumb\":{\"@id\":\"https:\/\/www.pirrion.gr\/de\/gruene-richtung\/#breadcrumb\"},\"inLanguage\":\"de\",\"potentialAction\":[{\"@type\":\"ReadAction\",\"target\":[\"https:\/\/www.pirrion.gr\/de\/gruene-richtung\/\"]}]},{\"@type\":\"ImageObject\",\"inLanguage\":\"de\",\"@id\":\"https:\/\/www.pirrion.gr\/de\/gruene-richtung\/#primaryimage\",\"url\":\"https:\/\/www.pirrion.gr\/wp-content\/uploads\/prasini-kateythynsi-01.jpg\",\"contentUrl\":\"https:\/\/www.pirrion.gr\/wp-content\/uploads\/prasini-kateythynsi-01.jpg\",\"width\":1920,\"height\":1080,\"caption\":\"Gr\u00fcne Richtung - Pirrion Sweet Hospitality\"},{\"@type\":\"BreadcrumbList\",\"@id\":\"https:\/\/www.pirrion.gr\/de\/gruene-richtung\/#breadcrumb\",\"itemListElement\":[{\"@type\":\"ListItem\",\"position\":1,\"name\":\"Home\",\"item\":\"https:\/\/www.pirrion.gr\/de\/\"},{\"@type\":\"ListItem\",\"position\":2,\"name\":\"Gr\u00fcne Richtung\"}]},{\"@type\":\"WebSite\",\"@id\":\"https:\/\/www.pirrion.gr\/de\/#website\",\"url\":\"https:\/\/www.pirrion.gr\/de\/\",\"name\":\"Pirrion wellness boutique hotel\",\"description\":\"\",\"publisher\":{\"@id\":\"https:\/\/www.pirrion.gr\/de\/#organization\"},\"potentialAction\":[{\"@type\":\"SearchAction\",\"target\":{\"@type\":\"EntryPoint\",\"urlTemplate\":\"https:\/\/www.pirrion.gr\/de\/?s={search_term_string}\"},\"query-input\":{\"@type\":\"PropertyValueSpecification\",\"valueRequired\":true,\"valueName\":\"search_term_string\"}}],\"inLanguage\":\"de\"},{\"@type\":\"Organization\",\"@id\":\"https:\/\/www.pirrion.gr\/de\/#organization\",\"name\":\"Pirrion wellness boutique hotel\",\"url\":\"https:\/\/www.pirrion.gr\/de\/\",\"logo\":{\"@type\":\"ImageObject\",\"inLanguage\":\"de\",\"@id\":\"https:\/\/www.pirrion.gr\/de\/#\/schema\/logo\/image\/\",\"url\":\"https:\/\/www.pirrion.gr\/wp-content\/uploads\/Untitled-design.png\",\"contentUrl\":\"https:\/\/www.pirrion.gr\/wp-content\/uploads\/Untitled-design.png\",\"width\":3375,\"height\":4219,\"caption\":\"Pirrion wellness boutique hotel\"},\"image\":{\"@id\":\"https:\/\/www.pirrion.gr\/de\/#\/schema\/logo\/image\/\"},\"sameAs\":[\"https:\/\/www.facebook.com\/PirrionHotelSweetHospitality\/\",\"https:\/\/www.instagram.com\/pirrion_wellness_boutiquehotel\/?hl=en\"]}]}<\/script>\n<!-- \/ Yoast SEO plugin. -->","yoast_head_json":{"title":"Gr\u00fcne Richtung - Pirrion wellness boutique hotel","description":"Die Erhaltung und der Schutz der nat\u00fcrlichen Sch\u00f6nheit der Region und die \u00f6kologische Nachhaltigkeit sind das Hauptanliegen des Pirrion sweet hospitality.","robots":{"index":"index","follow":"follow","max-snippet":"max-snippet:-1","max-image-preview":"max-image-preview:large","max-video-preview":"max-video-preview:-1"},"canonical":"https:\/\/www.pirrion.gr\/de\/gruene-richtung\/","og_locale":"de_DE","og_type":"article","og_title":"Gr\u00fcne Richtung - Pirrion wellness boutique hotel","og_description":"Die Erhaltung und der Schutz der nat\u00fcrlichen Sch\u00f6nheit der Region und die \u00f6kologische Nachhaltigkeit sind das Hauptanliegen des Pirrion sweet hospitality.","og_url":"https:\/\/www.pirrion.gr\/de\/gruene-richtung\/","og_site_name":"Pirrion wellness boutique hotel","article_publisher":"https:\/\/www.facebook.com\/PirrionHotelSweetHospitality\/","article_modified_time":"2019-07-07T22:39:27+00:00","og_image":[{"width":1920,"height":1080,"url":"https:\/\/www.pirrion.gr\/wp-content\/uploads\/prasini-kateythynsi-01.jpg","type":"image\/jpeg"}],"twitter_card":"summary_large_image","twitter_misc":{"Gesch\u00e4tzte Lesezeit":"3\u00a0Minuten"},"schema":{"@context":"https:\/\/schema.org","@graph":[{"@type":"WebPage","@id":"https:\/\/www.pirrion.gr\/de\/gruene-richtung\/","url":"https:\/\/www.pirrion.gr\/de\/gruene-richtung\/","name":"Gr\u00fcne Richtung - Pirrion wellness boutique hotel","isPartOf":{"@id":"https:\/\/www.pirrion.gr\/de\/#website"},"primaryImageOfPage":{"@id":"https:\/\/www.pirrion.gr\/de\/gruene-richtung\/#primaryimage"},"image":{"@id":"https:\/\/www.pirrion.gr\/de\/gruene-richtung\/#primaryimage"},"thumbnailUrl":"https:\/\/www.pirrion.gr\/wp-content\/uploads\/prasini-kateythynsi-01.jpg","datePublished":"2019-07-05T17:25:40+00:00","dateModified":"2019-07-07T22:39:27+00:00","description":"Die Erhaltung und der Schutz der nat\u00fcrlichen Sch\u00f6nheit der Region und die \u00f6kologische Nachhaltigkeit sind das Hauptanliegen des Pirrion sweet hospitality.","breadcrumb":{"@id":"https:\/\/www.pirrion.gr\/de\/gruene-richtung\/#breadcrumb"},"inLanguage":"de","potentialAction":[{"@type":"ReadAction","target":["https:\/\/www.pirrion.gr\/de\/gruene-richtung\/"]}]},{"@type":"ImageObject","inLanguage":"de","@id":"https:\/\/www.pirrion.gr\/de\/gruene-richtung\/#primaryimage","url":"https:\/\/www.pirrion.gr\/wp-content\/uploads\/prasini-kateythynsi-01.jpg","contentUrl":"https:\/\/www.pirrion.gr\/wp-content\/uploads\/prasini-kateythynsi-01.jpg","width":1920,"height":1080,"caption":"Gr\u00fcne Richtung - Pirrion Sweet Hospitality"},{"@type":"BreadcrumbList","@id":"https:\/\/www.pirrion.gr\/de\/gruene-richtung\/#breadcrumb","itemListElement":[{"@type":"ListItem","position":1,"name":"Home","item":"https:\/\/www.pirrion.gr\/de\/"},{"@type":"ListItem","position":2,"name":"Gr\u00fcne Richtung"}]},{"@type":"WebSite","@id":"https:\/\/www.pirrion.gr\/de\/#website","url":"https:\/\/www.pirrion.gr\/de\/","name":"Pirrion wellness boutique hotel","description":"","publisher":{"@id":"https:\/\/www.pirrion.gr\/de\/#organization"},"potentialAction":[{"@type":"SearchAction","target":{"@type":"EntryPoint","urlTemplate":"https:\/\/www.pirrion.gr\/de\/?s={search_term_string}"},"query-input":{"@type":"PropertyValueSpecification","valueRequired":true,"valueName":"search_term_string"}}],"inLanguage":"de"},{"@type":"Organization","@id":"https:\/\/www.pirrion.gr\/de\/#organization","name":"Pirrion wellness boutique hotel","url":"https:\/\/www.pirrion.gr\/de\/","logo":{"@type":"ImageObject","inLanguage":"de","@id":"https:\/\/www.pirrion.gr\/de\/#\/schema\/logo\/image\/","url":"https:\/\/www.pirrion.gr\/wp-content\/uploads\/Untitled-design.png","contentUrl":"https:\/\/www.pirrion.gr\/wp-content\/uploads\/Untitled-design.png","width":3375,"height":4219,"caption":"Pirrion wellness boutique hotel"},"image":{"@id":"https:\/\/www.pirrion.gr\/de\/#\/schema\/logo\/image\/"},"sameAs":["https:\/\/www.facebook.com\/PirrionHotelSweetHospitality\/","https:\/\/www.instagram.com\/pirrion_wellness_boutiquehotel\/?hl=en"]}]}},"_links":{"self":[{"href":"https:\/\/www.pirrion.gr\/de\/wp-json\/wp\/v2\/pages\/9280","targetHints":{"allow":["GET"]}}],"collection":[{"href":"https:\/\/www.pirrion.gr\/de\/wp-json\/wp\/v2\/pages"}],"about":[{"href":"https:\/\/www.pirrion.gr\/de\/wp-json\/wp\/v2\/types\/page"}],"author":[{"embeddable":true,"href":"https:\/\/www.pirrion.gr\/de\/wp-json\/wp\/v2\/users\/1"}],"replies":[{"embeddable":true,"href":"https:\/\/www.pirrion.gr\/de\/wp-json\/wp\/v2\/comments?post=9280"}],"version-history":[{"count":1,"href":"https:\/\/www.pirrion.gr\/de\/wp-json\/wp\/v2\/pages\/9280\/revisions"}],"predecessor-version":[{"id":9283,"href":"https:\/\/www.pirrion.gr\/de\/wp-json\/wp\/v2\/pages\/9280\/revisions\/9283"}],"wp:featuredmedia":[{"embeddable":true,"href":"https:\/\/www.pirrion.gr\/de\/wp-json\/wp\/v2\/media\/9282"}],"wp:attachment":[{"href":"https:\/\/www.pirrion.gr\/de\/wp-json\/wp\/v2\/media?parent=9280"}],"curies":[{"name":"wp","href":"https:\/\/api.w.org\/{rel}","templated":true}]}}