{"id":9309,"date":"2019-07-06T01:05:28","date_gmt":"2019-07-05T22:05:28","guid":{"rendered":"https:\/\/www.pirrion.gr\/?page_id=9309"},"modified":"2020-06-09T10:30:27","modified_gmt":"2020-06-09T07:30:27","slug":"junior-suites","status":"publish","type":"page","link":"https:\/\/www.pirrion.gr\/de\/zimmer-suiten\/junior-suites\/","title":{"rendered":"Junior Suites"},"content":{"rendered":"<p>[vc_row content_placement=&#8220;top&#8220;][vc_column width=&#8220;1\/2&#8243;][vc_custom_heading text=&#8220;Unsere Zimmer&#8220; use_theme_fonts=&#8220;yes&#8220;][vc_column_text el_class=&#8220;align-left&#8220;]Um den Kamin herum, Kastanien braten, die im Mund zerschmelzen. R\u00e4ume voller lokaler Aromen, die Ihre Sinne mir romantischen und erdigen Akzenten umarmen. Holz und Stein sowie kleine Kunstobjekte in einer minimalen und sauberen Umgebung. Vergessen Sie nicht den von uns angebotenen Lik\u00f6r, bevor Sie in die Traumwelt eintauchen![\/vc_column_text][vc_empty_space height=&#8220;50px&#8220;][vc_custom_heading text=&#8220;Ausstattung &amp; Komfort&#8220; use_theme_fonts=&#8220;yes&#8220;][vc_column_text el_class=&#8220;justify&#8220;]<\/p>\n<ul class=\"room-features\">\n<li>3 Suiten: Kastano (Kastanie), Milo (Apfel), Stafyli (Weintraube)<\/li>\n<li>f\u00fcr 2-4 Personen<\/li>\n<li>23-26 qm<\/li>\n<\/ul>\n<hr class=\"gray-separator\" \/>\n<ul class=\"room-features\">\n<li>Telefon<\/li>\n<li>Schlie\u00dffach<\/li>\n<li>Mini Bar<\/li>\n<li>Kissenauswahl \/ Kissenmen\u00fc<\/li>\n<li>Haartrockner<\/li>\n<li>Privates Badezimmer<\/li>\n<li>Wasserkocher und komplettes Kaffee oder Teeset<\/li>\n<li>COCO-MAT 4-Lagen-Schlafsystem aus nat\u00fcrlichen Materialien<\/li>\n<\/ul>\n<p>[\/vc_column_text][vc_empty_space height=&#8220;20px&#8220;]<a itemprop=\"url\" href=\"https:\/\/pirrionsweethospitality.reserve-online.net\/\" target=\"_blank\" style=\"background-color: #c5a46d;margin: 0px 0px 50px 0px\" class=\"eltd-btn eltd-btn-medium eltd-btn-solid eltd-btn-custom-hover-bg eltd-btn-custom-hover-color left pirrion-button eltd-btn-line-left\" data-hover-color=\"#ffffff\" data-hover-bg-color=\"#0a0a0a\" >\n    <span class=\"eltd-btn-text\">Buchung<\/span>\n\n    \n    <\/a>[\/vc_column][vc_column width=&#8220;1\/2&#8243;]<div class=\"eltd-image-gallery  eltd-ig-slider-type eltd-no-space  eltd-image-behavior-lightbox eltd-custom-nav  eltd-hide-pagination\">\n\t<div class=\"eltd-ig-slider eltd-owl-slider\" data-number-of-items=\"1\" data-enable-loop=\"yes\" data-enable-autoplay=\"yes\" data-slider-speed=\"5000\" data-slider-speed-animation=\"600\" data-slider-padding=\"no\" data-enable-navigation=\"yes\" data-enable-custom-navigation=\"yes\" data-enable-pagination=\"yes\" data-slider-animate-out=\"fadeOut\">\n\t\t\t\t\t<div class=\"eltd-ig-image\">\n\t\t\t\t\t\t\t\t\t<a itemprop=\"image\" class=\"eltd-ig-lightbox eltd-block-drag-link\" href=\"https:\/\/www.pirrion.gr\/wp-content\/uploads\/junior-suite-1181.jpg\" data-rel=\"prettyPhoto[image_gallery_pretty_photo-311]\" title=\"Junior Suite &#8211; Pirrion Sweet Hospitality\">\n\t\t\t\t\t\t\t\t\t<img fetchpriority=\"high\" decoding=\"async\" src=\"https:\/\/www.pirrion.gr\/wp-content\/uploads\/junior-suite-1181-640x800.jpg\" alt=\"Junior Suite - Pirrion Sweet Hospitality\" width=\"640\" height=\"800\" \/>\t\t\t\t\t\t\t\t\t<\/a>\n\t\t\t\t\t\t\t<\/div>\n\t\t\t\t\t<div class=\"eltd-ig-image\">\n\t\t\t\t\t\t\t\t\t<a itemprop=\"image\" class=\"eltd-ig-lightbox eltd-block-drag-link\" href=\"https:\/\/www.pirrion.gr\/wp-content\/uploads\/junior-suite-1172.jpg\" data-rel=\"prettyPhoto[image_gallery_pretty_photo-311]\" title=\"Junior Suite &#8211; Pirrion Sweet Hospitality\">\n\t\t\t\t\t\t\t\t\t<img decoding=\"async\" src=\"https:\/\/www.pirrion.gr\/wp-content\/uploads\/junior-suite-1172-640x800.jpg\" alt=\"Junior Suite - Pirrion Sweet Hospitality\" width=\"640\" height=\"800\" \/>\t\t\t\t\t\t\t\t\t<\/a>\n\t\t\t\t\t\t\t<\/div>\n\t\t\t\t\t<div class=\"eltd-ig-image\">\n\t\t\t\t\t\t\t\t\t<a itemprop=\"image\" class=\"eltd-ig-lightbox eltd-block-drag-link\" href=\"https:\/\/www.pirrion.gr\/wp-content\/uploads\/junior-suite-1165.jpg\" data-rel=\"prettyPhoto[image_gallery_pretty_photo-311]\" title=\"Junior Suite &#8211; Pirrion Sweet Hospitality\">\n\t\t\t\t\t\t\t\t\t<img decoding=\"async\" src=\"https:\/\/www.pirrion.gr\/wp-content\/uploads\/junior-suite-1165-640x800.jpg\" alt=\"Junior Suite - Pirrion Sweet Hospitality\" width=\"640\" height=\"800\" \/>\t\t\t\t\t\t\t\t\t<\/a>\n\t\t\t\t\t\t\t<\/div>\n\t\t\t\t\t<div class=\"eltd-ig-image\">\n\t\t\t\t\t\t\t\t\t<a itemprop=\"image\" class=\"eltd-ig-lightbox eltd-block-drag-link\" href=\"https:\/\/www.pirrion.gr\/wp-content\/uploads\/junior-suite-1160.jpg\" data-rel=\"prettyPhoto[image_gallery_pretty_photo-311]\" title=\"Junior Suite &#8211; Pirrion Sweet Hospitality\">\n\t\t\t\t\t\t\t\t\t<img loading=\"lazy\" decoding=\"async\" src=\"https:\/\/www.pirrion.gr\/wp-content\/uploads\/junior-suite-1160-640x800.jpg\" alt=\"Junior Suite - Pirrion Sweet Hospitality\" width=\"640\" height=\"800\" \/>\t\t\t\t\t\t\t\t\t<\/a>\n\t\t\t\t\t\t\t<\/div>\n\t\t\t\t\t<div class=\"eltd-ig-image\">\n\t\t\t\t\t\t\t\t\t<a itemprop=\"image\" class=\"eltd-ig-lightbox eltd-block-drag-link\" href=\"https:\/\/www.pirrion.gr\/wp-content\/uploads\/junior-suite-1156.jpg\" data-rel=\"prettyPhoto[image_gallery_pretty_photo-311]\" title=\"Junior Suite &#8211; Pirrion Sweet Hospitality\">\n\t\t\t\t\t\t\t\t\t<img loading=\"lazy\" decoding=\"async\" src=\"https:\/\/www.pirrion.gr\/wp-content\/uploads\/junior-suite-1156-640x800.jpg\" alt=\"Junior Suite - Pirrion Sweet Hospitality\" width=\"640\" height=\"800\" \/>\t\t\t\t\t\t\t\t\t<\/a>\n\t\t\t\t\t\t\t<\/div>\n\t\t\t<\/div>\n<\/div>[\/vc_column][\/vc_row][vc_row][vc_column][vc_empty_space height=&#8220;50px&#8220;][vc_single_image image=&#8220;9179&#8243; img_size=&#8220;full&#8220; alignment=&#8220;center&#8220;][vc_column_text el_class=&#8220;see-more-rooms-title&#8220;]<\/p>\n<h3>Sehen Sie weitere Zimmer!<\/h3>\n<p>[\/vc_column_text][\/vc_column][\/vc_row][vc_row][vc_column width=&#8220;1\/2&#8243; css=&#8220;.vc_custom_1553116921534{margin-bottom: 50px !important;}&#8220;]<div class=\"eltd-banner-holder pirrion-zoom eltd-disabled eltd-banner-info-centered eltd-banner-btn-light\">\n    <div class=\"eltd-banner-image\">\n        <img loading=\"lazy\" decoding=\"async\" width=\"650\" height=\"350\" src=\"https:\/\/www.pirrion.gr\/wp-content\/uploads\/superior-double-list.jpg\" class=\"attachment-full size-full\" alt=\"\" srcset=\"https:\/\/www.pirrion.gr\/wp-content\/uploads\/superior-double-list.jpg 650w, https:\/\/www.pirrion.gr\/wp-content\/uploads\/superior-double-list-300x162.jpg 300w\" sizes=\"(max-width: 650px) 100vw, 650px\" \/>    <\/div>\n    <div class=\"eltd-banner-text-holder\" >\n\t    <div class=\"eltd-banner-text-outer\">\n\t\t    <div class=\"eltd-banner-text-inner\">\n\t\t                        \t\t\t\t<a itemprop=\"url\" href=\"https:\/\/www.pirrion.gr\/de\/zimmer-suiten\/superior-double\/\" target=\"_self\"  class=\"eltd-btn eltd-btn-medium eltd-btn-simple eltd-blog-list-button eltd-btn-line-center\"  >    <span class=\"eltd-btn-text\">Superior Double<\/span>        <\/a>\t\t\t<\/div>\n\t\t<\/div>\n\t<\/div>\n\t                <a itemprop=\"url\" class=\"eltd-banner-link\" title=\"Superior Double\" href=\"https:\/\/www.pirrion.gr\/de\/zimmer-suiten\/superior-double\/\" target=\"_self\"><\/a>\n    <\/div>[vc_custom_heading text=&#8220;Superior Double&#8220; font_container=&#8220;tag:h4|text_align:left&#8220; use_theme_fonts=&#8220;yes&#8220; link=&#8220;url:https%3A%2F%2Fwww.pirrion.gr%2Fde%2Fzimmer-suiten%2Fsuperior-double%2F|||&#8220;][\/vc_column][vc_column width=&#8220;1\/2&#8243;]<div class=\"eltd-banner-holder pirrion-zoom eltd-disabled eltd-banner-info-centered eltd-banner-btn-light\">\n    <div class=\"eltd-banner-image\">\n        <img loading=\"lazy\" decoding=\"async\" width=\"650\" height=\"350\" src=\"https:\/\/www.pirrion.gr\/wp-content\/uploads\/love-suite-list.jpg\" class=\"attachment-full size-full\" alt=\"\" srcset=\"https:\/\/www.pirrion.gr\/wp-content\/uploads\/love-suite-list.jpg 650w, https:\/\/www.pirrion.gr\/wp-content\/uploads\/love-suite-list-300x162.jpg 300w\" sizes=\"(max-width: 650px) 100vw, 650px\" \/>    <\/div>\n    <div class=\"eltd-banner-text-holder\" >\n\t    <div class=\"eltd-banner-text-outer\">\n\t\t    <div class=\"eltd-banner-text-inner\">\n\t\t                        \t\t\t\t<a itemprop=\"url\" href=\"https:\/\/www.pirrion.gr\/de\/zimmer-suiten\/family-suite\/\" target=\"_self\"  class=\"eltd-btn eltd-btn-medium eltd-btn-simple eltd-blog-list-button eltd-btn-line-center\"  >    <span class=\"eltd-btn-text\">Family Suite (Familiensuite)<\/span>        <\/a>\t\t\t<\/div>\n\t\t<\/div>\n\t<\/div>\n\t                <a itemprop=\"url\" class=\"eltd-banner-link\" title=\"Family Suite (Familiensuite)\" href=\"https:\/\/www.pirrion.gr\/de\/zimmer-suiten\/family-suite\/\" target=\"_self\"><\/a>\n    <\/div>[vc_custom_heading text=&#8220;Family Suite (Familiensuite)&#8220; font_container=&#8220;tag:h4|text_align:left&#8220; use_theme_fonts=&#8220;yes&#8220; link=&#8220;url:https%3A%2F%2Fwww.pirrion.gr%2Fde%2Fzimmer-suiten%2Ffamily-suite%2F|||&#8220;][\/vc_column][\/vc_row][vc_row row_content_width=&#8220;grid&#8220; css=&#8220;.vc_custom_1555071201957{margin-bottom: 50px !important;}&#8220;][vc_column][vc_single_image image=&#8220;9179&#8243; img_size=&#8220;full&#8220; alignment=&#8220;center&#8220;][\/vc_column][\/vc_row][vc_row full_width=&#8220;stretch_row&#8220; content_placement=&#8220;middle&#8220; parallax_background_image=&#8220;7214&#8243; parallax_bg_height=&#8220;400&#8243; css=&#8220;.vc_custom_1557696886012{padding-top: 50px !important;padding-bottom: 50px !important;}&#8220; el_class=&#8220;see-other-rooms-row&#8220;][vc_column el_class=&#8220;see-other-rooms-row&#8220;][vc_column_text el_class=&#8220;center&#8220;]<\/p>\n<h3>Pirrion: eine einzigartige Erfahrung<\/h3>\n<h4>Erleben Sie den einzigartigen Luxus, den unsere Zimmer bieten<\/h4>\n<p>[\/vc_column_text][vc_empty_space height=&#8220;30px&#8220;]<a itemprop=\"url\" href=\"https:\/\/www.pirrion.gr\/de\/zimmer-suiten\/\" target=\"_self\" style=\"background-color: #c5a46d\" class=\"eltd-btn eltd-btn-medium eltd-btn-solid center eltd-btn-line-left\"  >\n    <span class=\"eltd-btn-text\">Sehen Sie die Zimmer<\/span>\n\n    \n    <\/a>[\/vc_column][\/vc_row][vc_row][vc_column][vc_empty_space height=&#8220;50px&#8220;][vc_single_image image=&#8220;9179&#8243; img_size=&#8220;full&#8220; alignment=&#8220;center&#8220;][vc_column_text el_class=&#8220;see-more-rooms-title&#8220;]<\/p>\n<h3>Und weiter\u2026<\/h3>\n<p>[\/vc_column_text][\/vc_column][\/vc_row][vc_row el_class=&#8220;other-services-tiles&#8220;][vc_column width=&#8220;1\/4&#8243;]<div class=\"eltd-banner-holder see-more-banner eltd-visible-on-default eltd-banner-info-centered eltd-banner-btn-light\">\n    <div class=\"eltd-banner-image\">\n        <img loading=\"lazy\" decoding=\"async\" width=\"650\" height=\"433\" src=\"https:\/\/www.pirrion.gr\/wp-content\/uploads\/pirrion-yoga.jpg\" class=\"attachment-full size-full\" alt=\"\" srcset=\"https:\/\/www.pirrion.gr\/wp-content\/uploads\/pirrion-yoga.jpg 650w, https:\/\/www.pirrion.gr\/wp-content\/uploads\/pirrion-yoga-300x200.jpg 300w\" sizes=\"(max-width: 650px) 100vw, 650px\" \/>    <\/div>\n    <div class=\"eltd-banner-text-holder\" style=\"background-color: rgba(0,0,0,0.3)\">\n\t    <div class=\"eltd-banner-text-outer\">\n\t\t    <div class=\"eltd-banner-text-inner\">\n\t\t        \t\t            <h4 class=\"eltd-banner-title\" >\n\t\t                Yoga\t                <\/h4>\n\t\t                        \t\t\t\t\t\t\t<\/div>\n\t\t<\/div>\n\t<\/div>\n\t                <a itemprop=\"url\" class=\"eltd-banner-link\" title=\"Yoga\" href=\"https:\/\/www.pirrion.gr\/de\/yoga\/\" target=\"_self\"><\/a>\n    <\/div>[vc_empty_space height=&#8220;50px&#8220;][\/vc_column][vc_column width=&#8220;1\/4&#8243;]<div class=\"eltd-banner-holder see-more-banner eltd-visible-on-default eltd-banner-info-centered eltd-banner-btn-light\">\n    <div class=\"eltd-banner-image\">\n        <img loading=\"lazy\" decoding=\"async\" width=\"650\" height=\"433\" src=\"https:\/\/www.pirrion.gr\/wp-content\/uploads\/pirrion-rafting.jpg\" class=\"attachment-full size-full\" alt=\"\" srcset=\"https:\/\/www.pirrion.gr\/wp-content\/uploads\/pirrion-rafting.jpg 650w, https:\/\/www.pirrion.gr\/wp-content\/uploads\/pirrion-rafting-300x200.jpg 300w\" sizes=\"(max-width: 650px) 100vw, 650px\" \/>    <\/div>\n    <div class=\"eltd-banner-text-holder\" style=\"background-color: rgba(0,0,0,0.3)\">\n\t    <div class=\"eltd-banner-text-outer\">\n\t\t    <div class=\"eltd-banner-text-inner\">\n\t\t        \t\t            <h4 class=\"eltd-banner-title\" >\n\t\t                Aktivit\u00e4ten\t                <\/h4>\n\t\t                        \t\t\t\t\t\t\t<\/div>\n\t\t<\/div>\n\t<\/div>\n\t                <a itemprop=\"url\" class=\"eltd-banner-link\" title=\"Aktivit\u00e4ten\" href=\"https:\/\/www.pirrion.gr\/de\/aktivit\u00e4ten\/\" target=\"_self\"><\/a>\n    <\/div>[vc_empty_space height=&#8220;50px&#8220;][\/vc_column][vc_column width=&#8220;1\/4&#8243;]<div class=\"eltd-banner-holder see-more-banner eltd-visible-on-default eltd-banner-info-centered eltd-banner-btn-light\">\n    <div class=\"eltd-banner-image\">\n        <img loading=\"lazy\" decoding=\"async\" width=\"650\" height=\"433\" src=\"https:\/\/www.pirrion.gr\/wp-content\/uploads\/pirrion-massage.jpg\" class=\"attachment-full size-full\" alt=\"\" srcset=\"https:\/\/www.pirrion.gr\/wp-content\/uploads\/pirrion-massage.jpg 650w, https:\/\/www.pirrion.gr\/wp-content\/uploads\/pirrion-massage-300x200.jpg 300w\" sizes=\"(max-width: 650px) 100vw, 650px\" \/>    <\/div>\n    <div class=\"eltd-banner-text-holder\" style=\"background-color: rgba(0,0,0,0.3)\">\n\t    <div class=\"eltd-banner-text-outer\">\n\t\t    <div class=\"eltd-banner-text-inner\">\n\t\t        \t\t            <h4 class=\"eltd-banner-title\" >\n\t\t                Massage\t                <\/h4>\n\t\t                        \t\t\t\t\t\t\t<\/div>\n\t\t<\/div>\n\t<\/div>\n\t                <a itemprop=\"url\" class=\"eltd-banner-link\" title=\"Massage\" href=\"https:\/\/www.pirrion.gr\/de\/massage\/\" target=\"_self\"><\/a>\n    <\/div>[vc_empty_space height=&#8220;50px&#8220;][\/vc_column][vc_column width=&#8220;1\/4&#8243;]<div class=\"eltd-banner-holder see-more-banner eltd-visible-on-default eltd-banner-info-centered eltd-banner-btn-light\">\n    <div class=\"eltd-banner-image\">\n        <img loading=\"lazy\" decoding=\"async\" width=\"650\" height=\"433\" src=\"https:\/\/www.pirrion.gr\/wp-content\/uploads\/pirrion-restaurant.jpg\" class=\"attachment-full size-full\" alt=\"\" srcset=\"https:\/\/www.pirrion.gr\/wp-content\/uploads\/pirrion-restaurant.jpg 650w, https:\/\/www.pirrion.gr\/wp-content\/uploads\/pirrion-restaurant-300x200.jpg 300w\" sizes=\"(max-width: 650px) 100vw, 650px\" \/>    <\/div>\n    <div class=\"eltd-banner-text-holder\" style=\"background-color: rgba(0,0,0,0.3)\">\n\t    <div class=\"eltd-banner-text-outer\">\n\t\t    <div class=\"eltd-banner-text-inner\">\n\t\t        \t\t            <h4 class=\"eltd-banner-title\" >\n\t\t                Restaurant Skantzochoiros\t                <\/h4>\n\t\t                        \t\t\t\t\t\t\t<\/div>\n\t\t<\/div>\n\t<\/div>\n\t                <a itemprop=\"url\" class=\"eltd-banner-link\" title=\"Restaurant Skantzochoiros\" href=\"https:\/\/www.pirrion.gr\/de\/restaurant-skantzochoiros\/\" target=\"_self\"><\/a>\n    <\/div>[vc_empty_space height=&#8220;50px&#8220;][\/vc_column][\/vc_row]<\/p>\n","protected":false},"excerpt":{"rendered":"<p>[vc_row content_placement=&#8220;top&#8220;][vc_column width=&#8220;1\/2&#8243;][vc_custom_heading text=&#8220;Unsere Zimmer&#8220; use_theme_fonts=&#8220;yes&#8220;][vc_column_text el_class=&#8220;align-left&#8220;]Um den Kamin herum, Kastanien braten, die im Mund zerschmelzen. R\u00e4ume voller lokaler [&hellip;]<\/p>\n","protected":false},"author":1,"featured_media":9328,"parent":9299,"menu_order":0,"comment_status":"closed","ping_status":"closed","template":"","meta":{"footnotes":""},"class_list":["post-9309","page","type-page","status-publish","has-post-thumbnail","hentry"],"yoast_head":"<!-- This site is optimized with the Yoast SEO plugin v26.8 - https:\/\/yoast.com\/product\/yoast-seo-wordpress\/ -->\n<title>Junior Suites - Pirrion wellness boutique hotel<\/title>\n<meta name=\"description\" content=\"R\u00e4ume voller lokaler Aromen, die Ihre Sinne mit romantischen und erdigen Akzenten umarmen. Einzigartige 23-26 qm gro\u00dfe R\u00e4ume f\u00fcr Platz 2-4 Personen.\" \/>\n<meta name=\"robots\" content=\"index, follow, max-snippet:-1, max-image-preview:large, max-video-preview:-1\" \/>\n<link rel=\"canonical\" href=\"https:\/\/www.pirrion.gr\/de\/zimmer-suiten\/junior-suites\/\" \/>\n<meta property=\"og:locale\" content=\"de_DE\" \/>\n<meta property=\"og:type\" content=\"article\" \/>\n<meta property=\"og:title\" content=\"Junior Suites - Pirrion wellness boutique hotel\" \/>\n<meta property=\"og:description\" content=\"R\u00e4ume voller lokaler Aromen, die Ihre Sinne mit romantischen und erdigen Akzenten umarmen. Einzigartige 23-26 qm gro\u00dfe R\u00e4ume f\u00fcr Platz 2-4 Personen.\" \/>\n<meta property=\"og:url\" content=\"https:\/\/www.pirrion.gr\/de\/zimmer-suiten\/junior-suites\/\" \/>\n<meta property=\"og:site_name\" content=\"Pirrion wellness boutique hotel\" \/>\n<meta property=\"article:publisher\" content=\"https:\/\/www.facebook.com\/PirrionHotelSweetHospitality\/\" \/>\n<meta property=\"article:modified_time\" content=\"2020-06-09T07:30:27+00:00\" \/>\n<meta property=\"og:image\" content=\"https:\/\/www.pirrion.gr\/wp-content\/uploads\/junior-suite-featured.jpg\" \/>\n\t<meta property=\"og:image:width\" content=\"1200\" \/>\n\t<meta property=\"og:image:height\" content=\"750\" \/>\n\t<meta property=\"og:image:type\" content=\"image\/jpeg\" \/>\n<meta name=\"twitter:card\" content=\"summary_large_image\" \/>\n<meta name=\"twitter:label1\" content=\"Gesch\u00e4tzte Lesezeit\" \/>\n\t<meta name=\"twitter:data1\" content=\"4\u00a0Minuten\" \/>\n<script type=\"application\/ld+json\" class=\"yoast-schema-graph\">{\"@context\":\"https:\/\/schema.org\",\"@graph\":[{\"@type\":\"WebPage\",\"@id\":\"https:\/\/www.pirrion.gr\/de\/zimmer-suiten\/junior-suites\/\",\"url\":\"https:\/\/www.pirrion.gr\/de\/zimmer-suiten\/junior-suites\/\",\"name\":\"Junior Suites - Pirrion wellness boutique hotel\",\"isPartOf\":{\"@id\":\"https:\/\/www.pirrion.gr\/de\/#website\"},\"primaryImageOfPage\":{\"@id\":\"https:\/\/www.pirrion.gr\/de\/zimmer-suiten\/junior-suites\/#primaryimage\"},\"image\":{\"@id\":\"https:\/\/www.pirrion.gr\/de\/zimmer-suiten\/junior-suites\/#primaryimage\"},\"thumbnailUrl\":\"https:\/\/www.pirrion.gr\/wp-content\/uploads\/junior-suite-featured.jpg\",\"datePublished\":\"2019-07-05T22:05:28+00:00\",\"dateModified\":\"2020-06-09T07:30:27+00:00\",\"description\":\"R\u00e4ume voller lokaler Aromen, die Ihre Sinne mit romantischen und erdigen Akzenten umarmen. Einzigartige 23-26 qm gro\u00dfe R\u00e4ume f\u00fcr Platz 2-4 Personen.\",\"breadcrumb\":{\"@id\":\"https:\/\/www.pirrion.gr\/de\/zimmer-suiten\/junior-suites\/#breadcrumb\"},\"inLanguage\":\"de\",\"potentialAction\":[{\"@type\":\"ReadAction\",\"target\":[\"https:\/\/www.pirrion.gr\/de\/zimmer-suiten\/junior-suites\/\"]}]},{\"@type\":\"ImageObject\",\"inLanguage\":\"de\",\"@id\":\"https:\/\/www.pirrion.gr\/de\/zimmer-suiten\/junior-suites\/#primaryimage\",\"url\":\"https:\/\/www.pirrion.gr\/wp-content\/uploads\/junior-suite-featured.jpg\",\"contentUrl\":\"https:\/\/www.pirrion.gr\/wp-content\/uploads\/junior-suite-featured.jpg\",\"width\":1200,\"height\":750,\"caption\":\"Junior Suite - Pirrion Boutique Hotel\"},{\"@type\":\"BreadcrumbList\",\"@id\":\"https:\/\/www.pirrion.gr\/de\/zimmer-suiten\/junior-suites\/#breadcrumb\",\"itemListElement\":[{\"@type\":\"ListItem\",\"position\":1,\"name\":\"Home\",\"item\":\"https:\/\/www.pirrion.gr\/de\/\"},{\"@type\":\"ListItem\",\"position\":2,\"name\":\"Zimmer\/ Suiten\",\"item\":\"https:\/\/www.pirrion.gr\/de\/zimmer-suiten\/\"},{\"@type\":\"ListItem\",\"position\":3,\"name\":\"Junior Suites\"}]},{\"@type\":\"WebSite\",\"@id\":\"https:\/\/www.pirrion.gr\/de\/#website\",\"url\":\"https:\/\/www.pirrion.gr\/de\/\",\"name\":\"Pirrion wellness boutique hotel\",\"description\":\"\",\"publisher\":{\"@id\":\"https:\/\/www.pirrion.gr\/de\/#organization\"},\"potentialAction\":[{\"@type\":\"SearchAction\",\"target\":{\"@type\":\"EntryPoint\",\"urlTemplate\":\"https:\/\/www.pirrion.gr\/de\/?s={search_term_string}\"},\"query-input\":{\"@type\":\"PropertyValueSpecification\",\"valueRequired\":true,\"valueName\":\"search_term_string\"}}],\"inLanguage\":\"de\"},{\"@type\":\"Organization\",\"@id\":\"https:\/\/www.pirrion.gr\/de\/#organization\",\"name\":\"Pirrion wellness boutique hotel\",\"url\":\"https:\/\/www.pirrion.gr\/de\/\",\"logo\":{\"@type\":\"ImageObject\",\"inLanguage\":\"de\",\"@id\":\"https:\/\/www.pirrion.gr\/de\/#\/schema\/logo\/image\/\",\"url\":\"https:\/\/www.pirrion.gr\/wp-content\/uploads\/Untitled-design.png\",\"contentUrl\":\"https:\/\/www.pirrion.gr\/wp-content\/uploads\/Untitled-design.png\",\"width\":3375,\"height\":4219,\"caption\":\"Pirrion wellness boutique hotel\"},\"image\":{\"@id\":\"https:\/\/www.pirrion.gr\/de\/#\/schema\/logo\/image\/\"},\"sameAs\":[\"https:\/\/www.facebook.com\/PirrionHotelSweetHospitality\/\",\"https:\/\/www.instagram.com\/pirrion_wellness_boutiquehotel\/?hl=en\"]}]}<\/script>\n<!-- \/ Yoast SEO plugin. -->","yoast_head_json":{"title":"Junior Suites - Pirrion wellness boutique hotel","description":"R\u00e4ume voller lokaler Aromen, die Ihre Sinne mit romantischen und erdigen Akzenten umarmen. Einzigartige 23-26 qm gro\u00dfe R\u00e4ume f\u00fcr Platz 2-4 Personen.","robots":{"index":"index","follow":"follow","max-snippet":"max-snippet:-1","max-image-preview":"max-image-preview:large","max-video-preview":"max-video-preview:-1"},"canonical":"https:\/\/www.pirrion.gr\/de\/zimmer-suiten\/junior-suites\/","og_locale":"de_DE","og_type":"article","og_title":"Junior Suites - Pirrion wellness boutique hotel","og_description":"R\u00e4ume voller lokaler Aromen, die Ihre Sinne mit romantischen und erdigen Akzenten umarmen. Einzigartige 23-26 qm gro\u00dfe R\u00e4ume f\u00fcr Platz 2-4 Personen.","og_url":"https:\/\/www.pirrion.gr\/de\/zimmer-suiten\/junior-suites\/","og_site_name":"Pirrion wellness boutique hotel","article_publisher":"https:\/\/www.facebook.com\/PirrionHotelSweetHospitality\/","article_modified_time":"2020-06-09T07:30:27+00:00","og_image":[{"width":1200,"height":750,"url":"https:\/\/www.pirrion.gr\/wp-content\/uploads\/junior-suite-featured.jpg","type":"image\/jpeg"}],"twitter_card":"summary_large_image","twitter_misc":{"Gesch\u00e4tzte Lesezeit":"4\u00a0Minuten"},"schema":{"@context":"https:\/\/schema.org","@graph":[{"@type":"WebPage","@id":"https:\/\/www.pirrion.gr\/de\/zimmer-suiten\/junior-suites\/","url":"https:\/\/www.pirrion.gr\/de\/zimmer-suiten\/junior-suites\/","name":"Junior Suites - Pirrion wellness boutique hotel","isPartOf":{"@id":"https:\/\/www.pirrion.gr\/de\/#website"},"primaryImageOfPage":{"@id":"https:\/\/www.pirrion.gr\/de\/zimmer-suiten\/junior-suites\/#primaryimage"},"image":{"@id":"https:\/\/www.pirrion.gr\/de\/zimmer-suiten\/junior-suites\/#primaryimage"},"thumbnailUrl":"https:\/\/www.pirrion.gr\/wp-content\/uploads\/junior-suite-featured.jpg","datePublished":"2019-07-05T22:05:28+00:00","dateModified":"2020-06-09T07:30:27+00:00","description":"R\u00e4ume voller lokaler Aromen, die Ihre Sinne mit romantischen und erdigen Akzenten umarmen. Einzigartige 23-26 qm gro\u00dfe R\u00e4ume f\u00fcr Platz 2-4 Personen.","breadcrumb":{"@id":"https:\/\/www.pirrion.gr\/de\/zimmer-suiten\/junior-suites\/#breadcrumb"},"inLanguage":"de","potentialAction":[{"@type":"ReadAction","target":["https:\/\/www.pirrion.gr\/de\/zimmer-suiten\/junior-suites\/"]}]},{"@type":"ImageObject","inLanguage":"de","@id":"https:\/\/www.pirrion.gr\/de\/zimmer-suiten\/junior-suites\/#primaryimage","url":"https:\/\/www.pirrion.gr\/wp-content\/uploads\/junior-suite-featured.jpg","contentUrl":"https:\/\/www.pirrion.gr\/wp-content\/uploads\/junior-suite-featured.jpg","width":1200,"height":750,"caption":"Junior Suite - Pirrion Boutique Hotel"},{"@type":"BreadcrumbList","@id":"https:\/\/www.pirrion.gr\/de\/zimmer-suiten\/junior-suites\/#breadcrumb","itemListElement":[{"@type":"ListItem","position":1,"name":"Home","item":"https:\/\/www.pirrion.gr\/de\/"},{"@type":"ListItem","position":2,"name":"Zimmer\/ Suiten","item":"https:\/\/www.pirrion.gr\/de\/zimmer-suiten\/"},{"@type":"ListItem","position":3,"name":"Junior Suites"}]},{"@type":"WebSite","@id":"https:\/\/www.pirrion.gr\/de\/#website","url":"https:\/\/www.pirrion.gr\/de\/","name":"Pirrion wellness boutique hotel","description":"","publisher":{"@id":"https:\/\/www.pirrion.gr\/de\/#organization"},"potentialAction":[{"@type":"SearchAction","target":{"@type":"EntryPoint","urlTemplate":"https:\/\/www.pirrion.gr\/de\/?s={search_term_string}"},"query-input":{"@type":"PropertyValueSpecification","valueRequired":true,"valueName":"search_term_string"}}],"inLanguage":"de"},{"@type":"Organization","@id":"https:\/\/www.pirrion.gr\/de\/#organization","name":"Pirrion wellness boutique hotel","url":"https:\/\/www.pirrion.gr\/de\/","logo":{"@type":"ImageObject","inLanguage":"de","@id":"https:\/\/www.pirrion.gr\/de\/#\/schema\/logo\/image\/","url":"https:\/\/www.pirrion.gr\/wp-content\/uploads\/Untitled-design.png","contentUrl":"https:\/\/www.pirrion.gr\/wp-content\/uploads\/Untitled-design.png","width":3375,"height":4219,"caption":"Pirrion wellness boutique hotel"},"image":{"@id":"https:\/\/www.pirrion.gr\/de\/#\/schema\/logo\/image\/"},"sameAs":["https:\/\/www.facebook.com\/PirrionHotelSweetHospitality\/","https:\/\/www.instagram.com\/pirrion_wellness_boutiquehotel\/?hl=en"]}]}},"_links":{"self":[{"href":"https:\/\/www.pirrion.gr\/de\/wp-json\/wp\/v2\/pages\/9309","targetHints":{"allow":["GET"]}}],"collection":[{"href":"https:\/\/www.pirrion.gr\/de\/wp-json\/wp\/v2\/pages"}],"about":[{"href":"https:\/\/www.pirrion.gr\/de\/wp-json\/wp\/v2\/types\/page"}],"author":[{"embeddable":true,"href":"https:\/\/www.pirrion.gr\/de\/wp-json\/wp\/v2\/users\/1"}],"replies":[{"embeddable":true,"href":"https:\/\/www.pirrion.gr\/de\/wp-json\/wp\/v2\/comments?post=9309"}],"version-history":[{"count":4,"href":"https:\/\/www.pirrion.gr\/de\/wp-json\/wp\/v2\/pages\/9309\/revisions"}],"predecessor-version":[{"id":10402,"href":"https:\/\/www.pirrion.gr\/de\/wp-json\/wp\/v2\/pages\/9309\/revisions\/10402"}],"up":[{"embeddable":true,"href":"https:\/\/www.pirrion.gr\/de\/wp-json\/wp\/v2\/pages\/9299"}],"wp:featuredmedia":[{"embeddable":true,"href":"https:\/\/www.pirrion.gr\/de\/wp-json\/wp\/v2\/media\/9328"}],"wp:attachment":[{"href":"https:\/\/www.pirrion.gr\/de\/wp-json\/wp\/v2\/media?parent=9309"}],"curies":[{"name":"wp","href":"https:\/\/api.w.org\/{rel}","templated":true}]}}