{"id":9386,"date":"2019-07-07T21:25:46","date_gmt":"2019-07-07T18:25:46","guid":{"rendered":"https:\/\/www.pirrion.gr\/?page_id=9386"},"modified":"2019-07-08T01:54:07","modified_gmt":"2019-07-07T22:54:07","slug":"zagori","status":"publish","type":"page","link":"https:\/\/www.pirrion.gr\/de\/zagori\/","title":{"rendered":"Zagori"},"content":{"rendered":"<p>[vc_row equal_height=&#8220;yes&#8220; content_placement=&#8220;middle&#8220; row_content_width=&#8220;grid&#8220; content_text_aligment=&#8220;center&#8220; css=&#8220;.vc_custom_1555353246051{margin-top: 50px !important;margin-bottom: 25px !important;}&#8220;][vc_column width=&#8220;1\/5&#8243; css=&#8220;.vc_custom_1553625106494{background-position: center !important;background-repeat: no-repeat !important;background-size: cover !important;}&#8220;][\/vc_column][vc_column width=&#8220;3\/5&#8243;][vc_column_text el_class=&#8220;pirrion-page-title&#8220;]<\/p>\n<h1>Zagori<\/h1>\n<p>[\/vc_column_text][vc_column_text el_class=&#8220;center&#8220;]Zagori ist eine Region von Epirus in der Pr\u00e4fektur Ioannina, im Nordwesten Griechenlands. Das Wort Zagori kommt aus dem Slawischen, und setzt sich zusammen aus dem Ausdruck Za, &#8222;hinter&#8220; und dem Substantiv Gora &#8222;Berg&#8220;. In der Antike wurden seine Bewohner als \u201eParoraioi\u201c bezeichnet, d.h. diejenigen, die hinter den Bergen leben. Die Zagorochoria liegen verstreut am Fu\u00dfe des Pindos-Gebirges.[\/vc_column_text][\/vc_column][vc_column width=&#8220;1\/5&#8243;][\/vc_column][\/vc_row][vc_row row_content_width=&#8220;grid&#8220; css=&#8220;.vc_custom_1555353423419{margin-top: 55px !important;margin-bottom: 25px !important;}&#8220;][vc_column][vc_single_image image=&#8220;9179&#8243; img_size=&#8220;full&#8220; alignment=&#8220;center&#8220;][\/vc_column][\/vc_row][vc_row row_content_width=&#8220;grid&#8220;][vc_column width=&#8220;1\/2&#8243;][vc_column_text]Geographisch gesehen wird Zagori im S\u00fcden des Mitsikeli Berges (der sich knapp \u00fcber dem See von Ioannina erhebt), im Westen durch die Stra\u00dfe, die Ioannina mit Konitsa verbindet, im Nordwesten von der sch\u00f6nen Konitsa (durch die der Fluss Aoos flie\u00dft), im Norden durch das Aoos Tal (d.h. das Tal zwischen Konitsa und Vasilitsa) gebildet.[\/vc_column_text][\/vc_column][vc_column width=&#8220;1\/2&#8243;][vc_column_text]Weiterhin im Nordosten durch den Nationalpark Nord-Pindos (die vereinheitlichten Nationalparks &#8222;Vikos &#8211; Aoos&#8220; und &#8222;Valia Kalda&#8220;), im Osten durch den k\u00fcnstlichen See von Aoos und im S\u00fcdosten durch den Teil der Egnatia Odos (Egnatia Stra\u00dfe), der sich zwischen Metsovo und dem Fluss Arachthos (d.h. der Br\u00fccke von Baldoumas) befindet.[\/vc_column_text][\/vc_column][\/vc_row][vc_row][vc_column][vc_empty_space height=&#8220;55px&#8220;][\/vc_column][\/vc_row][vc_row equal_height=&#8220;yes&#8220; content_placement=&#8220;middle&#8220; row_content_width=&#8220;grid&#8220; content_text_aligment=&#8220;center&#8220; parallax_background_image=&#8220;8476&#8243;][vc_column css=&#8220;.vc_custom_1553625106494{background-position: center !important;background-repeat: no-repeat !important;background-size: cover !important;}&#8220;][vc_empty_space height=&#8220;450px&#8220;][\/vc_column][\/vc_row][vc_row equal_height=&#8220;yes&#8220; content_placement=&#8220;middle&#8220; row_content_width=&#8220;grid&#8220; css=&#8220;.vc_custom_1553680931615{margin-top: 50px !important;margin-bottom: 50px !important;}&#8220;][vc_column width=&#8220;1\/5&#8243; css=&#8220;.vc_custom_1557441402024{padding-top: 100px !important;padding-right: 5% !important;padding-bottom: 100px !important;padding-left: 5% !important;}&#8220; offset=&#8220;vc_hidden-xs&#8220;][\/vc_column][vc_column width=&#8220;3\/5&#8243; css=&#8220;.vc_custom_1553631766515{background-position: center !important;background-repeat: no-repeat !important;background-size: cover !important;}&#8220; el_class=&#8220;center&#8220;][vc_column_text el_class=&#8220;center&#8220;]Ano Pedina, Ag. Minas, Asprangeli, Vitsa, Dikorfo, Dilofo, Dipotamo, Elati, Elafotopos, Kaloutas, Kato Pedina, Manassis, Mesovouni, Monodendri, Ag. Paraskevi, Anthrakitis, Greveniti, Demati, Doliani, Elatochori, Itea, Kavalari, Karyes, Kastanonas, Makrino, Petra, Potamia, Tristeno, Flampourari, Makrino. Papigo, Vradeto, Vrisochori, Iliochori, Kapesovo, Kipoi, Koukouli, Lasta, Leptokaria, Negades, Skamneli, Tsepelovo, Fragkades, Vovousa ist ein Gebiet der fast 47 D\u00f6rfer in Zagori. Sie sind ein einheitliches Ensemble mit vielen gemeinsamen architektonischen, kulturellen und historischen Elementen.[\/vc_column_text][\/vc_column][vc_column width=&#8220;1\/5&#8243; offset=&#8220;vc_hidden-xs&#8220;][\/vc_column][\/vc_row][vc_row row_content_width=&#8220;grid&#8220; css=&#8220;.vc_custom_1555353423419{margin-top: 55px !important;margin-bottom: 25px !important;}&#8220;][vc_column][vc_single_image image=&#8220;9179&#8243; img_size=&#8220;full&#8220; alignment=&#8220;center&#8220;][\/vc_column][\/vc_row][vc_row row_content_width=&#8220;grid&#8220;][vc_column width=&#8220;1\/2&#8243;][vc_column_text]Sie sind nach der lokalen Volkstradition gebaut, in der der Stein und das Holz die dominante Position einnehmen. W\u00e4hrend der osmanischen Herrschaft gelang es den Zagorochoria, die Gunst des hohen Rates zu erringen und so eine autonome Provinz mit wichtigen Privilegien zu errichten. Der Wohlstand der Region setzte sich mit der Gr\u00fcndung von Schulen fort. Die traditionelle Medizin bl\u00fchte in Form von &#8222;Vikos\u2019 \u00c4rzten&#8220; auf, die Kr\u00e4uter aus der Schlucht sammelten. Mehrere Gelehrte der Aufkl\u00e4rung wie N. Doukas &amp; Ath. Psalidas kamen aus den Zagorochoria.[\/vc_column_text][\/vc_column][vc_column width=&#8220;1\/2&#8243;][vc_column_text]Aber schon nach dem Tod von Ali Pascha begann die Zeit des Niedergangs. Fast alle D\u00f6rfer haben einen Mesochori (zentraler Dorfplatz) mit mindestens einer jahrhundertealten Platane. Hier setzen sich die Festivals und Feierlichkeiten, die auch damals schon, das gro\u00dfe Ereignis des Jahres waren, auch heute noch fort. Lokale Folkloremusiker unterhielten und unterhalten auch weiterhin die T\u00e4nzer. Alle versammeln sich zu einem Kreistanz wobei der f\u00fchrende T\u00e4nzer zuerst tanzt. Die meisten Kirchen in Zagori stammen aus dem 17. Jahrhundert, obwohl einige \u00e4ltere archaische Fundamente erhalten sind.[\/vc_column_text][\/vc_column][\/vc_row][vc_row][vc_column][vc_empty_space height=&#8220;55px&#8220;][\/vc_column][\/vc_row][vc_row equal_height=&#8220;yes&#8220; content_placement=&#8220;middle&#8220; row_content_width=&#8220;grid&#8220; content_text_aligment=&#8220;center&#8220; css=&#8220;.vc_custom_1553681206332{margin-bottom: 80px !important;}&#8220;][vc_column css=&#8220;.vc_custom_1555258500739{background-position: center !important;background-repeat: no-repeat !important;background-size: cover !important;}&#8220; el_class=&#8220;center&#8220;][vc_single_image image=&#8220;9388&#8243; img_size=&#8220;650&#215;650&#8243; alignment=&#8220;center&#8220; el_class=&#8220;pirrion-zoom&#8220;][\/vc_column][\/vc_row][vc_row row_content_width=&#8220;grid&#8220; css=&#8220;.vc_custom_1555008522977{margin-top: 100px !important;}&#8220;][vc_column][vc_single_image image=&#8220;9179&#8243; img_size=&#8220;full&#8220; alignment=&#8220;center&#8220;][\/vc_column][\/vc_row][vc_row full_width=&#8220;stretch_row&#8220; content_placement=&#8220;middle&#8220; parallax_background_image=&#8220;7214&#8243; parallax_bg_height=&#8220;400&#8243; css=&#8220;.vc_custom_1557697534623{margin-top: 50px !important;padding-top: 50px !important;padding-bottom: 50px !important;}&#8220; el_class=&#8220;see-other-rooms-row&#8220;][vc_column el_class=&#8220;see-other-rooms-row&#8220;][vc_column_text el_class=&#8220;center&#8220;]<\/p>\n<h2>Pirrion: Eine einzigartige Gastfreundschaft<\/h2>\n<h3 class=\"subtitle\">Erleben Sie den exklusiven Luxus, den unsere Zimmer bieten<\/h3>\n<p>[\/vc_column_text][vc_empty_space height=&#8220;30px&#8220;]<a itemprop=\"url\" href=\"https:\/\/www.pirrion.gr\/de\/zimmer-suiten\/\" target=\"_self\" style=\"background-color: #c5a46d\" class=\"eltd-btn eltd-btn-medium eltd-btn-solid center eltd-btn-line-left\"  >\n    <span class=\"eltd-btn-text\">Zimmeransicht<\/span>\n\n    \n    <\/a>[\/vc_column][\/vc_row][vc_row][vc_column][vc_empty_space height=&#8220;50px&#8220;][vc_single_image image=&#8220;9179&#8243; img_size=&#8220;full&#8220; alignment=&#8220;center&#8220;][vc_custom_heading text=&#8220;Und weiter\u2026&#8220; font_container=&#8220;tag:h3|font_size:36px|text_align:center|line_height:48px&#8220; use_theme_fonts=&#8220;yes&#8220;][\/vc_column][\/vc_row][vc_row row_content_width=&#8220;grid&#8220; el_class=&#8220;other-services-tiles&#8220;][vc_column width=&#8220;1\/4&#8243;]<div class=\"eltd-banner-holder see-more-banner eltd-visible-on-default eltd-banner-info-centered eltd-banner-btn-light\">\n    <div class=\"eltd-banner-image\">\n        <img fetchpriority=\"high\" decoding=\"async\" width=\"650\" height=\"433\" src=\"https:\/\/www.pirrion.gr\/wp-content\/uploads\/pirrion-yoga.jpg\" class=\"attachment-full size-full\" alt=\"\" srcset=\"https:\/\/www.pirrion.gr\/wp-content\/uploads\/pirrion-yoga.jpg 650w, https:\/\/www.pirrion.gr\/wp-content\/uploads\/pirrion-yoga-300x200.jpg 300w\" sizes=\"(max-width: 650px) 100vw, 650px\" \/>    <\/div>\n    <div class=\"eltd-banner-text-holder\" style=\"background-color: rgba(0,0,0,0.3)\">\n\t    <div class=\"eltd-banner-text-outer\">\n\t\t    <div class=\"eltd-banner-text-inner\">\n\t\t        \t\t            <h4 class=\"eltd-banner-title\" >\n\t\t                Yoga\t                <\/h4>\n\t\t                        \t\t\t\t\t\t\t<\/div>\n\t\t<\/div>\n\t<\/div>\n\t                <a itemprop=\"url\" class=\"eltd-banner-link\" title=\"Yoga\" href=\"https:\/\/www.pirrion.gr\/de\/yoga\/\" target=\"_self\"><\/a>\n    <\/div>[vc_empty_space height=&#8220;50px&#8220;][\/vc_column][vc_column width=&#8220;1\/4&#8243;]<div class=\"eltd-banner-holder see-more-banner eltd-visible-on-default eltd-banner-info-centered eltd-banner-btn-light\">\n    <div class=\"eltd-banner-image\">\n        <img decoding=\"async\" width=\"650\" height=\"433\" src=\"https:\/\/www.pirrion.gr\/wp-content\/uploads\/pirrion-rafting.jpg\" class=\"attachment-full size-full\" alt=\"\" srcset=\"https:\/\/www.pirrion.gr\/wp-content\/uploads\/pirrion-rafting.jpg 650w, https:\/\/www.pirrion.gr\/wp-content\/uploads\/pirrion-rafting-300x200.jpg 300w\" sizes=\"(max-width: 650px) 100vw, 650px\" \/>    <\/div>\n    <div class=\"eltd-banner-text-holder\" style=\"background-color: rgba(0,0,0,0.3)\">\n\t    <div class=\"eltd-banner-text-outer\">\n\t\t    <div class=\"eltd-banner-text-inner\">\n\t\t        \t\t            <h4 class=\"eltd-banner-title\" >\n\t\t                Aktivit\u00e4ten\t                <\/h4>\n\t\t                        \t\t\t\t\t\t\t<\/div>\n\t\t<\/div>\n\t<\/div>\n\t                <a itemprop=\"url\" class=\"eltd-banner-link\" title=\"Aktivit\u00e4ten\" href=\"https:\/\/www.pirrion.gr\/de\/aktivit\u00e4ten\/\" target=\"_self\"><\/a>\n    <\/div>[vc_empty_space height=&#8220;50px&#8220;][\/vc_column][vc_column width=&#8220;1\/4&#8243;]<div class=\"eltd-banner-holder see-more-banner eltd-visible-on-default eltd-banner-info-centered eltd-banner-btn-light\">\n    <div class=\"eltd-banner-image\">\n        <img decoding=\"async\" width=\"650\" height=\"433\" src=\"https:\/\/www.pirrion.gr\/wp-content\/uploads\/pirrion-massage.jpg\" class=\"attachment-full size-full\" alt=\"\" srcset=\"https:\/\/www.pirrion.gr\/wp-content\/uploads\/pirrion-massage.jpg 650w, https:\/\/www.pirrion.gr\/wp-content\/uploads\/pirrion-massage-300x200.jpg 300w\" sizes=\"(max-width: 650px) 100vw, 650px\" \/>    <\/div>\n    <div class=\"eltd-banner-text-holder\" style=\"background-color: rgba(0,0,0,0.3)\">\n\t    <div class=\"eltd-banner-text-outer\">\n\t\t    <div class=\"eltd-banner-text-inner\">\n\t\t        \t\t            <h4 class=\"eltd-banner-title\" >\n\t\t                Massage\t                <\/h4>\n\t\t                        \t\t\t\t\t\t\t<\/div>\n\t\t<\/div>\n\t<\/div>\n\t                <a itemprop=\"url\" class=\"eltd-banner-link\" title=\"Massage\" href=\"https:\/\/www.pirrion.gr\/de\/massage\/\" target=\"_self\"><\/a>\n    <\/div>[vc_empty_space height=&#8220;50px&#8220;][\/vc_column][vc_column width=&#8220;1\/4&#8243;]<div class=\"eltd-banner-holder see-more-banner eltd-visible-on-default eltd-banner-info-centered eltd-banner-btn-light\">\n    <div class=\"eltd-banner-image\">\n        <img loading=\"lazy\" decoding=\"async\" width=\"650\" height=\"433\" src=\"https:\/\/www.pirrion.gr\/wp-content\/uploads\/pirrion-restaurant.jpg\" class=\"attachment-full size-full\" alt=\"\" srcset=\"https:\/\/www.pirrion.gr\/wp-content\/uploads\/pirrion-restaurant.jpg 650w, https:\/\/www.pirrion.gr\/wp-content\/uploads\/pirrion-restaurant-300x200.jpg 300w\" sizes=\"(max-width: 650px) 100vw, 650px\" \/>    <\/div>\n    <div class=\"eltd-banner-text-holder\" style=\"background-color: rgba(0,0,0,0.3)\">\n\t    <div class=\"eltd-banner-text-outer\">\n\t\t    <div class=\"eltd-banner-text-inner\">\n\t\t        \t\t            <h4 class=\"eltd-banner-title\" >\n\t\t                Restaurant Skantzochoiros\t                <\/h4>\n\t\t                        \t\t\t\t\t\t\t<\/div>\n\t\t<\/div>\n\t<\/div>\n\t                <a itemprop=\"url\" class=\"eltd-banner-link\" title=\"Restaurant Skantzochoiros\" href=\"https:\/\/www.pirrion.gr\/de\/restaurant-skantzochoiros\/\" target=\"_self\"><\/a>\n    <\/div>[vc_empty_space height=&#8220;50px&#8220;][\/vc_column][\/vc_row][vc_row full_width=&#8220;stretch_row_content_no_spaces&#8220; css=&#8220;.vc_custom_1557441871596{margin-top: 50px !important;}&#8220;][vc_column]<div class=\"eltd-google-map-holder\">\n\t<div class=\"eltd-google-map\" id=\"eltd-map-544356\" data-addresses='[\"Ano Pedina\"]' data-custom-map-style=no data-color-overlay=#393939 data-saturation=-100 data-lightness=-60 data-zoom=12 data-pin=https:\/\/www.pirrion.gr\/wp-content\/uploads\/pirrion-pin.png data-unique-id=544356 data-scroll-wheel=no data-height=600 ><\/div>\n\t\t\t\t<div class=\"eltd-google-map-overlay\"><\/div>\n\t<\/div>\n[\/vc_column][\/vc_row]<\/p>\n","protected":false},"excerpt":{"rendered":"<p>[vc_row equal_height=&#8220;yes&#8220; content_placement=&#8220;middle&#8220; row_content_width=&#8220;grid&#8220; content_text_aligment=&#8220;center&#8220; css=&#8220;.vc_custom_1555353246051{margin-top: 50px !important;margin-bottom: 25px !important;}&#8220;][vc_column width=&#8220;1\/5&#8243; css=&#8220;.vc_custom_1553625106494{background-position: center !important;background-repeat: no-repeat !important;background-size: cover !important;}&#8220;][\/vc_column][vc_column width=&#8220;3\/5&#8243;][vc_column_text [&hellip;]<\/p>\n","protected":false},"author":1,"featured_media":9389,"parent":0,"menu_order":0,"comment_status":"closed","ping_status":"closed","template":"full-width.php","meta":{"footnotes":""},"class_list":["post-9386","page","type-page","status-publish","has-post-thumbnail","hentry"],"yoast_head":"<!-- This site is optimized with the Yoast SEO plugin v26.8 - https:\/\/yoast.com\/product\/yoast-seo-wordpress\/ -->\n<title>Zagori - Pirrion wellness boutique hotel<\/title>\n<meta name=\"description\" content=\"Zagori ist eine Region von Epirus in der Pr\u00e4fektur Ioannina, im Nordwesten Griechenlands. Die Zagorochoria liegen verstreut am Fu\u00dfe des Pindos-Gebirges.\" \/>\n<meta name=\"robots\" content=\"index, follow, max-snippet:-1, max-image-preview:large, max-video-preview:-1\" \/>\n<link rel=\"canonical\" href=\"https:\/\/www.pirrion.gr\/de\/zagori\/\" \/>\n<meta property=\"og:locale\" content=\"de_DE\" \/>\n<meta property=\"og:type\" content=\"article\" \/>\n<meta property=\"og:title\" content=\"Zagori - Pirrion wellness boutique hotel\" \/>\n<meta property=\"og:description\" content=\"Zagori ist eine Region von Epirus in der Pr\u00e4fektur Ioannina, im Nordwesten Griechenlands. Die Zagorochoria liegen verstreut am Fu\u00dfe des Pindos-Gebirges.\" \/>\n<meta property=\"og:url\" content=\"https:\/\/www.pirrion.gr\/de\/zagori\/\" \/>\n<meta property=\"og:site_name\" content=\"Pirrion wellness boutique hotel\" \/>\n<meta property=\"article:publisher\" content=\"https:\/\/www.facebook.com\/PirrionHotelSweetHospitality\/\" \/>\n<meta property=\"article:modified_time\" content=\"2019-07-07T22:54:07+00:00\" \/>\n<meta property=\"og:image\" content=\"https:\/\/www.pirrion.gr\/wp-content\/uploads\/bridge-zagori-header.jpg\" \/>\n\t<meta property=\"og:image:width\" content=\"1920\" \/>\n\t<meta property=\"og:image:height\" content=\"700\" \/>\n\t<meta property=\"og:image:type\" content=\"image\/jpeg\" \/>\n<meta name=\"twitter:card\" content=\"summary_large_image\" \/>\n<meta name=\"twitter:label1\" content=\"Gesch\u00e4tzte Lesezeit\" \/>\n\t<meta name=\"twitter:data1\" content=\"6\u00a0Minuten\" \/>\n<script type=\"application\/ld+json\" class=\"yoast-schema-graph\">{\"@context\":\"https:\/\/schema.org\",\"@graph\":[{\"@type\":\"WebPage\",\"@id\":\"https:\/\/www.pirrion.gr\/de\/zagori\/\",\"url\":\"https:\/\/www.pirrion.gr\/de\/zagori\/\",\"name\":\"Zagori - Pirrion wellness boutique hotel\",\"isPartOf\":{\"@id\":\"https:\/\/www.pirrion.gr\/de\/#website\"},\"primaryImageOfPage\":{\"@id\":\"https:\/\/www.pirrion.gr\/de\/zagori\/#primaryimage\"},\"image\":{\"@id\":\"https:\/\/www.pirrion.gr\/de\/zagori\/#primaryimage\"},\"thumbnailUrl\":\"https:\/\/www.pirrion.gr\/wp-content\/uploads\/bridge-zagori-header.jpg\",\"datePublished\":\"2019-07-07T18:25:46+00:00\",\"dateModified\":\"2019-07-07T22:54:07+00:00\",\"description\":\"Zagori ist eine Region von Epirus in der Pr\u00e4fektur Ioannina, im Nordwesten Griechenlands. Die Zagorochoria liegen verstreut am Fu\u00dfe des Pindos-Gebirges.\",\"breadcrumb\":{\"@id\":\"https:\/\/www.pirrion.gr\/de\/zagori\/#breadcrumb\"},\"inLanguage\":\"de\",\"potentialAction\":[{\"@type\":\"ReadAction\",\"target\":[\"https:\/\/www.pirrion.gr\/de\/zagori\/\"]}]},{\"@type\":\"ImageObject\",\"inLanguage\":\"de\",\"@id\":\"https:\/\/www.pirrion.gr\/de\/zagori\/#primaryimage\",\"url\":\"https:\/\/www.pirrion.gr\/wp-content\/uploads\/bridge-zagori-header.jpg\",\"contentUrl\":\"https:\/\/www.pirrion.gr\/wp-content\/uploads\/bridge-zagori-header.jpg\",\"width\":1920,\"height\":700,\"caption\":\"Zagori - Pirrion Sweet Hospitality\"},{\"@type\":\"BreadcrumbList\",\"@id\":\"https:\/\/www.pirrion.gr\/de\/zagori\/#breadcrumb\",\"itemListElement\":[{\"@type\":\"ListItem\",\"position\":1,\"name\":\"Home\",\"item\":\"https:\/\/www.pirrion.gr\/de\/\"},{\"@type\":\"ListItem\",\"position\":2,\"name\":\"Zagori\"}]},{\"@type\":\"WebSite\",\"@id\":\"https:\/\/www.pirrion.gr\/de\/#website\",\"url\":\"https:\/\/www.pirrion.gr\/de\/\",\"name\":\"Pirrion wellness boutique hotel\",\"description\":\"\",\"publisher\":{\"@id\":\"https:\/\/www.pirrion.gr\/de\/#organization\"},\"potentialAction\":[{\"@type\":\"SearchAction\",\"target\":{\"@type\":\"EntryPoint\",\"urlTemplate\":\"https:\/\/www.pirrion.gr\/de\/?s={search_term_string}\"},\"query-input\":{\"@type\":\"PropertyValueSpecification\",\"valueRequired\":true,\"valueName\":\"search_term_string\"}}],\"inLanguage\":\"de\"},{\"@type\":\"Organization\",\"@id\":\"https:\/\/www.pirrion.gr\/de\/#organization\",\"name\":\"Pirrion wellness boutique hotel\",\"url\":\"https:\/\/www.pirrion.gr\/de\/\",\"logo\":{\"@type\":\"ImageObject\",\"inLanguage\":\"de\",\"@id\":\"https:\/\/www.pirrion.gr\/de\/#\/schema\/logo\/image\/\",\"url\":\"https:\/\/www.pirrion.gr\/wp-content\/uploads\/Untitled-design.png\",\"contentUrl\":\"https:\/\/www.pirrion.gr\/wp-content\/uploads\/Untitled-design.png\",\"width\":3375,\"height\":4219,\"caption\":\"Pirrion wellness boutique hotel\"},\"image\":{\"@id\":\"https:\/\/www.pirrion.gr\/de\/#\/schema\/logo\/image\/\"},\"sameAs\":[\"https:\/\/www.facebook.com\/PirrionHotelSweetHospitality\/\",\"https:\/\/www.instagram.com\/pirrion_wellness_boutiquehotel\/?hl=en\"]}]}<\/script>\n<!-- \/ Yoast SEO plugin. -->","yoast_head_json":{"title":"Zagori - Pirrion wellness boutique hotel","description":"Zagori ist eine Region von Epirus in der Pr\u00e4fektur Ioannina, im Nordwesten Griechenlands. Die Zagorochoria liegen verstreut am Fu\u00dfe des Pindos-Gebirges.","robots":{"index":"index","follow":"follow","max-snippet":"max-snippet:-1","max-image-preview":"max-image-preview:large","max-video-preview":"max-video-preview:-1"},"canonical":"https:\/\/www.pirrion.gr\/de\/zagori\/","og_locale":"de_DE","og_type":"article","og_title":"Zagori - Pirrion wellness boutique hotel","og_description":"Zagori ist eine Region von Epirus in der Pr\u00e4fektur Ioannina, im Nordwesten Griechenlands. Die Zagorochoria liegen verstreut am Fu\u00dfe des Pindos-Gebirges.","og_url":"https:\/\/www.pirrion.gr\/de\/zagori\/","og_site_name":"Pirrion wellness boutique hotel","article_publisher":"https:\/\/www.facebook.com\/PirrionHotelSweetHospitality\/","article_modified_time":"2019-07-07T22:54:07+00:00","og_image":[{"width":1920,"height":700,"url":"https:\/\/www.pirrion.gr\/wp-content\/uploads\/bridge-zagori-header.jpg","type":"image\/jpeg"}],"twitter_card":"summary_large_image","twitter_misc":{"Gesch\u00e4tzte Lesezeit":"6\u00a0Minuten"},"schema":{"@context":"https:\/\/schema.org","@graph":[{"@type":"WebPage","@id":"https:\/\/www.pirrion.gr\/de\/zagori\/","url":"https:\/\/www.pirrion.gr\/de\/zagori\/","name":"Zagori - Pirrion wellness boutique hotel","isPartOf":{"@id":"https:\/\/www.pirrion.gr\/de\/#website"},"primaryImageOfPage":{"@id":"https:\/\/www.pirrion.gr\/de\/zagori\/#primaryimage"},"image":{"@id":"https:\/\/www.pirrion.gr\/de\/zagori\/#primaryimage"},"thumbnailUrl":"https:\/\/www.pirrion.gr\/wp-content\/uploads\/bridge-zagori-header.jpg","datePublished":"2019-07-07T18:25:46+00:00","dateModified":"2019-07-07T22:54:07+00:00","description":"Zagori ist eine Region von Epirus in der Pr\u00e4fektur Ioannina, im Nordwesten Griechenlands. Die Zagorochoria liegen verstreut am Fu\u00dfe des Pindos-Gebirges.","breadcrumb":{"@id":"https:\/\/www.pirrion.gr\/de\/zagori\/#breadcrumb"},"inLanguage":"de","potentialAction":[{"@type":"ReadAction","target":["https:\/\/www.pirrion.gr\/de\/zagori\/"]}]},{"@type":"ImageObject","inLanguage":"de","@id":"https:\/\/www.pirrion.gr\/de\/zagori\/#primaryimage","url":"https:\/\/www.pirrion.gr\/wp-content\/uploads\/bridge-zagori-header.jpg","contentUrl":"https:\/\/www.pirrion.gr\/wp-content\/uploads\/bridge-zagori-header.jpg","width":1920,"height":700,"caption":"Zagori - Pirrion Sweet Hospitality"},{"@type":"BreadcrumbList","@id":"https:\/\/www.pirrion.gr\/de\/zagori\/#breadcrumb","itemListElement":[{"@type":"ListItem","position":1,"name":"Home","item":"https:\/\/www.pirrion.gr\/de\/"},{"@type":"ListItem","position":2,"name":"Zagori"}]},{"@type":"WebSite","@id":"https:\/\/www.pirrion.gr\/de\/#website","url":"https:\/\/www.pirrion.gr\/de\/","name":"Pirrion wellness boutique hotel","description":"","publisher":{"@id":"https:\/\/www.pirrion.gr\/de\/#organization"},"potentialAction":[{"@type":"SearchAction","target":{"@type":"EntryPoint","urlTemplate":"https:\/\/www.pirrion.gr\/de\/?s={search_term_string}"},"query-input":{"@type":"PropertyValueSpecification","valueRequired":true,"valueName":"search_term_string"}}],"inLanguage":"de"},{"@type":"Organization","@id":"https:\/\/www.pirrion.gr\/de\/#organization","name":"Pirrion wellness boutique hotel","url":"https:\/\/www.pirrion.gr\/de\/","logo":{"@type":"ImageObject","inLanguage":"de","@id":"https:\/\/www.pirrion.gr\/de\/#\/schema\/logo\/image\/","url":"https:\/\/www.pirrion.gr\/wp-content\/uploads\/Untitled-design.png","contentUrl":"https:\/\/www.pirrion.gr\/wp-content\/uploads\/Untitled-design.png","width":3375,"height":4219,"caption":"Pirrion wellness boutique hotel"},"image":{"@id":"https:\/\/www.pirrion.gr\/de\/#\/schema\/logo\/image\/"},"sameAs":["https:\/\/www.facebook.com\/PirrionHotelSweetHospitality\/","https:\/\/www.instagram.com\/pirrion_wellness_boutiquehotel\/?hl=en"]}]}},"_links":{"self":[{"href":"https:\/\/www.pirrion.gr\/de\/wp-json\/wp\/v2\/pages\/9386","targetHints":{"allow":["GET"]}}],"collection":[{"href":"https:\/\/www.pirrion.gr\/de\/wp-json\/wp\/v2\/pages"}],"about":[{"href":"https:\/\/www.pirrion.gr\/de\/wp-json\/wp\/v2\/types\/page"}],"author":[{"embeddable":true,"href":"https:\/\/www.pirrion.gr\/de\/wp-json\/wp\/v2\/users\/1"}],"replies":[{"embeddable":true,"href":"https:\/\/www.pirrion.gr\/de\/wp-json\/wp\/v2\/comments?post=9386"}],"version-history":[{"count":5,"href":"https:\/\/www.pirrion.gr\/de\/wp-json\/wp\/v2\/pages\/9386\/revisions"}],"predecessor-version":[{"id":9394,"href":"https:\/\/www.pirrion.gr\/de\/wp-json\/wp\/v2\/pages\/9386\/revisions\/9394"}],"wp:featuredmedia":[{"embeddable":true,"href":"https:\/\/www.pirrion.gr\/de\/wp-json\/wp\/v2\/media\/9389"}],"wp:attachment":[{"href":"https:\/\/www.pirrion.gr\/de\/wp-json\/wp\/v2\/media?parent=9386"}],"curies":[{"name":"wp","href":"https:\/\/api.w.org\/{rel}","templated":true}]}}