{"id":9395,"date":"2019-07-07T21:33:57","date_gmt":"2019-07-07T18:33:57","guid":{"rendered":"https:\/\/www.pirrion.gr\/?page_id=9395"},"modified":"2019-07-11T15:35:21","modified_gmt":"2019-07-11T12:35:21","slug":"sehenswuerdigkeiten","status":"publish","type":"page","link":"https:\/\/www.pirrion.gr\/de\/sehenswuerdigkeiten\/","title":{"rendered":"Sehensw\u00fcrdigkeiten"},"content":{"rendered":"<p>[vc_row content_placement=&#8220;middle&#8220; css=&#8220;.vc_custom_1554419874131{margin-top: 50px !important;}&#8220;][vc_column width=&#8220;1\/5&#8243;][\/vc_column][vc_column width=&#8220;3\/5&#8243;][vc_column_text el_class=&#8220;center&#8220;]Es gibt nur wenige Orte, an denen sich die Kunst des Menschen mit der Architektur der Natur so stark verbindet. Wenn man mit einem kleinen Hubschrauber \u00fcber Zagori fliegt, l\u00e4sst die nat\u00fcrliche Sch\u00f6nheit und die Denkm\u00e4ler der Zivilisation, die so sch\u00f6n mit der Umgebung harmonieren, keinen Wunsch offen.<\/p>\n<p>Fl\u00fcsse und elegante G\u00e4rten, D\u00e4cher, Schornsteine, Innenh\u00f6fe, Z\u00e4une, Terrassen, Brunnen, Wasserbecken, Schulen, Pl\u00e4tze, Stra\u00dfen, gewaltige Berge, wilde Schluchten, Grotten, H\u00f6hlen, beeindruckende Wasserf\u00e4lle und unber\u00fchrte W\u00e4lder, arch\u00e4ologische St\u00e4tten, Seen, gepflasterte Stra\u00dfen, Kultst\u00e4tten und T\u00fcrme, Villen, Bibliotheken und Volkskunstmuseen verdienen die Bewunderung des Reisenden.<\/p>\n<p>Zagori ist das gro\u00dfe Geheimnis auch f\u00fcr einen erfolgreichen Familienausflug im Fr\u00fchjahr und Sommer! Wandern auf sanften Pfaden, ideal auch f\u00fcr Kinder, verschiedene Aktivit\u00e4ten in Griechenlands blauem Fluss, Webstuhlunterricht und Unterricht im traditionellen Pita machen, interessante Folklore und sehr gutes Essen.[\/vc_column_text][vc_single_image image=&#8220;9179&#8243; img_size=&#8220;full&#8220; alignment=&#8220;center&#8220; css=&#8220;.vc_custom_1554809427133{margin-top: 50px !important;}&#8220;][\/vc_column][vc_column width=&#8220;1\/5&#8243;][\/vc_column][\/vc_row][vc_row content_placement=&#8220;middle&#8220; css=&#8220;.vc_custom_1554419880305{margin-top: 50px !important;}&#8220;][vc_column offset=&#8220;vc_col-lg-6 vc_col-md-6&#8243; css=&#8220;.vc_custom_1554827792653{margin-bottom: 50px !important;}&#8220;]<div class=\"eltd-single-image-holder   eltd-image-behavior-zoom\">\n    <div class=\"eltd-si-inner\" >\n                                    <img fetchpriority=\"high\" decoding=\"async\" width=\"800\" height=\"1000\" src=\"https:\/\/www.pirrion.gr\/wp-content\/uploads\/axiotheata-01.jpg\" class=\"attachment-full size-full\" alt=\"\u0391\u03be\u03b9\u03bf\u03b8\u03ad\u03b1\u03c4\u03b1 - Pirrion Sweet Hospitality\" srcset=\"https:\/\/www.pirrion.gr\/wp-content\/uploads\/axiotheata-01.jpg 800w, https:\/\/www.pirrion.gr\/wp-content\/uploads\/axiotheata-01-240x300.jpg 240w, https:\/\/www.pirrion.gr\/wp-content\/uploads\/axiotheata-01-768x960.jpg 768w\" sizes=\"(max-width: 800px) 100vw, 800px\" \/>                        <\/div>\n<\/div>[\/vc_column][vc_column offset=&#8220;vc_col-lg-6 vc_col-md-6&#8243; css=&#8220;.vc_custom_1557440880421{margin-bottom: 50px !important;}&#8220;][vc_custom_heading text=&#8220;Geotourismus&#8220; font_container=&#8220;tag:h2|text_align:center&#8220; use_theme_fonts=&#8220;yes&#8220;][vc_column_text]<\/p>\n<ul>\n<li>Die Vikos-Schlucht: Mit einer L\u00e4nge von 12 km beginnt sie von Vikos aus und endet im Dorf Kipoi. Das ist die tiefste der Welt! Die \u00dcberfahrt dauert 5 Stunden. Der Besucher kann die Schlucht von Oxia und das Kloster der Ag. Paraskevi (Dorf Monodendri) sowie von Beloi (Dorf Vradeto) aus genie\u00dfen.<\/li>\n<li>Der See von Drakolimni Tymfi oder Gamila: Drakolimni bedeutet Drachensee. Er liegt auf einer H\u00f6he von 2.100 m auf dem Berg Tymfi. Seine Entstehung verdankt er dem Abschmelzen der letzten Gletscher vor 10.000 Jahren! Beispiellose alpine Landschaft, mit permanentem Wasser und charakteristischen Tritonen (eine seltene Amphibienart \u00e4hnlich wie eine Eidechse). Von Mikro Papigo aus ist der See nach 4 Stunden zu Fu\u00df zu erreichen.<\/li>\n<li>Die Steinbr\u00fccken: Kokkori, Kalogeriko oder Plakida (TRITOXO, was \u201edreibogig\u201c bedeutet) auf dem Weg zum Dorf Kipoi und der Voidomatis-Br\u00fccke, die an diesem Ort vor 1700 in Klidonia (am Ende der Schlucht) gebaut wurde.<\/li>\n<li>Die nat\u00fcrlichen Schwimmbecken (Kolimpithres): ein seltenes Naturph\u00e4nomen, da es sich um eine &#8222;Verengung&#8220; des Rogovo-Bachs handelt, die ihn in eine kleine Schlucht verwandelt und so kleine Naturbecken schafft (Sie befindet sich zwischen Megalo Papigo und Mikro Papigo).<\/li>\n<\/ul>\n<p>[\/vc_column_text][\/vc_column][\/vc_row][vc_row content_placement=&#8220;middle&#8220; el_class=&#8220;reverse-row&#8220;][vc_column offset=&#8220;vc_col-lg-6 vc_col-md-6&#8243; css=&#8220;.vc_custom_1557440944598{margin-bottom: 50px !important;}&#8220;][vc_column_text]<\/p>\n<ul>\n<li>Die Treppe (Skala) von Vradeto: Dies ist eine Kopfsteinpflasterstra\u00dfe mit 1.200 Stufen aus lokalen Steinen, die bis 1970 die einzige M\u00f6glichkeit zur Verbindung zwischen dem Dorf Vradeto und dem benachbarten Kapesovo war. (Die Wanderung dauert ca. 40 Minuten)<\/li>\n<li>Der Steinwald (auf dem Weg zwischen Monodendri-Oxia) ist eine Reihe von Kalksteinfelsen, die Bewunderung hervorrufen. Sie besteht aus \u00fcbereinander liegenden Steinplatten, die aussehen, als ob jemand eine \u00fcber die andere gelegt zu haben scheint (ihr Alter variiert zwischen 160 und 35 Millionen Jahren) Erosion durch Regen und Wind hat diesen Effekt verst\u00e4rkt. Der Blick auf Vikos und die Schlucht von Megalos Lakkos ist von dieser Position erstaunlich.<\/li>\n<li>Die beeindruckenden Wasserf\u00e4lle im Dorf Iliochori<\/li>\n<li>Die Sarakatsani-D\u00f6rfer (in Gyftokampos \u2013 eine Darstellung von H\u00fctten, Stall, Schuppen, Webstuhl, Molkerei, Lehrerh\u00fctte, Kapelle, etc., um die alte halbnomadische Lebensweise und Viehzucht zu inszenieren).<\/li>\n<\/ul>\n<p>[\/vc_column_text][\/vc_column][vc_column offset=&#8220;vc_col-lg-6 vc_col-md-6&#8243; css=&#8220;.vc_custom_1554827796609{margin-bottom: 50px !important;}&#8220;]<div class=\"eltd-single-image-holder   eltd-image-behavior-zoom\">\n    <div class=\"eltd-si-inner\" >\n                                    <img decoding=\"async\" width=\"800\" height=\"1000\" src=\"https:\/\/www.pirrion.gr\/wp-content\/uploads\/axiotheata-04.jpg\" class=\"attachment-full size-full\" alt=\"\u0391\u03be\u03b9\u03bf\u03b8\u03ad\u03b1\u03c4\u03b1 - Pirrion Sweet Hospitality\" srcset=\"https:\/\/www.pirrion.gr\/wp-content\/uploads\/axiotheata-04.jpg 800w, https:\/\/www.pirrion.gr\/wp-content\/uploads\/axiotheata-04-240x300.jpg 240w, https:\/\/www.pirrion.gr\/wp-content\/uploads\/axiotheata-04-768x960.jpg 768w\" sizes=\"(max-width: 800px) 100vw, 800px\" \/>                        <\/div>\n<\/div>[\/vc_column][\/vc_row][vc_row content_placement=&#8220;middle&#8220;][vc_column offset=&#8220;vc_col-lg-6 vc_col-md-6&#8243; css=&#8220;.vc_custom_1554827802161{margin-bottom: 50px !important;}&#8220;]<div class=\"eltd-single-image-holder   eltd-image-behavior-zoom\">\n    <div class=\"eltd-si-inner\" >\n                                    <img decoding=\"async\" width=\"800\" height=\"1000\" src=\"https:\/\/www.pirrion.gr\/wp-content\/uploads\/axiotheata-02.jpg\" class=\"attachment-full size-full\" alt=\"\u0391\u03be\u03b9\u03bf\u03b8\u03ad\u03b1\u03c4\u03b1 - Pirrion Sweet Hospitality\" srcset=\"https:\/\/www.pirrion.gr\/wp-content\/uploads\/axiotheata-02.jpg 800w, https:\/\/www.pirrion.gr\/wp-content\/uploads\/axiotheata-02-240x300.jpg 240w, https:\/\/www.pirrion.gr\/wp-content\/uploads\/axiotheata-02-768x960.jpg 768w\" sizes=\"(max-width: 800px) 100vw, 800px\" \/>                        <\/div>\n<\/div>[\/vc_column][vc_column offset=&#8220;vc_col-lg-6 vc_col-md-6&#8243; css=&#8220;.vc_custom_1557440892248{margin-bottom: 50px !important;}&#8220;][vc_custom_heading text=&#8220;Glaubenstourismus &amp; Heilige Kloster&#8220; font_container=&#8220;tag:h2|text_align:center&#8220; use_theme_fonts=&#8220;yes&#8220;][vc_column_text]<\/p>\n<ul>\n<li>Das Kloster der Evangelistria (am Eingang zum Dorf Ano Pedina)<\/li>\n<li>Das Kloster Rogovo (erbaut im 11. Jahrhundert und ber\u00fchmt f\u00fcr seine vergoldete Ikonostase und die Fresken aus dem Jahr 1765 (zwischen Tsepelovo und Kapesovo)<\/li>\n<li>Das Kloster der Panagia Spiliotissa (erbaut 1579 auf steilen Klippen zwischen den D\u00f6rfern Aristi und Papigo, nahe dem Ufer des Voidomatis-Flusses)<\/li>\n<li>Das Kloster der Agia Paraskevi im Dorf Monodendri (eines der \u00e4ltesten Kl\u00f6ster von Epirus, das 1412 errichtet wurde. Es ist eine echte steinerne Festung mit einzigartiger Aussicht, die sich am Rande der Vikos-Schlucht befindet)<\/li>\n<li>Das Kloster Panagia Pogoniotissa von Voutsas (zwischen den D\u00f6rfern Greveniti, Flampourari, Doliani). Die Tradition besagt, dass das Kloster vom byzantinischen Kaiser Konstantin IV.\u00a0 Pogonatos, gegr\u00fcndet wurde.<\/li>\n<\/ul>\n<p>[\/vc_column_text][\/vc_column][\/vc_row][vc_row content_placement=&#8220;middle&#8220; el_class=&#8220;reverse-row&#8220;][vc_column offset=&#8220;vc_col-lg-6 vc_col-md-6&#8243;][vc_custom_heading text=&#8220;Museumstourismus&#8220; font_container=&#8220;tag:h2|text_align:center&#8220; use_theme_fonts=&#8220;yes&#8220;][vc_column_text]<\/p>\n<ul>\n<li>Das Naturkundemuseum von Lazaridis (eine Sammlung von 1.240 verschiedenen Arten seltener Pflanzen, die in den Schluchten und Felsen von Vikos, im Dorf Koukouli, zu finden sind)<\/li>\n<li>Das Rizareio Ausstellungszentrum \u2013 Darstellung handgefertigter Teppicharbeiten (im Dorf Monodendri)<\/li>\n<li>Das Volkskundemuseum von Agapios Tolis (im Dorf Kipoi)<\/li>\n<\/ul>\n<p>[\/vc_column_text][vc_empty_space][vc_custom_heading text=&#8220;Legenden und Traditionen&#8220; font_container=&#8220;tag:h2|text_align:center&#8220; use_theme_fonts=&#8220;yes&#8220;][vc_column_text el_class=&#8220;justify&#8220;]In der Gegend um Zagori wurde seit den alten Zeiten \u00fcber die Anwesenheit einiger Drachen gemunkelt. Vom Drachen, der dem Heiligen Georg im Weg stand, bis hin zu den beiden Seen, die ihren Namen &#8222;Drakolimni&#8220; von \u00e4hnlichen Legenden erhielten. Es wird gesagt, dass die Drachen auf dem Grund der Seen schliefen und k\u00e4mpften indem der eine mit Steinen vom Gamila-Berg und der andere mit riesigen B\u00e4umen warfen.<\/p>\n<p>Die historischen Ereignisse in Epirus wurden dann mit dem Mythos vermischt, von den tapferen Kriegern der Griechischen Revolution bis zur Frau Frosyne (Kyra Frosyni), von den ber\u00fchmten Kaufleuten, H\u00e4ndlern und Hausierern von Zagori, von den Reisenden und ihren Klagen bis zu den Festen, von der Freude und den Hochzeiten, von all denen und den Dingen, die mit Leidenschaft besungen wurden. \u00a0Die Verwurzelung an diesem Ort von Tradition und Geschichte ist unverkennbar.[\/vc_column_text][\/vc_column][vc_column offset=&#8220;vc_col-lg-6 vc_col-md-6&#8243; css=&#8220;.vc_custom_1554827807238{margin-bottom: 50px !important;}&#8220;]<div class=\"eltd-single-image-holder   eltd-image-behavior-zoom\">\n    <div class=\"eltd-si-inner\" >\n                                    <img loading=\"lazy\" decoding=\"async\" width=\"800\" height=\"1000\" src=\"https:\/\/www.pirrion.gr\/wp-content\/uploads\/axiotheata-03.jpg\" class=\"attachment-full size-full\" alt=\"\u0391\u03be\u03b9\u03bf\u03b8\u03ad\u03b1\u03c4\u03b1 - Pirrion Sweet Hospitality\" srcset=\"https:\/\/www.pirrion.gr\/wp-content\/uploads\/axiotheata-03.jpg 800w, https:\/\/www.pirrion.gr\/wp-content\/uploads\/axiotheata-03-240x300.jpg 240w, https:\/\/www.pirrion.gr\/wp-content\/uploads\/axiotheata-03-768x960.jpg 768w\" sizes=\"(max-width: 800px) 100vw, 800px\" \/>                        <\/div>\n<\/div>[\/vc_column][\/vc_row][vc_row full_width=&#8220;stretch_row_content_no_spaces&#8220; css=&#8220;.vc_custom_1554827913630{margin-top: 50px !important;margin-bottom: -80px !important;}&#8220;][vc_column]<div class=\"eltd-google-map-holder\">\n\t<div class=\"eltd-google-map\" id=\"eltd-map-397268\" data-addresses='[\"Ano Pedina\"]' data-custom-map-style=no data-color-overlay=#393939 data-saturation=-100 data-lightness=-60 data-zoom=12 data-pin=https:\/\/www.pirrion.gr\/wp-content\/uploads\/pirrion-pin.png data-unique-id=397268 data-scroll-wheel=no data-height=600 ><\/div>\n\t\t\t\t<div class=\"eltd-google-map-overlay\"><\/div>\n\t<\/div>\n[\/vc_column][\/vc_row]<\/p>\n","protected":false},"excerpt":{"rendered":"<p>[vc_row content_placement=&#8220;middle&#8220; css=&#8220;.vc_custom_1554419874131{margin-top: 50px !important;}&#8220;][vc_column width=&#8220;1\/5&#8243;][\/vc_column][vc_column width=&#8220;3\/5&#8243;][vc_column_text el_class=&#8220;center&#8220;]Es gibt nur wenige Orte, an denen sich die Kunst des Menschen [&hellip;]<\/p>\n","protected":false},"author":1,"featured_media":9389,"parent":0,"menu_order":0,"comment_status":"closed","ping_status":"closed","template":"","meta":{"footnotes":""},"class_list":["post-9395","page","type-page","status-publish","has-post-thumbnail","hentry"],"yoast_head":"<!-- This site is optimized with the Yoast SEO plugin v26.8 - https:\/\/yoast.com\/product\/yoast-seo-wordpress\/ -->\n<title>Sehensw\u00fcrdigkeiten - Pirrion wellness boutique hotel<\/title>\n<meta name=\"description\" content=\"Es gibt nur wenige Orte wie Zagori, wo die Kunst des Menschen so sehr mit der Architektur der Natur verbunden ist.\" \/>\n<meta name=\"robots\" content=\"index, follow, max-snippet:-1, max-image-preview:large, max-video-preview:-1\" \/>\n<link rel=\"canonical\" href=\"https:\/\/www.pirrion.gr\/de\/sehenswuerdigkeiten\/\" \/>\n<meta property=\"og:locale\" content=\"de_DE\" \/>\n<meta property=\"og:type\" content=\"article\" \/>\n<meta property=\"og:title\" content=\"Sehensw\u00fcrdigkeiten - Pirrion wellness boutique hotel\" \/>\n<meta property=\"og:description\" content=\"Es gibt nur wenige Orte wie Zagori, wo die Kunst des Menschen so sehr mit der Architektur der Natur verbunden ist.\" \/>\n<meta property=\"og:url\" content=\"https:\/\/www.pirrion.gr\/de\/sehenswuerdigkeiten\/\" \/>\n<meta property=\"og:site_name\" content=\"Pirrion wellness boutique hotel\" \/>\n<meta property=\"article:publisher\" content=\"https:\/\/www.facebook.com\/PirrionHotelSweetHospitality\/\" \/>\n<meta property=\"article:modified_time\" content=\"2019-07-11T12:35:21+00:00\" \/>\n<meta property=\"og:image\" content=\"https:\/\/www.pirrion.gr\/wp-content\/uploads\/bridge-zagori-header.jpg\" \/>\n\t<meta property=\"og:image:width\" content=\"1920\" \/>\n\t<meta property=\"og:image:height\" content=\"700\" \/>\n\t<meta property=\"og:image:type\" content=\"image\/jpeg\" \/>\n<meta name=\"twitter:card\" content=\"summary_large_image\" \/>\n<meta name=\"twitter:label1\" content=\"Gesch\u00e4tzte Lesezeit\" \/>\n\t<meta name=\"twitter:data1\" content=\"6\u00a0Minuten\" \/>\n<script type=\"application\/ld+json\" class=\"yoast-schema-graph\">{\"@context\":\"https:\/\/schema.org\",\"@graph\":[{\"@type\":\"WebPage\",\"@id\":\"https:\/\/www.pirrion.gr\/de\/sehenswuerdigkeiten\/\",\"url\":\"https:\/\/www.pirrion.gr\/de\/sehenswuerdigkeiten\/\",\"name\":\"Sehensw\u00fcrdigkeiten - Pirrion wellness boutique hotel\",\"isPartOf\":{\"@id\":\"https:\/\/www.pirrion.gr\/de\/#website\"},\"primaryImageOfPage\":{\"@id\":\"https:\/\/www.pirrion.gr\/de\/sehenswuerdigkeiten\/#primaryimage\"},\"image\":{\"@id\":\"https:\/\/www.pirrion.gr\/de\/sehenswuerdigkeiten\/#primaryimage\"},\"thumbnailUrl\":\"https:\/\/www.pirrion.gr\/wp-content\/uploads\/bridge-zagori-header.jpg\",\"datePublished\":\"2019-07-07T18:33:57+00:00\",\"dateModified\":\"2019-07-11T12:35:21+00:00\",\"description\":\"Es gibt nur wenige Orte wie Zagori, wo die Kunst des Menschen so sehr mit der Architektur der Natur verbunden ist.\",\"breadcrumb\":{\"@id\":\"https:\/\/www.pirrion.gr\/de\/sehenswuerdigkeiten\/#breadcrumb\"},\"inLanguage\":\"de\",\"potentialAction\":[{\"@type\":\"ReadAction\",\"target\":[\"https:\/\/www.pirrion.gr\/de\/sehenswuerdigkeiten\/\"]}]},{\"@type\":\"ImageObject\",\"inLanguage\":\"de\",\"@id\":\"https:\/\/www.pirrion.gr\/de\/sehenswuerdigkeiten\/#primaryimage\",\"url\":\"https:\/\/www.pirrion.gr\/wp-content\/uploads\/bridge-zagori-header.jpg\",\"contentUrl\":\"https:\/\/www.pirrion.gr\/wp-content\/uploads\/bridge-zagori-header.jpg\",\"width\":1920,\"height\":700,\"caption\":\"Zagori - Pirrion Sweet Hospitality\"},{\"@type\":\"BreadcrumbList\",\"@id\":\"https:\/\/www.pirrion.gr\/de\/sehenswuerdigkeiten\/#breadcrumb\",\"itemListElement\":[{\"@type\":\"ListItem\",\"position\":1,\"name\":\"Home\",\"item\":\"https:\/\/www.pirrion.gr\/de\/\"},{\"@type\":\"ListItem\",\"position\":2,\"name\":\"Sehensw\u00fcrdigkeiten\"}]},{\"@type\":\"WebSite\",\"@id\":\"https:\/\/www.pirrion.gr\/de\/#website\",\"url\":\"https:\/\/www.pirrion.gr\/de\/\",\"name\":\"Pirrion wellness boutique hotel\",\"description\":\"\",\"publisher\":{\"@id\":\"https:\/\/www.pirrion.gr\/de\/#organization\"},\"potentialAction\":[{\"@type\":\"SearchAction\",\"target\":{\"@type\":\"EntryPoint\",\"urlTemplate\":\"https:\/\/www.pirrion.gr\/de\/?s={search_term_string}\"},\"query-input\":{\"@type\":\"PropertyValueSpecification\",\"valueRequired\":true,\"valueName\":\"search_term_string\"}}],\"inLanguage\":\"de\"},{\"@type\":\"Organization\",\"@id\":\"https:\/\/www.pirrion.gr\/de\/#organization\",\"name\":\"Pirrion wellness boutique hotel\",\"url\":\"https:\/\/www.pirrion.gr\/de\/\",\"logo\":{\"@type\":\"ImageObject\",\"inLanguage\":\"de\",\"@id\":\"https:\/\/www.pirrion.gr\/de\/#\/schema\/logo\/image\/\",\"url\":\"https:\/\/www.pirrion.gr\/wp-content\/uploads\/Untitled-design.png\",\"contentUrl\":\"https:\/\/www.pirrion.gr\/wp-content\/uploads\/Untitled-design.png\",\"width\":3375,\"height\":4219,\"caption\":\"Pirrion wellness boutique hotel\"},\"image\":{\"@id\":\"https:\/\/www.pirrion.gr\/de\/#\/schema\/logo\/image\/\"},\"sameAs\":[\"https:\/\/www.facebook.com\/PirrionHotelSweetHospitality\/\",\"https:\/\/www.instagram.com\/pirrion_wellness_boutiquehotel\/?hl=en\"]}]}<\/script>\n<!-- \/ Yoast SEO plugin. -->","yoast_head_json":{"title":"Sehensw\u00fcrdigkeiten - Pirrion wellness boutique hotel","description":"Es gibt nur wenige Orte wie Zagori, wo die Kunst des Menschen so sehr mit der Architektur der Natur verbunden ist.","robots":{"index":"index","follow":"follow","max-snippet":"max-snippet:-1","max-image-preview":"max-image-preview:large","max-video-preview":"max-video-preview:-1"},"canonical":"https:\/\/www.pirrion.gr\/de\/sehenswuerdigkeiten\/","og_locale":"de_DE","og_type":"article","og_title":"Sehensw\u00fcrdigkeiten - Pirrion wellness boutique hotel","og_description":"Es gibt nur wenige Orte wie Zagori, wo die Kunst des Menschen so sehr mit der Architektur der Natur verbunden ist.","og_url":"https:\/\/www.pirrion.gr\/de\/sehenswuerdigkeiten\/","og_site_name":"Pirrion wellness boutique hotel","article_publisher":"https:\/\/www.facebook.com\/PirrionHotelSweetHospitality\/","article_modified_time":"2019-07-11T12:35:21+00:00","og_image":[{"width":1920,"height":700,"url":"https:\/\/www.pirrion.gr\/wp-content\/uploads\/bridge-zagori-header.jpg","type":"image\/jpeg"}],"twitter_card":"summary_large_image","twitter_misc":{"Gesch\u00e4tzte Lesezeit":"6\u00a0Minuten"},"schema":{"@context":"https:\/\/schema.org","@graph":[{"@type":"WebPage","@id":"https:\/\/www.pirrion.gr\/de\/sehenswuerdigkeiten\/","url":"https:\/\/www.pirrion.gr\/de\/sehenswuerdigkeiten\/","name":"Sehensw\u00fcrdigkeiten - Pirrion wellness boutique hotel","isPartOf":{"@id":"https:\/\/www.pirrion.gr\/de\/#website"},"primaryImageOfPage":{"@id":"https:\/\/www.pirrion.gr\/de\/sehenswuerdigkeiten\/#primaryimage"},"image":{"@id":"https:\/\/www.pirrion.gr\/de\/sehenswuerdigkeiten\/#primaryimage"},"thumbnailUrl":"https:\/\/www.pirrion.gr\/wp-content\/uploads\/bridge-zagori-header.jpg","datePublished":"2019-07-07T18:33:57+00:00","dateModified":"2019-07-11T12:35:21+00:00","description":"Es gibt nur wenige Orte wie Zagori, wo die Kunst des Menschen so sehr mit der Architektur der Natur verbunden ist.","breadcrumb":{"@id":"https:\/\/www.pirrion.gr\/de\/sehenswuerdigkeiten\/#breadcrumb"},"inLanguage":"de","potentialAction":[{"@type":"ReadAction","target":["https:\/\/www.pirrion.gr\/de\/sehenswuerdigkeiten\/"]}]},{"@type":"ImageObject","inLanguage":"de","@id":"https:\/\/www.pirrion.gr\/de\/sehenswuerdigkeiten\/#primaryimage","url":"https:\/\/www.pirrion.gr\/wp-content\/uploads\/bridge-zagori-header.jpg","contentUrl":"https:\/\/www.pirrion.gr\/wp-content\/uploads\/bridge-zagori-header.jpg","width":1920,"height":700,"caption":"Zagori - Pirrion Sweet Hospitality"},{"@type":"BreadcrumbList","@id":"https:\/\/www.pirrion.gr\/de\/sehenswuerdigkeiten\/#breadcrumb","itemListElement":[{"@type":"ListItem","position":1,"name":"Home","item":"https:\/\/www.pirrion.gr\/de\/"},{"@type":"ListItem","position":2,"name":"Sehensw\u00fcrdigkeiten"}]},{"@type":"WebSite","@id":"https:\/\/www.pirrion.gr\/de\/#website","url":"https:\/\/www.pirrion.gr\/de\/","name":"Pirrion wellness boutique hotel","description":"","publisher":{"@id":"https:\/\/www.pirrion.gr\/de\/#organization"},"potentialAction":[{"@type":"SearchAction","target":{"@type":"EntryPoint","urlTemplate":"https:\/\/www.pirrion.gr\/de\/?s={search_term_string}"},"query-input":{"@type":"PropertyValueSpecification","valueRequired":true,"valueName":"search_term_string"}}],"inLanguage":"de"},{"@type":"Organization","@id":"https:\/\/www.pirrion.gr\/de\/#organization","name":"Pirrion wellness boutique hotel","url":"https:\/\/www.pirrion.gr\/de\/","logo":{"@type":"ImageObject","inLanguage":"de","@id":"https:\/\/www.pirrion.gr\/de\/#\/schema\/logo\/image\/","url":"https:\/\/www.pirrion.gr\/wp-content\/uploads\/Untitled-design.png","contentUrl":"https:\/\/www.pirrion.gr\/wp-content\/uploads\/Untitled-design.png","width":3375,"height":4219,"caption":"Pirrion wellness boutique hotel"},"image":{"@id":"https:\/\/www.pirrion.gr\/de\/#\/schema\/logo\/image\/"},"sameAs":["https:\/\/www.facebook.com\/PirrionHotelSweetHospitality\/","https:\/\/www.instagram.com\/pirrion_wellness_boutiquehotel\/?hl=en"]}]}},"_links":{"self":[{"href":"https:\/\/www.pirrion.gr\/de\/wp-json\/wp\/v2\/pages\/9395","targetHints":{"allow":["GET"]}}],"collection":[{"href":"https:\/\/www.pirrion.gr\/de\/wp-json\/wp\/v2\/pages"}],"about":[{"href":"https:\/\/www.pirrion.gr\/de\/wp-json\/wp\/v2\/types\/page"}],"author":[{"embeddable":true,"href":"https:\/\/www.pirrion.gr\/de\/wp-json\/wp\/v2\/users\/1"}],"replies":[{"embeddable":true,"href":"https:\/\/www.pirrion.gr\/de\/wp-json\/wp\/v2\/comments?post=9395"}],"version-history":[{"count":2,"href":"https:\/\/www.pirrion.gr\/de\/wp-json\/wp\/v2\/pages\/9395\/revisions"}],"predecessor-version":[{"id":9401,"href":"https:\/\/www.pirrion.gr\/de\/wp-json\/wp\/v2\/pages\/9395\/revisions\/9401"}],"wp:featuredmedia":[{"embeddable":true,"href":"https:\/\/www.pirrion.gr\/de\/wp-json\/wp\/v2\/media\/9389"}],"wp:attachment":[{"href":"https:\/\/www.pirrion.gr\/de\/wp-json\/wp\/v2\/media?parent=9395"}],"curies":[{"name":"wp","href":"https:\/\/api.w.org\/{rel}","templated":true}]}}