{"id":9402,"date":"2019-07-07T21:35:50","date_gmt":"2019-07-07T18:35:50","guid":{"rendered":"https:\/\/www.pirrion.gr\/?page_id=9402"},"modified":"2019-08-05T13:47:16","modified_gmt":"2019-08-05T10:47:16","slug":"ano-pedina","status":"publish","type":"page","link":"https:\/\/www.pirrion.gr\/de\/ano-pedina\/","title":{"rendered":"Ano Pedina"},"content":{"rendered":"<p>[vc_row content_placement=&#8220;middle&#8220; css=&#8220;.vc_custom_1554419874131{margin-top: 50px !important;}&#8220;][vc_column offset=&#8220;vc_col-lg-6 vc_col-md-6&#8243; css=&#8220;.vc_custom_1554829354644{margin-bottom: 50px !important;}&#8220;][vc_column_text]Ano Pedina, ist eines der malerischsten D\u00f6rfer im Zentrum von Zagori. Eine repr\u00e4sentative Siedlung von Zagori, die in der N\u00e4he eines Hochplateaus (H\u00f6he 960 m) an den S\u00fcdh\u00e4ngen des Tymfi und 35 km von der Stadt Ioannina entfernt liegt.<\/p>\n<p>Es ist seit der Antike bewohnt und war die Heimat von Wohlt\u00e4tern und Gelehrten, die in den Jahren des Osmanischen Reiches wirtschaftlichen und geistigen Wohlstand erlebten. Seine Bewohner wanderte nach Konstantinopel (Istanbul), Izmir, Bukarest, Belgrad, Odessa, Alexandria und Wien aus und besch\u00e4ftigte sich mit Handel und Kunst wodurch sie die M\u00f6glichkeit hatten in ihrer Heimat, Villen, Schulen, Kirchen und Br\u00fccken zu bauen.<\/p>\n<p>Ber\u00fchmte Architektur in H\u00e4usern und Villen: das Mansato (Wohnzimmer), wo die Familie den Tag verbrachte und im Grunde auch als Esszimmer nutzte; Ontas, das Schlafzimmer mit Holzbetten, die an den Boden genagelt waren (Basia), das Sansin<u>,<\/u> das das hellste Zimmer war; das Katogi und die Abstellr\u00e4ume im Erdgeschoss, und weiter im Inneren der Bibitsa, ein Raum mit gr\u00f6\u00dferer Luftfeuchtigkeit f\u00fcr die Aufbewahrung verderblicherer Lebensmittel bei &#8222;k\u00fchleren&#8220; Temperaturen. Geheime Fluchtwege und Zinnen, versteckte R\u00e4ume, die heimlich mit der angrenzenden Villa verbunden sind, waren notwendig um die alten Herren vor Banditen zu sch\u00fctzen, die viele Male Geiseln nahmen.[\/vc_column_text][\/vc_column][vc_column offset=&#8220;vc_col-lg-6 vc_col-md-6&#8243;]<div class=\"eltd-single-image-holder   eltd-image-behavior-zoom\">\n    <div class=\"eltd-si-inner\" >\n                                    <img fetchpriority=\"high\" decoding=\"async\" width=\"800\" height=\"1000\" src=\"https:\/\/www.pirrion.gr\/wp-content\/uploads\/ano-pedina-01.jpg\" class=\"attachment-full size-full\" alt=\"\u0386\u03bd\u03c9 \u03a0\u03b5\u03b4\u03b9\u03bd\u03ac - Pirrion Sweet Hospitality\" srcset=\"https:\/\/www.pirrion.gr\/wp-content\/uploads\/ano-pedina-01.jpg 800w, https:\/\/www.pirrion.gr\/wp-content\/uploads\/ano-pedina-01-240x300.jpg 240w, https:\/\/www.pirrion.gr\/wp-content\/uploads\/ano-pedina-01-768x960.jpg 768w\" sizes=\"(max-width: 800px) 100vw, 800px\" \/>                        <\/div>\n<\/div>[\/vc_column][\/vc_row][vc_row content_placement=&#8220;middle&#8220; css=&#8220;.vc_custom_1554829211633{margin-top: 50px !important;}&#8220; el_class=&#8220;reverse-row&#8220;][vc_column offset=&#8220;vc_col-lg-6 vc_col-md-6&#8243;]<div class=\"eltd-single-image-holder   eltd-image-behavior-zoom\">\n    <div class=\"eltd-si-inner\" >\n                                    <img decoding=\"async\" width=\"800\" height=\"1000\" src=\"https:\/\/www.pirrion.gr\/wp-content\/uploads\/ano-pedina-02.jpg\" class=\"attachment-full size-full\" alt=\"\u0386\u03bd\u03c9 \u03a0\u03b5\u03b4\u03b9\u03bd\u03ac - Pirrion Sweet Hospitality\" srcset=\"https:\/\/www.pirrion.gr\/wp-content\/uploads\/ano-pedina-02.jpg 800w, https:\/\/www.pirrion.gr\/wp-content\/uploads\/ano-pedina-02-240x300.jpg 240w, https:\/\/www.pirrion.gr\/wp-content\/uploads\/ano-pedina-02-768x960.jpg 768w\" sizes=\"(max-width: 800px) 100vw, 800px\" \/>                        <\/div>\n<\/div>[\/vc_column][vc_column offset=&#8220;vc_col-lg-6 vc_col-md-6&#8243; css=&#8220;.vc_custom_1554829360787{margin-bottom: 50px !important;}&#8220;][vc_column_text]Als Besucher kann man die Bibliothek des N. Douka besuchen. Seit 1936 wird die &#8222;Lampriadeio Haushaltsschule&#8220; betrieben, in der die Sch\u00fcler von Epirus in N\u00e4hen, Webstuhl und Stickerei ausgebildet wurden. Das Kloster der Evangelistria wurde 1647 erbaut und fungierte als &#8222;Geheimschule&#8220;.<\/p>\n<p>Die Au\u00dfenseite des Klosters \u00e4hnelt einer Festung und wurde 1972 als denkmalgesch\u00fctztes historisches byzantinisches Denkmal deklariert. Der Katholikon (dreischiffige Basilika mit Kuppel), ist der Verk\u00fcndigung der Jungfrau Maria gewidmet ist. Andere lokale Kapellen (Profitis Ilias, Sotiros, Ag. Spiridonas, Panagia, Ag. Georgiou, Ag. Nikolaou, Altes Kloster von Ag. Paraskevi) sind zu sehen, die haupts\u00e4chlich von den Einheimischen bewahrt werden und die sie w\u00e4hrend des heiligen Namenstages jedes Heiligen f\u00fcr die Gl\u00e4ubigen \u00f6ffnen.<\/p>\n<p>Aus dem Ende des 18. Jahrhunderts stammt auch die dreischiffige Basilika von Agios Dimitrios. Aus dem Dorf stammt unter anderem der Stifter N. Doukas, ebenfalls ein Kleriker und Gelehrter, Direktor der Bukarester Schule und erster Direktor der Rizareios-Schule, ebenso Ioannis Labridis, Arzt und Philosoph, Stifter der Universit\u00e4t Athen und Gelehrter der Epirus Kultur.[\/vc_column_text][\/vc_column][\/vc_row][vc_row content_placement=&#8220;middle&#8220; css=&#8220;.vc_custom_1554419886564{margin-top: 50px !important;}&#8220;][vc_column offset=&#8220;vc_col-lg-6 vc_col-md-6&#8243; css=&#8220;.vc_custom_1554829373656{margin-bottom: 50px !important;}&#8220;][vc_column_text]Im Geb\u00e4ude der alten Grundschule, gegen\u00fcber dem Dorfplatz, befinden sich B\u00fccher, die in den gro\u00dfen Druckereien Europas (Venedig, Odessa, etc.) in der Zeit der neuzeitlichen griechischen Aufkl\u00e4rung gedruckt wurden. In dem Geb\u00e4ude, in dem heute die Lampriadeio Haushaltsschule untergebracht war, befindet sich heute die Lampriadeios-Forschungsstation (PALASE), die die Organisation von Sonderveranstaltungen unterst\u00fctzt, mit Schwerpunkt auf der F\u00f6rderung des nat\u00fcrlichen und kulturellen Reichtums der Region.<\/p>\n<p>Der Verband der Jugendlichen des Dorfes feiert weiterhin die Verk\u00fcndigung, die den Beginn der verbleibenden zagorischen Feste einleitet. Jeden Sommer organisieren sie Musikveranstaltungen und Kunstfestivals, die Hunderte von Jugendlichen auf dem zentralen Platz versammeln. Das Zagori Mountain Running erfreut sich immer gr\u00f6\u00dferer Beliebtheit und zieht zahlreiche Sportler und Freunde an. Besonders das 10km-Rennen ist ideal, um den Berglauf kennenzulernen. Der Kinderlauf &#8222;Zagoraki&#8220; vervollst\u00e4ndigt die Alterskategorien und bietet den Familien die M\u00f6glichkeit, Zeit und Aktivit\u00e4ten zu teilen. Es ist eine wunderbare M\u00f6glichkeit gegen Ende Juli ein alternatives Ferienwochenende in Zagorochoria zu verbringen.<\/p>\n<p>Ein paar Tage in Zagorochoria reichen aus, um frische Luft zu schnappen, f\u00fcr eine Weile der Zementzivilisation zu entkommen und den Sinnen freien Lauf zu lassen.[\/vc_column_text][\/vc_column][vc_column offset=&#8220;vc_col-lg-6 vc_col-md-6&#8243;]<div class=\"eltd-single-image-holder   eltd-image-behavior-zoom\">\n    <div class=\"eltd-si-inner\" >\n                                    <img decoding=\"async\" width=\"800\" height=\"1000\" src=\"https:\/\/www.pirrion.gr\/wp-content\/uploads\/ano-pedina-03.jpg\" class=\"attachment-full size-full\" alt=\"\u0386\u03bd\u03c9 \u03a0\u03b5\u03b4\u03b9\u03bd\u03ac - Pirrion Sweet Hospitality\" srcset=\"https:\/\/www.pirrion.gr\/wp-content\/uploads\/ano-pedina-03.jpg 800w, https:\/\/www.pirrion.gr\/wp-content\/uploads\/ano-pedina-03-240x300.jpg 240w, https:\/\/www.pirrion.gr\/wp-content\/uploads\/ano-pedina-03-768x960.jpg 768w\" sizes=\"(max-width: 800px) 100vw, 800px\" \/>                        <\/div>\n<\/div>[\/vc_column][\/vc_row][vc_row css=&#8220;.vc_custom_1565001780815{margin-top: 50px !important;}&#8220;][vc_column width=&#8220;1\/5&#8243;][\/vc_column][vc_column width=&#8220;3\/5&#8243;][vc_video link=&#8220;https:\/\/www.youtube.com\/watch?v=AyAnJyLCw5c&#8220; align=&#8220;center&#8220;][\/vc_column][vc_column width=&#8220;1\/5&#8243;][\/vc_column][\/vc_row][vc_row full_width=&#8220;stretch_row_content_no_spaces&#8220; css=&#8220;.vc_custom_1554828316616{margin-top: 50px !important;margin-bottom: -80px !important;}&#8220;][vc_column]<div class=\"eltd-google-map-holder\">\n\t<div class=\"eltd-google-map\" id=\"eltd-map-1056903\" data-addresses='[\"Ano Pedina\"]' data-custom-map-style=no data-color-overlay=#393939 data-saturation=-100 data-lightness=-60 data-zoom=12 data-pin=https:\/\/www.pirrion.gr\/wp-content\/uploads\/pirrion-pin.png data-unique-id=1056903 data-scroll-wheel=no data-height=600 ><\/div>\n\t\t\t\t<div class=\"eltd-google-map-overlay\"><\/div>\n\t<\/div>\n[\/vc_column][\/vc_row]<\/p>\n","protected":false},"excerpt":{"rendered":"<p>[vc_row content_placement=&#8220;middle&#8220; css=&#8220;.vc_custom_1554419874131{margin-top: 50px !important;}&#8220;][vc_column offset=&#8220;vc_col-lg-6 vc_col-md-6&#8243; css=&#8220;.vc_custom_1554829354644{margin-bottom: 50px !important;}&#8220;][vc_column_text]Ano Pedina, ist eines der malerischsten D\u00f6rfer im Zentrum von [&hellip;]<\/p>\n","protected":false},"author":1,"featured_media":9389,"parent":0,"menu_order":0,"comment_status":"closed","ping_status":"closed","template":"","meta":{"footnotes":""},"class_list":["post-9402","page","type-page","status-publish","has-post-thumbnail","hentry"],"yoast_head":"<!-- This site is optimized with the Yoast SEO plugin v26.8 - https:\/\/yoast.com\/product\/yoast-seo-wordpress\/ -->\n<title>Ano Pedina - Pirrion wellness boutique hotel<\/title>\n<meta name=\"description\" content=\"Ano Pedina, eines der malerischsten D\u00f6rfer des Zentrums von Zagori, wurde in der N\u00e4he des Plateaus (H\u00f6he 960) an der S\u00fcdseite des Tymfi gegr\u00fcndet.\" \/>\n<meta name=\"robots\" content=\"index, follow, max-snippet:-1, max-image-preview:large, max-video-preview:-1\" \/>\n<link rel=\"canonical\" href=\"https:\/\/www.pirrion.gr\/de\/ano-pedina\/\" \/>\n<meta property=\"og:locale\" content=\"de_DE\" \/>\n<meta property=\"og:type\" content=\"article\" \/>\n<meta property=\"og:title\" content=\"Ano Pedina - Pirrion wellness boutique hotel\" \/>\n<meta property=\"og:description\" content=\"Ano Pedina, eines der malerischsten D\u00f6rfer des Zentrums von Zagori, wurde in der N\u00e4he des Plateaus (H\u00f6he 960) an der S\u00fcdseite des Tymfi gegr\u00fcndet.\" \/>\n<meta property=\"og:url\" content=\"https:\/\/www.pirrion.gr\/de\/ano-pedina\/\" \/>\n<meta property=\"og:site_name\" content=\"Pirrion wellness boutique hotel\" \/>\n<meta property=\"article:publisher\" content=\"https:\/\/www.facebook.com\/PirrionHotelSweetHospitality\/\" \/>\n<meta property=\"article:modified_time\" content=\"2019-08-05T10:47:16+00:00\" \/>\n<meta property=\"og:image\" content=\"https:\/\/www.pirrion.gr\/wp-content\/uploads\/bridge-zagori-header.jpg\" \/>\n\t<meta property=\"og:image:width\" content=\"1920\" \/>\n\t<meta property=\"og:image:height\" content=\"700\" \/>\n\t<meta property=\"og:image:type\" content=\"image\/jpeg\" \/>\n<meta name=\"twitter:card\" content=\"summary_large_image\" \/>\n<meta name=\"twitter:label1\" content=\"Gesch\u00e4tzte Lesezeit\" \/>\n\t<meta name=\"twitter:data1\" content=\"4\u00a0Minuten\" \/>\n<script type=\"application\/ld+json\" class=\"yoast-schema-graph\">{\"@context\":\"https:\/\/schema.org\",\"@graph\":[{\"@type\":\"WebPage\",\"@id\":\"https:\/\/www.pirrion.gr\/de\/ano-pedina\/\",\"url\":\"https:\/\/www.pirrion.gr\/de\/ano-pedina\/\",\"name\":\"Ano Pedina - Pirrion wellness boutique hotel\",\"isPartOf\":{\"@id\":\"https:\/\/www.pirrion.gr\/de\/#website\"},\"primaryImageOfPage\":{\"@id\":\"https:\/\/www.pirrion.gr\/de\/ano-pedina\/#primaryimage\"},\"image\":{\"@id\":\"https:\/\/www.pirrion.gr\/de\/ano-pedina\/#primaryimage\"},\"thumbnailUrl\":\"https:\/\/www.pirrion.gr\/wp-content\/uploads\/bridge-zagori-header.jpg\",\"datePublished\":\"2019-07-07T18:35:50+00:00\",\"dateModified\":\"2019-08-05T10:47:16+00:00\",\"description\":\"Ano Pedina, eines der malerischsten D\u00f6rfer des Zentrums von Zagori, wurde in der N\u00e4he des Plateaus (H\u00f6he 960) an der S\u00fcdseite des Tymfi gegr\u00fcndet.\",\"breadcrumb\":{\"@id\":\"https:\/\/www.pirrion.gr\/de\/ano-pedina\/#breadcrumb\"},\"inLanguage\":\"de\",\"potentialAction\":[{\"@type\":\"ReadAction\",\"target\":[\"https:\/\/www.pirrion.gr\/de\/ano-pedina\/\"]}]},{\"@type\":\"ImageObject\",\"inLanguage\":\"de\",\"@id\":\"https:\/\/www.pirrion.gr\/de\/ano-pedina\/#primaryimage\",\"url\":\"https:\/\/www.pirrion.gr\/wp-content\/uploads\/bridge-zagori-header.jpg\",\"contentUrl\":\"https:\/\/www.pirrion.gr\/wp-content\/uploads\/bridge-zagori-header.jpg\",\"width\":1920,\"height\":700,\"caption\":\"Zagori - Pirrion Sweet Hospitality\"},{\"@type\":\"BreadcrumbList\",\"@id\":\"https:\/\/www.pirrion.gr\/de\/ano-pedina\/#breadcrumb\",\"itemListElement\":[{\"@type\":\"ListItem\",\"position\":1,\"name\":\"Home\",\"item\":\"https:\/\/www.pirrion.gr\/de\/\"},{\"@type\":\"ListItem\",\"position\":2,\"name\":\"Ano Pedina\"}]},{\"@type\":\"WebSite\",\"@id\":\"https:\/\/www.pirrion.gr\/de\/#website\",\"url\":\"https:\/\/www.pirrion.gr\/de\/\",\"name\":\"Pirrion wellness boutique hotel\",\"description\":\"\",\"publisher\":{\"@id\":\"https:\/\/www.pirrion.gr\/de\/#organization\"},\"potentialAction\":[{\"@type\":\"SearchAction\",\"target\":{\"@type\":\"EntryPoint\",\"urlTemplate\":\"https:\/\/www.pirrion.gr\/de\/?s={search_term_string}\"},\"query-input\":{\"@type\":\"PropertyValueSpecification\",\"valueRequired\":true,\"valueName\":\"search_term_string\"}}],\"inLanguage\":\"de\"},{\"@type\":\"Organization\",\"@id\":\"https:\/\/www.pirrion.gr\/de\/#organization\",\"name\":\"Pirrion wellness boutique hotel\",\"url\":\"https:\/\/www.pirrion.gr\/de\/\",\"logo\":{\"@type\":\"ImageObject\",\"inLanguage\":\"de\",\"@id\":\"https:\/\/www.pirrion.gr\/de\/#\/schema\/logo\/image\/\",\"url\":\"https:\/\/www.pirrion.gr\/wp-content\/uploads\/Untitled-design.png\",\"contentUrl\":\"https:\/\/www.pirrion.gr\/wp-content\/uploads\/Untitled-design.png\",\"width\":3375,\"height\":4219,\"caption\":\"Pirrion wellness boutique hotel\"},\"image\":{\"@id\":\"https:\/\/www.pirrion.gr\/de\/#\/schema\/logo\/image\/\"},\"sameAs\":[\"https:\/\/www.facebook.com\/PirrionHotelSweetHospitality\/\",\"https:\/\/www.instagram.com\/pirrion_wellness_boutiquehotel\/?hl=en\"]}]}<\/script>\n<!-- \/ Yoast SEO plugin. -->","yoast_head_json":{"title":"Ano Pedina - Pirrion wellness boutique hotel","description":"Ano Pedina, eines der malerischsten D\u00f6rfer des Zentrums von Zagori, wurde in der N\u00e4he des Plateaus (H\u00f6he 960) an der S\u00fcdseite des Tymfi gegr\u00fcndet.","robots":{"index":"index","follow":"follow","max-snippet":"max-snippet:-1","max-image-preview":"max-image-preview:large","max-video-preview":"max-video-preview:-1"},"canonical":"https:\/\/www.pirrion.gr\/de\/ano-pedina\/","og_locale":"de_DE","og_type":"article","og_title":"Ano Pedina - Pirrion wellness boutique hotel","og_description":"Ano Pedina, eines der malerischsten D\u00f6rfer des Zentrums von Zagori, wurde in der N\u00e4he des Plateaus (H\u00f6he 960) an der S\u00fcdseite des Tymfi gegr\u00fcndet.","og_url":"https:\/\/www.pirrion.gr\/de\/ano-pedina\/","og_site_name":"Pirrion wellness boutique hotel","article_publisher":"https:\/\/www.facebook.com\/PirrionHotelSweetHospitality\/","article_modified_time":"2019-08-05T10:47:16+00:00","og_image":[{"width":1920,"height":700,"url":"https:\/\/www.pirrion.gr\/wp-content\/uploads\/bridge-zagori-header.jpg","type":"image\/jpeg"}],"twitter_card":"summary_large_image","twitter_misc":{"Gesch\u00e4tzte Lesezeit":"4\u00a0Minuten"},"schema":{"@context":"https:\/\/schema.org","@graph":[{"@type":"WebPage","@id":"https:\/\/www.pirrion.gr\/de\/ano-pedina\/","url":"https:\/\/www.pirrion.gr\/de\/ano-pedina\/","name":"Ano Pedina - Pirrion wellness boutique hotel","isPartOf":{"@id":"https:\/\/www.pirrion.gr\/de\/#website"},"primaryImageOfPage":{"@id":"https:\/\/www.pirrion.gr\/de\/ano-pedina\/#primaryimage"},"image":{"@id":"https:\/\/www.pirrion.gr\/de\/ano-pedina\/#primaryimage"},"thumbnailUrl":"https:\/\/www.pirrion.gr\/wp-content\/uploads\/bridge-zagori-header.jpg","datePublished":"2019-07-07T18:35:50+00:00","dateModified":"2019-08-05T10:47:16+00:00","description":"Ano Pedina, eines der malerischsten D\u00f6rfer des Zentrums von Zagori, wurde in der N\u00e4he des Plateaus (H\u00f6he 960) an der S\u00fcdseite des Tymfi gegr\u00fcndet.","breadcrumb":{"@id":"https:\/\/www.pirrion.gr\/de\/ano-pedina\/#breadcrumb"},"inLanguage":"de","potentialAction":[{"@type":"ReadAction","target":["https:\/\/www.pirrion.gr\/de\/ano-pedina\/"]}]},{"@type":"ImageObject","inLanguage":"de","@id":"https:\/\/www.pirrion.gr\/de\/ano-pedina\/#primaryimage","url":"https:\/\/www.pirrion.gr\/wp-content\/uploads\/bridge-zagori-header.jpg","contentUrl":"https:\/\/www.pirrion.gr\/wp-content\/uploads\/bridge-zagori-header.jpg","width":1920,"height":700,"caption":"Zagori - Pirrion Sweet Hospitality"},{"@type":"BreadcrumbList","@id":"https:\/\/www.pirrion.gr\/de\/ano-pedina\/#breadcrumb","itemListElement":[{"@type":"ListItem","position":1,"name":"Home","item":"https:\/\/www.pirrion.gr\/de\/"},{"@type":"ListItem","position":2,"name":"Ano Pedina"}]},{"@type":"WebSite","@id":"https:\/\/www.pirrion.gr\/de\/#website","url":"https:\/\/www.pirrion.gr\/de\/","name":"Pirrion wellness boutique hotel","description":"","publisher":{"@id":"https:\/\/www.pirrion.gr\/de\/#organization"},"potentialAction":[{"@type":"SearchAction","target":{"@type":"EntryPoint","urlTemplate":"https:\/\/www.pirrion.gr\/de\/?s={search_term_string}"},"query-input":{"@type":"PropertyValueSpecification","valueRequired":true,"valueName":"search_term_string"}}],"inLanguage":"de"},{"@type":"Organization","@id":"https:\/\/www.pirrion.gr\/de\/#organization","name":"Pirrion wellness boutique hotel","url":"https:\/\/www.pirrion.gr\/de\/","logo":{"@type":"ImageObject","inLanguage":"de","@id":"https:\/\/www.pirrion.gr\/de\/#\/schema\/logo\/image\/","url":"https:\/\/www.pirrion.gr\/wp-content\/uploads\/Untitled-design.png","contentUrl":"https:\/\/www.pirrion.gr\/wp-content\/uploads\/Untitled-design.png","width":3375,"height":4219,"caption":"Pirrion wellness boutique hotel"},"image":{"@id":"https:\/\/www.pirrion.gr\/de\/#\/schema\/logo\/image\/"},"sameAs":["https:\/\/www.facebook.com\/PirrionHotelSweetHospitality\/","https:\/\/www.instagram.com\/pirrion_wellness_boutiquehotel\/?hl=en"]}]}},"_links":{"self":[{"href":"https:\/\/www.pirrion.gr\/de\/wp-json\/wp\/v2\/pages\/9402","targetHints":{"allow":["GET"]}}],"collection":[{"href":"https:\/\/www.pirrion.gr\/de\/wp-json\/wp\/v2\/pages"}],"about":[{"href":"https:\/\/www.pirrion.gr\/de\/wp-json\/wp\/v2\/types\/page"}],"author":[{"embeddable":true,"href":"https:\/\/www.pirrion.gr\/de\/wp-json\/wp\/v2\/users\/1"}],"replies":[{"embeddable":true,"href":"https:\/\/www.pirrion.gr\/de\/wp-json\/wp\/v2\/comments?post=9402"}],"version-history":[{"count":3,"href":"https:\/\/www.pirrion.gr\/de\/wp-json\/wp\/v2\/pages\/9402\/revisions"}],"predecessor-version":[{"id":9734,"href":"https:\/\/www.pirrion.gr\/de\/wp-json\/wp\/v2\/pages\/9402\/revisions\/9734"}],"wp:featuredmedia":[{"embeddable":true,"href":"https:\/\/www.pirrion.gr\/de\/wp-json\/wp\/v2\/media\/9389"}],"wp:attachment":[{"href":"https:\/\/www.pirrion.gr\/de\/wp-json\/wp\/v2\/media?parent=9402"}],"curies":[{"name":"wp","href":"https:\/\/api.w.org\/{rel}","templated":true}]}}