{"id":9416,"date":"2019-07-07T22:39:25","date_gmt":"2019-07-07T19:39:25","guid":{"rendered":"https:\/\/www.pirrion.gr\/?page_id=9416"},"modified":"2020-11-23T15:56:20","modified_gmt":"2020-11-23T13:56:20","slug":"spielzimmer-unterhaltungsraum","status":"publish","type":"page","link":"https:\/\/www.pirrion.gr\/de\/spielzimmer-unterhaltungsraum\/","title":{"rendered":"Spielzimmer\/ Unterhaltungsraum"},"content":{"rendered":"<p>[vc_row css=&#8220;.vc_custom_1553682896258{margin-top: 50px !important;}&#8220;][vc_column width=&#8220;1\/5&#8243;][\/vc_column][vc_column width=&#8220;3\/5&#8243; el_class=&#8220;center&#8220;][vc_column_text el_class=&#8220;pirrion-page-title&#8220;]<\/p>\n<h1>Spielzimmer\/ Unterhaltungsraum<\/h1>\n<p>[\/vc_column_text][vc_column_text el_class=&#8220;center&#8220;]Das <strong>Pirrion wellness boutique hotel<\/strong> bietet einen besonderen Ort, an dem Sie Ihre Zeit mit Ihren Freunden angenehm verbringen k\u00f6nnen: Billard spielen, Tisch-Lufthockey, Tischtennis, Darts und dabei einen Drink zu sich nehmen bei Musik Ihrer Wahl. Der Raum kann in einen Vorf\u00fchrraum f\u00fcr Kinderfilme umgewandelt werden, damit Sie Ihr Mahl oder Ihren Drink unbeschwert genie\u00dfen k\u00f6nnen.[\/vc_column_text][\/vc_column][vc_column width=&#8220;1\/5&#8243;][\/vc_column][\/vc_row][vc_row row_content_width=&#8220;grid&#8220; css=&#8220;.vc_custom_1555008522977{margin-top: 100px !important;}&#8220;][vc_column]<div class=\"eltd-image-gallery  eltd-ig-grid-type eltd-tiny-space  eltd-image-behavior-lightbox   \">\n\t<div class=\"eltd-ig-inner eltd-outer-space eltd-ig-grid eltd-ig-four-columns\">\n\t\t\t\t\t<div class=\"eltd-ig-image eltd-item-space\">\n\t\t\t\t<div class=\"eltd-ig-image-inner\">\n\t\t\t\t\t\t\t\t\t\t\t<a itemprop=\"image\" class=\"eltd-ig-lightbox\" href=\"https:\/\/www.pirrion.gr\/wp-content\/uploads\/psyhagogia_0684.jpg\" data-rel=\"prettyPhoto[image_gallery_pretty_photo-367]\" title=\"\u0391\u03af\u03b8\u03bf\u03c5\u03c3\u03b1 \u03a8\u03c5\u03c7\u03b1\u03b3\u03c9\u03b3\u03af\u03b1\u03c2 &#8211; Pirrion Sweet Hospitality\">\n\t\t\t\t\t\t\t\t\t\t\t<img fetchpriority=\"high\" decoding=\"async\" src=\"https:\/\/www.pirrion.gr\/wp-content\/uploads\/psyhagogia_0684-600x400.jpg\" alt=\"\u0391\u03af\u03b8\u03bf\u03c5\u03c3\u03b1 \u03a8\u03c5\u03c7\u03b1\u03b3\u03c9\u03b3\u03af\u03b1\u03c2 - Pirrion Sweet Hospitality\" width=\"600\" height=\"400\" \/>\t\t\t\t\t\t\t\t\t\t\t<\/a>\n\t\t\t\t\t\t\t\t\t<\/div>\n\t\t\t<\/div>\n\t\t\t\t\t<div class=\"eltd-ig-image eltd-item-space\">\n\t\t\t\t<div class=\"eltd-ig-image-inner\">\n\t\t\t\t\t\t\t\t\t\t\t<a itemprop=\"image\" class=\"eltd-ig-lightbox\" href=\"https:\/\/www.pirrion.gr\/wp-content\/uploads\/psyhagogia_0678.jpg\" data-rel=\"prettyPhoto[image_gallery_pretty_photo-367]\" title=\"\u0391\u03af\u03b8\u03bf\u03c5\u03c3\u03b1 \u03a8\u03c5\u03c7\u03b1\u03b3\u03c9\u03b3\u03af\u03b1\u03c2 &#8211; Pirrion Sweet Hospitality\">\n\t\t\t\t\t\t\t\t\t\t\t<img decoding=\"async\" src=\"https:\/\/www.pirrion.gr\/wp-content\/uploads\/psyhagogia_0678-600x400.jpg\" alt=\"\u0391\u03af\u03b8\u03bf\u03c5\u03c3\u03b1 \u03a8\u03c5\u03c7\u03b1\u03b3\u03c9\u03b3\u03af\u03b1\u03c2 - Pirrion Sweet Hospitality\" width=\"600\" height=\"400\" \/>\t\t\t\t\t\t\t\t\t\t\t<\/a>\n\t\t\t\t\t\t\t\t\t<\/div>\n\t\t\t<\/div>\n\t\t\t\t\t<div class=\"eltd-ig-image eltd-item-space\">\n\t\t\t\t<div class=\"eltd-ig-image-inner\">\n\t\t\t\t\t\t\t\t\t\t\t<a itemprop=\"image\" class=\"eltd-ig-lightbox\" href=\"https:\/\/www.pirrion.gr\/wp-content\/uploads\/aithoysa-psychagogias-01.jpeg\" data-rel=\"prettyPhoto[image_gallery_pretty_photo-367]\" title=\"\u0391\u03af\u03b8\u03bf\u03c5\u03c3\u03b1 \u03a8\u03c5\u03c7\u03b1\u03b3\u03c9\u03b3\u03af\u03b1\u03c2 &#8211; Pirrion Sweet Hospitality\">\n\t\t\t\t\t\t\t\t\t\t\t<img decoding=\"async\" src=\"https:\/\/www.pirrion.gr\/wp-content\/uploads\/aithoysa-psychagogias-01-600x400.jpeg\" alt=\"\u0391\u03af\u03b8\u03bf\u03c5\u03c3\u03b1 \u03a8\u03c5\u03c7\u03b1\u03b3\u03c9\u03b3\u03af\u03b1\u03c2 - Pirrion Sweet Hospitality\" width=\"600\" height=\"400\" \/>\t\t\t\t\t\t\t\t\t\t\t<\/a>\n\t\t\t\t\t\t\t\t\t<\/div>\n\t\t\t<\/div>\n\t\t\t\t\t<div class=\"eltd-ig-image eltd-item-space\">\n\t\t\t\t<div class=\"eltd-ig-image-inner\">\n\t\t\t\t\t\t\t\t\t\t\t<a itemprop=\"image\" class=\"eltd-ig-lightbox\" href=\"https:\/\/www.pirrion.gr\/wp-content\/uploads\/psyhagogia_0692.jpg\" data-rel=\"prettyPhoto[image_gallery_pretty_photo-367]\" title=\"\u0391\u03af\u03b8\u03bf\u03c5\u03c3\u03b1 \u03a8\u03c5\u03c7\u03b1\u03b3\u03c9\u03b3\u03af\u03b1\u03c2 &#8211; Pirrion Sweet Hospitality\">\n\t\t\t\t\t\t\t\t\t\t\t<img loading=\"lazy\" decoding=\"async\" src=\"https:\/\/www.pirrion.gr\/wp-content\/uploads\/psyhagogia_0692-600x400.jpg\" alt=\"\u0391\u03af\u03b8\u03bf\u03c5\u03c3\u03b1 \u03a8\u03c5\u03c7\u03b1\u03b3\u03c9\u03b3\u03af\u03b1\u03c2 - Pirrion Sweet Hospitality\" width=\"600\" height=\"400\" \/>\t\t\t\t\t\t\t\t\t\t\t<\/a>\n\t\t\t\t\t\t\t\t\t<\/div>\n\t\t\t<\/div>\n\t\t\t<\/div>\n<\/div>[vc_empty_space height=&#8220;50px&#8220;][vc_single_image image=&#8220;9179&#8243; img_size=&#8220;full&#8220; alignment=&#8220;center&#8220;][\/vc_column][\/vc_row][vc_row full_width=&#8220;stretch_row&#8220; content_placement=&#8220;middle&#8220; parallax_background_image=&#8220;7214&#8243; parallax_bg_height=&#8220;400&#8243; css=&#8220;.vc_custom_1554929919169{margin-top: 50px !important;padding-top: 50px !important;padding-bottom: 50px !important;}&#8220;][vc_column el_class=&#8220;see-other-rooms-row&#8220;][vc_column_text el_class=&#8220;center&#8220;]<\/p>\n<h2>Pirrion: Eine einzigartige Gastfreundschaft<\/h2>\n<h3 class=\"subtitle\">Erleben Sie den exklusiven Luxus, den unsere Zimmer bieten<\/h3>\n<p>[\/vc_column_text][vc_empty_space height=&#8220;30px&#8220;]<a itemprop=\"url\" href=\"https:\/\/www.pirrion.gr\/de\/zimmer-suiten\/\" target=\"_self\" style=\"background-color: #c5a46d\" class=\"eltd-btn eltd-btn-medium eltd-btn-solid center eltd-btn-line-left\"  >\n    <span class=\"eltd-btn-text\">Zimmeransicht<\/span>\n\n    \n    <\/a>[\/vc_column][\/vc_row][vc_row][vc_column][vc_empty_space height=&#8220;50px&#8220;][vc_single_image image=&#8220;9179&#8243; img_size=&#8220;full&#8220; alignment=&#8220;center&#8220;][vc_custom_heading text=&#8220;Und weiter\u2026&#8220; font_container=&#8220;tag:h3|font_size:36px|text_align:center|line_height:48px&#8220; google_fonts=&#8220;font_family:Tinos%3Aregular%2Citalic%2C700%2C700italic|font_style:400%20regular%3A400%3Anormal&#8220;][\/vc_column][\/vc_row][vc_row el_class=&#8220;other-services-tiles&#8220;][vc_column width=&#8220;1\/4&#8243;]<div class=\"eltd-banner-holder see-more-banner eltd-visible-on-default eltd-banner-info-centered eltd-banner-btn-light\">\n    <div class=\"eltd-banner-image\">\n        <img loading=\"lazy\" decoding=\"async\" width=\"650\" height=\"433\" src=\"https:\/\/www.pirrion.gr\/wp-content\/uploads\/pirrion-yoga.jpg\" class=\"attachment-full size-full\" alt=\"\" srcset=\"https:\/\/www.pirrion.gr\/wp-content\/uploads\/pirrion-yoga.jpg 650w, https:\/\/www.pirrion.gr\/wp-content\/uploads\/pirrion-yoga-300x200.jpg 300w\" sizes=\"(max-width: 650px) 100vw, 650px\" \/>    <\/div>\n    <div class=\"eltd-banner-text-holder\" style=\"background-color: rgba(0,0,0,0.3)\">\n\t    <div class=\"eltd-banner-text-outer\">\n\t\t    <div class=\"eltd-banner-text-inner\">\n\t\t        \t\t            <h4 class=\"eltd-banner-title\" >\n\t\t                Yoga\t                <\/h4>\n\t\t                        \t\t\t\t\t\t\t<\/div>\n\t\t<\/div>\n\t<\/div>\n\t                <a itemprop=\"url\" class=\"eltd-banner-link\" title=\"Yoga\" href=\"https:\/\/www.pirrion.gr\/de\/yoga\/\" target=\"_self\"><\/a>\n    <\/div>[vc_empty_space height=&#8220;50px&#8220;][\/vc_column][vc_column width=&#8220;1\/4&#8243;]<div class=\"eltd-banner-holder see-more-banner eltd-visible-on-default eltd-banner-info-centered eltd-banner-btn-light\">\n    <div class=\"eltd-banner-image\">\n        <img loading=\"lazy\" decoding=\"async\" width=\"650\" height=\"433\" src=\"https:\/\/www.pirrion.gr\/wp-content\/uploads\/pirrion-rafting.jpg\" class=\"attachment-full size-full\" alt=\"\" srcset=\"https:\/\/www.pirrion.gr\/wp-content\/uploads\/pirrion-rafting.jpg 650w, https:\/\/www.pirrion.gr\/wp-content\/uploads\/pirrion-rafting-300x200.jpg 300w\" sizes=\"(max-width: 650px) 100vw, 650px\" \/>    <\/div>\n    <div class=\"eltd-banner-text-holder\" style=\"background-color: rgba(0,0,0,0.3)\">\n\t    <div class=\"eltd-banner-text-outer\">\n\t\t    <div class=\"eltd-banner-text-inner\">\n\t\t        \t\t            <h4 class=\"eltd-banner-title\" >\n\t\t                Aktivit\u00e4ten\t                <\/h4>\n\t\t                        \t\t\t\t\t\t\t<\/div>\n\t\t<\/div>\n\t<\/div>\n\t                <a itemprop=\"url\" class=\"eltd-banner-link\" title=\"Aktivit\u00e4ten\" href=\"https:\/\/www.pirrion.gr\/de\/aktivit\u00e4ten\/\" target=\"_self\"><\/a>\n    <\/div>[vc_empty_space height=&#8220;50px&#8220;][\/vc_column][vc_column width=&#8220;1\/4&#8243;]<div class=\"eltd-banner-holder see-more-banner eltd-visible-on-default eltd-banner-info-centered eltd-banner-btn-light\">\n    <div class=\"eltd-banner-image\">\n        <img loading=\"lazy\" decoding=\"async\" width=\"650\" height=\"433\" src=\"https:\/\/www.pirrion.gr\/wp-content\/uploads\/pirrion-massage.jpg\" class=\"attachment-full size-full\" alt=\"\" srcset=\"https:\/\/www.pirrion.gr\/wp-content\/uploads\/pirrion-massage.jpg 650w, https:\/\/www.pirrion.gr\/wp-content\/uploads\/pirrion-massage-300x200.jpg 300w\" sizes=\"(max-width: 650px) 100vw, 650px\" \/>    <\/div>\n    <div class=\"eltd-banner-text-holder\" style=\"background-color: rgba(0,0,0,0.3)\">\n\t    <div class=\"eltd-banner-text-outer\">\n\t\t    <div class=\"eltd-banner-text-inner\">\n\t\t        \t\t            <h4 class=\"eltd-banner-title\" >\n\t\t                Massage\t                <\/h4>\n\t\t                        \t\t\t\t\t\t\t<\/div>\n\t\t<\/div>\n\t<\/div>\n\t                <a itemprop=\"url\" class=\"eltd-banner-link\" title=\"Massage\" href=\"https:\/\/www.pirrion.gr\/de\/massage\/\" target=\"_self\"><\/a>\n    <\/div>[vc_empty_space height=&#8220;50px&#8220;][\/vc_column][vc_column width=&#8220;1\/4&#8243;]<div class=\"eltd-banner-holder see-more-banner eltd-visible-on-default eltd-banner-info-centered eltd-banner-btn-light\">\n    <div class=\"eltd-banner-image\">\n        <img loading=\"lazy\" decoding=\"async\" width=\"650\" height=\"433\" src=\"https:\/\/www.pirrion.gr\/wp-content\/uploads\/pirrion-restaurant.jpg\" class=\"attachment-full size-full\" alt=\"\" srcset=\"https:\/\/www.pirrion.gr\/wp-content\/uploads\/pirrion-restaurant.jpg 650w, https:\/\/www.pirrion.gr\/wp-content\/uploads\/pirrion-restaurant-300x200.jpg 300w\" sizes=\"(max-width: 650px) 100vw, 650px\" \/>    <\/div>\n    <div class=\"eltd-banner-text-holder\" style=\"background-color: rgba(0,0,0,0.3)\">\n\t    <div class=\"eltd-banner-text-outer\">\n\t\t    <div class=\"eltd-banner-text-inner\">\n\t\t        \t\t            <h4 class=\"eltd-banner-title\" >\n\t\t                Restaurant Skantzochoiros\t                <\/h4>\n\t\t                        \t\t\t\t\t\t\t<\/div>\n\t\t<\/div>\n\t<\/div>\n\t                <a itemprop=\"url\" class=\"eltd-banner-link\" title=\"Restaurant Skantzochoiros\" href=\"https:\/\/www.pirrion.gr\/de\/restaurant-skantzochoiros\/\" target=\"_self\"><\/a>\n    <\/div>[vc_empty_space height=&#8220;50px&#8220;][\/vc_column][\/vc_row]<\/p>\n","protected":false},"excerpt":{"rendered":"<p>[vc_row css=&#8220;.vc_custom_1553682896258{margin-top: 50px !important;}&#8220;][vc_column width=&#8220;1\/5&#8243;][\/vc_column][vc_column width=&#8220;3\/5&#8243; el_class=&#8220;center&#8220;][vc_column_text el_class=&#8220;pirrion-page-title&#8220;] Spielzimmer\/ Unterhaltungsraum [\/vc_column_text][vc_column_text el_class=&#8220;center&#8220;]Das Pirrion wellness boutique hotel bietet einen besonderen [&hellip;]<\/p>\n","protected":false},"author":1,"featured_media":9434,"parent":0,"menu_order":0,"comment_status":"closed","ping_status":"closed","template":"","meta":{"footnotes":""},"class_list":["post-9416","page","type-page","status-publish","has-post-thumbnail","hentry"],"yoast_head":"<!-- This site is optimized with the Yoast SEO plugin v26.8 - https:\/\/yoast.com\/product\/yoast-seo-wordpress\/ -->\n<title>Spielzimmer\/ Unterhaltungsraum - Pirrion wellness boutique hotel<\/title>\n<meta name=\"description\" content=\"Im Unterhaltungsraum k\u00f6nnen Sie bei einem Drink und Ihrer Lieblingsmusik die Zeit mit Billard, Tischlufthockey, Tischtennis und Darts angenehm verbringen.\" \/>\n<meta name=\"robots\" content=\"index, follow, max-snippet:-1, max-image-preview:large, max-video-preview:-1\" \/>\n<link rel=\"canonical\" href=\"https:\/\/www.pirrion.gr\/de\/spielzimmer-unterhaltungsraum\/\" \/>\n<meta property=\"og:locale\" content=\"de_DE\" \/>\n<meta property=\"og:type\" content=\"article\" \/>\n<meta property=\"og:title\" content=\"Spielzimmer\/ Unterhaltungsraum - Pirrion wellness boutique hotel\" \/>\n<meta property=\"og:description\" content=\"Im Unterhaltungsraum k\u00f6nnen Sie bei einem Drink und Ihrer Lieblingsmusik die Zeit mit Billard, Tischlufthockey, Tischtennis und Darts angenehm verbringen.\" \/>\n<meta property=\"og:url\" content=\"https:\/\/www.pirrion.gr\/de\/spielzimmer-unterhaltungsraum\/\" \/>\n<meta property=\"og:site_name\" content=\"Pirrion wellness boutique hotel\" \/>\n<meta property=\"article:publisher\" content=\"https:\/\/www.facebook.com\/PirrionHotelSweetHospitality\/\" \/>\n<meta property=\"article:modified_time\" content=\"2020-11-23T13:56:20+00:00\" \/>\n<meta property=\"og:image\" content=\"https:\/\/www.pirrion.gr\/wp-content\/uploads\/psyhagogia_0678.jpg\" \/>\n\t<meta property=\"og:image:width\" content=\"1920\" \/>\n\t<meta property=\"og:image:height\" content=\"1280\" \/>\n\t<meta property=\"og:image:type\" content=\"image\/jpeg\" \/>\n<meta name=\"twitter:card\" content=\"summary_large_image\" \/>\n<meta name=\"twitter:label1\" content=\"Gesch\u00e4tzte Lesezeit\" \/>\n\t<meta name=\"twitter:data1\" content=\"2\u00a0Minuten\" \/>\n<script type=\"application\/ld+json\" class=\"yoast-schema-graph\">{\"@context\":\"https:\/\/schema.org\",\"@graph\":[{\"@type\":\"WebPage\",\"@id\":\"https:\/\/www.pirrion.gr\/de\/spielzimmer-unterhaltungsraum\/\",\"url\":\"https:\/\/www.pirrion.gr\/de\/spielzimmer-unterhaltungsraum\/\",\"name\":\"Spielzimmer\/ Unterhaltungsraum - Pirrion wellness boutique hotel\",\"isPartOf\":{\"@id\":\"https:\/\/www.pirrion.gr\/de\/#website\"},\"primaryImageOfPage\":{\"@id\":\"https:\/\/www.pirrion.gr\/de\/spielzimmer-unterhaltungsraum\/#primaryimage\"},\"image\":{\"@id\":\"https:\/\/www.pirrion.gr\/de\/spielzimmer-unterhaltungsraum\/#primaryimage\"},\"thumbnailUrl\":\"https:\/\/www.pirrion.gr\/wp-content\/uploads\/psyhagogia_0678.jpg\",\"datePublished\":\"2019-07-07T19:39:25+00:00\",\"dateModified\":\"2020-11-23T13:56:20+00:00\",\"description\":\"Im Unterhaltungsraum k\u00f6nnen Sie bei einem Drink und Ihrer Lieblingsmusik die Zeit mit Billard, Tischlufthockey, Tischtennis und Darts angenehm verbringen.\",\"breadcrumb\":{\"@id\":\"https:\/\/www.pirrion.gr\/de\/spielzimmer-unterhaltungsraum\/#breadcrumb\"},\"inLanguage\":\"de\",\"potentialAction\":[{\"@type\":\"ReadAction\",\"target\":[\"https:\/\/www.pirrion.gr\/de\/spielzimmer-unterhaltungsraum\/\"]}]},{\"@type\":\"ImageObject\",\"inLanguage\":\"de\",\"@id\":\"https:\/\/www.pirrion.gr\/de\/spielzimmer-unterhaltungsraum\/#primaryimage\",\"url\":\"https:\/\/www.pirrion.gr\/wp-content\/uploads\/psyhagogia_0678.jpg\",\"contentUrl\":\"https:\/\/www.pirrion.gr\/wp-content\/uploads\/psyhagogia_0678.jpg\",\"width\":1920,\"height\":1280,\"caption\":\"Spielzimmer\/ Unterhaltungsraum - Pirrion Sweet Hospitality\"},{\"@type\":\"BreadcrumbList\",\"@id\":\"https:\/\/www.pirrion.gr\/de\/spielzimmer-unterhaltungsraum\/#breadcrumb\",\"itemListElement\":[{\"@type\":\"ListItem\",\"position\":1,\"name\":\"Home\",\"item\":\"https:\/\/www.pirrion.gr\/de\/\"},{\"@type\":\"ListItem\",\"position\":2,\"name\":\"Spielzimmer\/ Unterhaltungsraum\"}]},{\"@type\":\"WebSite\",\"@id\":\"https:\/\/www.pirrion.gr\/de\/#website\",\"url\":\"https:\/\/www.pirrion.gr\/de\/\",\"name\":\"Pirrion wellness boutique hotel\",\"description\":\"\",\"publisher\":{\"@id\":\"https:\/\/www.pirrion.gr\/de\/#organization\"},\"potentialAction\":[{\"@type\":\"SearchAction\",\"target\":{\"@type\":\"EntryPoint\",\"urlTemplate\":\"https:\/\/www.pirrion.gr\/de\/?s={search_term_string}\"},\"query-input\":{\"@type\":\"PropertyValueSpecification\",\"valueRequired\":true,\"valueName\":\"search_term_string\"}}],\"inLanguage\":\"de\"},{\"@type\":\"Organization\",\"@id\":\"https:\/\/www.pirrion.gr\/de\/#organization\",\"name\":\"Pirrion wellness boutique hotel\",\"url\":\"https:\/\/www.pirrion.gr\/de\/\",\"logo\":{\"@type\":\"ImageObject\",\"inLanguage\":\"de\",\"@id\":\"https:\/\/www.pirrion.gr\/de\/#\/schema\/logo\/image\/\",\"url\":\"https:\/\/www.pirrion.gr\/wp-content\/uploads\/Untitled-design.png\",\"contentUrl\":\"https:\/\/www.pirrion.gr\/wp-content\/uploads\/Untitled-design.png\",\"width\":3375,\"height\":4219,\"caption\":\"Pirrion wellness boutique hotel\"},\"image\":{\"@id\":\"https:\/\/www.pirrion.gr\/de\/#\/schema\/logo\/image\/\"},\"sameAs\":[\"https:\/\/www.facebook.com\/PirrionHotelSweetHospitality\/\",\"https:\/\/www.instagram.com\/pirrion_wellness_boutiquehotel\/?hl=en\"]}]}<\/script>\n<!-- \/ Yoast SEO plugin. -->","yoast_head_json":{"title":"Spielzimmer\/ Unterhaltungsraum - Pirrion wellness boutique hotel","description":"Im Unterhaltungsraum k\u00f6nnen Sie bei einem Drink und Ihrer Lieblingsmusik die Zeit mit Billard, Tischlufthockey, Tischtennis und Darts angenehm verbringen.","robots":{"index":"index","follow":"follow","max-snippet":"max-snippet:-1","max-image-preview":"max-image-preview:large","max-video-preview":"max-video-preview:-1"},"canonical":"https:\/\/www.pirrion.gr\/de\/spielzimmer-unterhaltungsraum\/","og_locale":"de_DE","og_type":"article","og_title":"Spielzimmer\/ Unterhaltungsraum - Pirrion wellness boutique hotel","og_description":"Im Unterhaltungsraum k\u00f6nnen Sie bei einem Drink und Ihrer Lieblingsmusik die Zeit mit Billard, Tischlufthockey, Tischtennis und Darts angenehm verbringen.","og_url":"https:\/\/www.pirrion.gr\/de\/spielzimmer-unterhaltungsraum\/","og_site_name":"Pirrion wellness boutique hotel","article_publisher":"https:\/\/www.facebook.com\/PirrionHotelSweetHospitality\/","article_modified_time":"2020-11-23T13:56:20+00:00","og_image":[{"width":1920,"height":1280,"url":"https:\/\/www.pirrion.gr\/wp-content\/uploads\/psyhagogia_0678.jpg","type":"image\/jpeg"}],"twitter_card":"summary_large_image","twitter_misc":{"Gesch\u00e4tzte Lesezeit":"2\u00a0Minuten"},"schema":{"@context":"https:\/\/schema.org","@graph":[{"@type":"WebPage","@id":"https:\/\/www.pirrion.gr\/de\/spielzimmer-unterhaltungsraum\/","url":"https:\/\/www.pirrion.gr\/de\/spielzimmer-unterhaltungsraum\/","name":"Spielzimmer\/ Unterhaltungsraum - Pirrion wellness boutique hotel","isPartOf":{"@id":"https:\/\/www.pirrion.gr\/de\/#website"},"primaryImageOfPage":{"@id":"https:\/\/www.pirrion.gr\/de\/spielzimmer-unterhaltungsraum\/#primaryimage"},"image":{"@id":"https:\/\/www.pirrion.gr\/de\/spielzimmer-unterhaltungsraum\/#primaryimage"},"thumbnailUrl":"https:\/\/www.pirrion.gr\/wp-content\/uploads\/psyhagogia_0678.jpg","datePublished":"2019-07-07T19:39:25+00:00","dateModified":"2020-11-23T13:56:20+00:00","description":"Im Unterhaltungsraum k\u00f6nnen Sie bei einem Drink und Ihrer Lieblingsmusik die Zeit mit Billard, Tischlufthockey, Tischtennis und Darts angenehm verbringen.","breadcrumb":{"@id":"https:\/\/www.pirrion.gr\/de\/spielzimmer-unterhaltungsraum\/#breadcrumb"},"inLanguage":"de","potentialAction":[{"@type":"ReadAction","target":["https:\/\/www.pirrion.gr\/de\/spielzimmer-unterhaltungsraum\/"]}]},{"@type":"ImageObject","inLanguage":"de","@id":"https:\/\/www.pirrion.gr\/de\/spielzimmer-unterhaltungsraum\/#primaryimage","url":"https:\/\/www.pirrion.gr\/wp-content\/uploads\/psyhagogia_0678.jpg","contentUrl":"https:\/\/www.pirrion.gr\/wp-content\/uploads\/psyhagogia_0678.jpg","width":1920,"height":1280,"caption":"Spielzimmer\/ Unterhaltungsraum - Pirrion Sweet Hospitality"},{"@type":"BreadcrumbList","@id":"https:\/\/www.pirrion.gr\/de\/spielzimmer-unterhaltungsraum\/#breadcrumb","itemListElement":[{"@type":"ListItem","position":1,"name":"Home","item":"https:\/\/www.pirrion.gr\/de\/"},{"@type":"ListItem","position":2,"name":"Spielzimmer\/ Unterhaltungsraum"}]},{"@type":"WebSite","@id":"https:\/\/www.pirrion.gr\/de\/#website","url":"https:\/\/www.pirrion.gr\/de\/","name":"Pirrion wellness boutique hotel","description":"","publisher":{"@id":"https:\/\/www.pirrion.gr\/de\/#organization"},"potentialAction":[{"@type":"SearchAction","target":{"@type":"EntryPoint","urlTemplate":"https:\/\/www.pirrion.gr\/de\/?s={search_term_string}"},"query-input":{"@type":"PropertyValueSpecification","valueRequired":true,"valueName":"search_term_string"}}],"inLanguage":"de"},{"@type":"Organization","@id":"https:\/\/www.pirrion.gr\/de\/#organization","name":"Pirrion wellness boutique hotel","url":"https:\/\/www.pirrion.gr\/de\/","logo":{"@type":"ImageObject","inLanguage":"de","@id":"https:\/\/www.pirrion.gr\/de\/#\/schema\/logo\/image\/","url":"https:\/\/www.pirrion.gr\/wp-content\/uploads\/Untitled-design.png","contentUrl":"https:\/\/www.pirrion.gr\/wp-content\/uploads\/Untitled-design.png","width":3375,"height":4219,"caption":"Pirrion wellness boutique hotel"},"image":{"@id":"https:\/\/www.pirrion.gr\/de\/#\/schema\/logo\/image\/"},"sameAs":["https:\/\/www.facebook.com\/PirrionHotelSweetHospitality\/","https:\/\/www.instagram.com\/pirrion_wellness_boutiquehotel\/?hl=en"]}]}},"_links":{"self":[{"href":"https:\/\/www.pirrion.gr\/de\/wp-json\/wp\/v2\/pages\/9416","targetHints":{"allow":["GET"]}}],"collection":[{"href":"https:\/\/www.pirrion.gr\/de\/wp-json\/wp\/v2\/pages"}],"about":[{"href":"https:\/\/www.pirrion.gr\/de\/wp-json\/wp\/v2\/types\/page"}],"author":[{"embeddable":true,"href":"https:\/\/www.pirrion.gr\/de\/wp-json\/wp\/v2\/users\/1"}],"replies":[{"embeddable":true,"href":"https:\/\/www.pirrion.gr\/de\/wp-json\/wp\/v2\/comments?post=9416"}],"version-history":[{"count":3,"href":"https:\/\/www.pirrion.gr\/de\/wp-json\/wp\/v2\/pages\/9416\/revisions"}],"predecessor-version":[{"id":11229,"href":"https:\/\/www.pirrion.gr\/de\/wp-json\/wp\/v2\/pages\/9416\/revisions\/11229"}],"wp:featuredmedia":[{"embeddable":true,"href":"https:\/\/www.pirrion.gr\/de\/wp-json\/wp\/v2\/media\/9434"}],"wp:attachment":[{"href":"https:\/\/www.pirrion.gr\/de\/wp-json\/wp\/v2\/media?parent=9416"}],"curies":[{"name":"wp","href":"https:\/\/api.w.org\/{rel}","templated":true}]}}